{"id":2411,"date":"2020-09-14T09:20:50","date_gmt":"2020-09-14T12:20:50","guid":{"rendered":"https:\/\/terracelodge.com\/hotel-in-putre\/"},"modified":"2021-12-29T21:31:07","modified_gmt":"2021-12-30T00:31:07","slug":"unsere-lodge","status":"publish","type":"page","link":"https:\/\/terracelodge.com\/de\/unsere-lodge\/","title":{"rendered":"Unsere Lodge"},"content":{"rendered":"\t\t<div data-elementor-type=\"wp-page\" data-elementor-id=\"2411\" class=\"elementor elementor-2411 elementor-1654\">\n\t\t\t\t\t\t<section class=\"elementor-section elementor-top-section elementor-element elementor-element-54a6210 elementor-section-boxed elementor-section-height-default elementor-section-height-default\" data-id=\"54a6210\" data-element_type=\"section\">\n\t\t\t\t\t\t<div class=\"elementor-container elementor-column-gap-default\">\n\t\t\t\t\t<div class=\"elementor-column elementor-col-100 elementor-top-column elementor-element elementor-element-5cbc588\" data-id=\"5cbc588\" data-element_type=\"column\">\n\t\t\t<div class=\"elementor-widget-wrap elementor-element-populated\">\n\t\t\t\t\t\t<div class=\"elementor-element elementor-element-c8b6478 elementor-widget elementor-widget-heading\" data-id=\"c8b6478\" data-element_type=\"widget\" data-widget_type=\"heading.default\">\n\t\t\t\t<div class=\"elementor-widget-container\">\n\t\t\t\t\t<h2 class=\"elementor-heading-title elementor-size-default\">Unsere Lodge<\/h2>\t\t\t\t<\/div>\n\t\t\t\t<\/div>\n\t\t\t\t<div class=\"elementor-element elementor-element-8b3c3e3 elementor-widget elementor-widget-text-editor\" data-id=\"8b3c3e3\" data-element_type=\"widget\" data-widget_type=\"text-editor.default\">\n\t\t\t\t<div class=\"elementor-widget-container\">\n\t\t\t\t\t\t\t\t\t<p><span style=\"font-family: 'Source Sans Pro';\"><strong>Terrace Lodge<\/strong> liegt in dem Dorf <strong>Putre<\/strong>, etwa 3.500m \u00fcber dem Meeresspiegel. Der kleine Ort ist die Hauptstadt der <strong>Provinz Arica und Parinacota<\/strong>. Putre ist der Eingang zum Nationalpark Lauca, einem weltweit anerkannten Biosph\u00e4renreservat. Mit ihrem sch\u00f6nen Garten und dem unvergleichlichen Ausblick auf die schneebedeckten Berge und Vulkane bietet die Lodge ein ruhiges, geheimnisvolles Ambiente. Die Zimmer sind einfach aber gem\u00fctlich eingerichtet, mit einem rustikalen und dennoch eleganten Charme. Die Dekoration ist inspiriert durch die lokale <strong>Aymara-Kultur<\/strong> und alte Traditionen. Jedes Zimmer verf\u00fcgt \u00fcber ein eigenes Bad, Garten- und Bergblick.<\/span><\/p>\n<p><span style=\"font-family: 'Source Sans Pro';\">Terrace Lodge bietet alle notwendigen Annehmlichkeiten, um Ihnen einen entspannten Aufenthalt im <strong>Altiplano<\/strong> zu erm\u00f6glichen. Erleben Sie die Gastfreundschaft und Ruhe des Hochlandes auf mehr als 3.000m \u00fcber dem Meeresspiegel.<\/span><\/p>\n\t\t\t\t\t\t\t\t<\/div>\n\t\t\t\t<\/div>\n\t\t\t\t<div class=\"elementor-element elementor-element-86d5645 elementor-widget elementor-widget-image\" data-id=\"86d5645\" data-element_type=\"widget\" data-widget_type=\"image.default\">\n\t\t\t\t<div class=\"elementor-widget-container\">\n\t\t\t\t\t\t\t\t\t\t\t\t\t\t\t<img fetchpriority=\"high\" decoding=\"async\" width=\"1200\" height=\"704\" src=\"https:\/\/terracelodge.com\/wp-content\/uploads\/2020\/09\/hotel-terrace-lodge-putre-chile.jpg\" class=\"attachment-full size-full wp-image-3298\" alt=\"\" srcset=\"https:\/\/terracelodge.com\/wp-content\/uploads\/2020\/09\/hotel-terrace-lodge-putre-chile.jpg 1200w, https:\/\/terracelodge.com\/wp-content\/uploads\/2020\/09\/hotel-terrace-lodge-putre-chile-300x176.jpg 300w, https:\/\/terracelodge.com\/wp-content\/uploads\/2020\/09\/hotel-terrace-lodge-putre-chile-1024x601.jpg 1024w, https:\/\/terracelodge.com\/wp-content\/uploads\/2020\/09\/hotel-terrace-lodge-putre-chile-768x451.jpg 768w, https:\/\/terracelodge.com\/wp-content\/uploads\/2020\/09\/hotel-terrace-lodge-putre-chile-405x238.jpg 405w\" sizes=\"(max-width: 1200px) 100vw, 1200px\" \/>\t\t\t\t\t\t\t\t\t\t\t\t\t\t\t<\/div>\n\t\t\t\t<\/div>\n\t\t\t\t<div class=\"elementor-element elementor-element-181058b elementor-widget elementor-widget-heading\" data-id=\"181058b\" data-element_type=\"widget\" data-widget_type=\"heading.default\">\n\t\t\t\t<div class=\"elementor-widget-container\">\n\t\t\t\t\t<h2 class=\"elementor-heading-title elementor-size-default\">\u00dcber uns<\/h2>\t\t\t\t<\/div>\n\t\t\t\t<\/div>\n\t\t\t\t<div class=\"elementor-element elementor-element-4cbcc9b elementor-widget elementor-widget-text-editor\" data-id=\"4cbcc9b\" data-element_type=\"widget\" data-widget_type=\"text-editor.default\">\n\t\t\t\t<div class=\"elementor-widget-container\">\n\t\t\t\t\t\t\t\t\t<p><span style=\"font-family: 'Source Sans Pro';\">Uns ist das Wohlbefinden unserer G\u00e4ste sehr wichtig. Deshalb bem\u00fchen wir uns stets um eine hohe Servicequalit\u00e4t, eine gem\u00fctliche Einrichtung und die pers\u00f6nliche Betreuung eines jeden Reisenden. Unser Ziel ist es, Ihnen einen sch\u00f6nen Aufenthalt zu erm\u00f6glichen und Ihnen gleichzeitig die Aymara-Kultur n\u00e4her zu bringen. Unser gesamtes Personal stammt aus dem <strong>Altiplano<\/strong> und wir sind stolz, dass wir unseren G\u00e4sten die Vielfalt, Br\u00e4uche und Traditionen unserer eigenen hochandinen Kultur aus erster Hand zeigen k\u00f6nnen.<\/span><\/p>\n<p><span style=\"font-family: 'Source Sans Pro';\">Terrace Lodge steht f\u00fcr Aymara-Kultur, f\u00fcr eine Vielzahl an Reisem\u00f6glichkeiten, f\u00fcr <strong>chilenische Gastfreundschaft<\/strong>, f\u00fcr den Eingang zum Hochland und die Magie des <strong>Altiplano um Putre<\/strong>.<\/span><\/p>\n\t\t\t\t\t\t\t\t<\/div>\n\t\t\t\t<\/div>\n\t\t\t\t\t<\/div>\n\t\t<\/div>\n\t\t\t\t\t<\/div>\n\t\t<\/section>\n\t\t\t\t<section class=\"elementor-section elementor-top-section elementor-element elementor-element-3896559 elementor-section-boxed elementor-section-height-default elementor-section-height-default\" data-id=\"3896559\" data-element_type=\"section\">\n\t\t\t\t\t\t<div class=\"elementor-container elementor-column-gap-default\">\n\t\t\t\t\t<div class=\"elementor-column elementor-col-100 elementor-top-column elementor-element elementor-element-aea93ec\" data-id=\"aea93ec\" data-element_type=\"column\">\n\t\t\t<div class=\"elementor-widget-wrap elementor-element-populated\">\n\t\t\t\t\t\t<div class=\"elementor-element elementor-element-5980e19 elementor-widget elementor-widget-image\" data-id=\"5980e19\" data-element_type=\"widget\" data-widget_type=\"image.default\">\n\t\t\t\t<div class=\"elementor-widget-container\">\n\t\t\t\t\t\t\t\t\t\t\t\t\t\t\t<img decoding=\"async\" width=\"768\" height=\"512\" src=\"https:\/\/terracelodge.com\/wp-content\/uploads\/2021\/12\/1.About-Us-1024x683.jpg\" class=\"attachment-large size-large wp-image-4646\" alt=\"Hotel Terrace Lodge Putre Altiplano Norte de Chile Turismo Sustentable\" srcset=\"https:\/\/terracelodge.com\/wp-content\/uploads\/2021\/12\/1.About-Us-1024x683.jpg 1024w, https:\/\/terracelodge.com\/wp-content\/uploads\/2021\/12\/1.About-Us-300x200.jpg 300w, https:\/\/terracelodge.com\/wp-content\/uploads\/2021\/12\/1.About-Us-768x512.jpg 768w, https:\/\/terracelodge.com\/wp-content\/uploads\/2021\/12\/1.About-Us.jpg 1440w\" sizes=\"(max-width: 768px) 100vw, 768px\" \/>\t\t\t\t\t\t\t\t\t\t\t\t\t\t\t<\/div>\n\t\t\t\t<\/div>\n\t\t\t\t\t<\/div>\n\t\t<\/div>\n\t\t\t\t\t<\/div>\n\t\t<\/section>\n\t\t\t\t<section class=\"elementor-section elementor-top-section elementor-element elementor-element-27ef419 elementor-section-boxed elementor-section-height-default elementor-section-height-default\" data-id=\"27ef419\" data-element_type=\"section\" data-settings=\"{&quot;background_background&quot;:&quot;classic&quot;}\">\n\t\t\t\t\t\t<div class=\"elementor-container elementor-column-gap-wide\">\n\t\t\t\t\t<div class=\"elementor-column elementor-col-100 elementor-top-column elementor-element elementor-element-2b43637\" data-id=\"2b43637\" data-element_type=\"column\">\n\t\t\t<div class=\"elementor-widget-wrap elementor-element-populated\">\n\t\t\t\t\t\t<div class=\"elementor-element elementor-element-856a771 elementor-widget elementor-widget-heading\" data-id=\"856a771\" data-element_type=\"widget\" data-widget_type=\"heading.default\">\n\t\t\t\t<div class=\"elementor-widget-container\">\n\t\t\t\t\t<h1 class=\"elementor-heading-title elementor-size-default\">Foto- und Videogalerie<\/h1>\t\t\t\t<\/div>\n\t\t\t\t<\/div>\n\t\t\t\t<div class=\"elementor-element elementor-element-alpenhouse-portfolio elementor-widget__width-inherit elementor-widget elementor-widget-portfolio\" data-id=\"alpenhouse-portfolio\" data-element_type=\"widget\" data-widget_type=\"portfolio.default\">\n\t\t\t\t<div class=\"elementor-widget-container\">\n\t\t\t\t\t \t\t\t\t<\/div>\n\t\t\t\t<\/div>\n\t\t\t\t\t<\/div>\n\t\t<\/div>\n\t\t\t\t\t<\/div>\n\t\t<\/section>\n\t\t\t\t<\/div>\n\t\t","protected":false},"excerpt":{"rendered":"<p>Unsere Lodge Terrace Lodge liegt in dem Dorf Putre, etwa 3.500m \u00fcber dem Meeresspiegel. Der kleine Ort ist die Hauptstadt der Provinz Arica und Parinacota. Putre ist der Eingang zum Nationalpark Lauca, einem weltweit anerkannten Biosph\u00e4renreservat. Mit ihrem sch\u00f6nen Garten und dem unvergleichlichen Ausblick auf die schneebedeckten Berge und Vulkane bietet die Lodge ein ruhiges, [&hellip;]<\/p>\n","protected":false},"author":1,"featured_media":0,"parent":0,"menu_order":0,"comment_status":"closed","ping_status":"closed","template":"template-no-sidebar.php","meta":{"_joinchat":[],"footnotes":""},"class_list":["post-2411","page","type-page","status-publish","hentry"],"yoast_head":"<!-- This site is optimized with the Yoast SEO plugin v26.9 - https:\/\/yoast.com\/product\/yoast-seo-wordpress\/ -->\n<title>Unsere Lodge | Terrace Lodge<\/title>\n<meta name=\"description\" content=\"Uns ist das Wohlbefinden unserer G\u00e4ste sehr wichtig. Deshalb bem\u00fchen wir uns stets um eine hohe Servicequalit\u00e4t, eine gem\u00fctliche Einrichtung und die pers\u00f6nliche Betreuung eines jeden Reisenden.\" \/>\n<meta name=\"robots\" content=\"index, follow, max-snippet:-1, max-image-preview:large, max-video-preview:-1\" \/>\n<link rel=\"canonical\" href=\"https:\/\/terracelodge.com\/de\/unsere-lodge\/\" \/>\n<meta property=\"og:locale\" content=\"de_DE\" \/>\n<meta property=\"og:type\" content=\"article\" \/>\n<meta property=\"og:title\" content=\"Unsere Lodge | Terrace Lodge\" \/>\n<meta property=\"og:description\" content=\"Uns ist das Wohlbefinden unserer G\u00e4ste sehr wichtig. Deshalb bem\u00fchen wir uns stets um eine hohe Servicequalit\u00e4t, eine gem\u00fctliche Einrichtung und die pers\u00f6nliche Betreuung eines jeden Reisenden.\" \/>\n<meta property=\"og:url\" content=\"https:\/\/terracelodge.com\/de\/unsere-lodge\/\" \/>\n<meta property=\"og:site_name\" content=\"Terrace Lodge\" \/>\n<meta property=\"article:publisher\" content=\"https:\/\/www.facebook.com\/terracelodgeputre\/\" \/>\n<meta property=\"article:modified_time\" content=\"2021-12-30T00:31:07+00:00\" \/>\n<meta property=\"og:image\" content=\"https:\/\/terracelodge.com\/wp-content\/uploads\/2020\/09\/hotel-terrace-lodge-putre-chile.jpg\" \/>\n<meta name=\"twitter:card\" content=\"summary_large_image\" \/>\n<meta name=\"twitter:label1\" content=\"Gesch\u00e4tzte Lesezeit\" \/>\n\t<meta name=\"twitter:data1\" content=\"5\u00a0Minuten\" \/>\n<script type=\"application\/ld+json\" class=\"yoast-schema-graph\">{\"@context\":\"https:\/\/schema.org\",\"@graph\":[{\"@type\":\"WebPage\",\"@id\":\"https:\/\/terracelodge.com\/de\/unsere-lodge\/\",\"url\":\"https:\/\/terracelodge.com\/de\/unsere-lodge\/\",\"name\":\"Unsere Lodge | Terrace Lodge\",\"isPartOf\":{\"@id\":\"https:\/\/terracelodge.com\/de\/#website\"},\"primaryImageOfPage\":{\"@id\":\"https:\/\/terracelodge.com\/de\/unsere-lodge\/#primaryimage\"},\"image\":{\"@id\":\"https:\/\/terracelodge.com\/de\/unsere-lodge\/#primaryimage\"},\"thumbnailUrl\":\"https:\/\/terracelodge.com\/wp-content\/uploads\/2020\/09\/hotel-terrace-lodge-putre-chile.jpg\",\"datePublished\":\"2020-09-14T12:20:50+00:00\",\"dateModified\":\"2021-12-30T00:31:07+00:00\",\"description\":\"Uns ist das Wohlbefinden unserer G\u00e4ste sehr wichtig. Deshalb bem\u00fchen wir uns stets um eine hohe Servicequalit\u00e4t, eine gem\u00fctliche Einrichtung und die pers\u00f6nliche Betreuung eines jeden Reisenden.\",\"breadcrumb\":{\"@id\":\"https:\/\/terracelodge.com\/de\/unsere-lodge\/#breadcrumb\"},\"inLanguage\":\"de\",\"potentialAction\":[{\"@type\":\"ReadAction\",\"target\":[\"https:\/\/terracelodge.com\/de\/unsere-lodge\/\"]}]},{\"@type\":\"ImageObject\",\"inLanguage\":\"de\",\"@id\":\"https:\/\/terracelodge.com\/de\/unsere-lodge\/#primaryimage\",\"url\":\"https:\/\/terracelodge.com\/wp-content\/uploads\/2020\/09\/hotel-terrace-lodge-putre-chile.jpg\",\"contentUrl\":\"https:\/\/terracelodge.com\/wp-content\/uploads\/2020\/09\/hotel-terrace-lodge-putre-chile.jpg\"},{\"@type\":\"BreadcrumbList\",\"@id\":\"https:\/\/terracelodge.com\/de\/unsere-lodge\/#breadcrumb\",\"itemListElement\":[{\"@type\":\"ListItem\",\"position\":1,\"name\":\"Portada\",\"item\":\"https:\/\/terracelodge.com\/de\/\"},{\"@type\":\"ListItem\",\"position\":2,\"name\":\"Unsere Lodge\"}]},{\"@type\":\"WebSite\",\"@id\":\"https:\/\/terracelodge.com\/de\/#website\",\"url\":\"https:\/\/terracelodge.com\/de\/\",\"name\":\"Terrace Lodge\",\"description\":\"Hotel Putre\",\"publisher\":{\"@id\":\"https:\/\/terracelodge.com\/de\/#organization\"},\"potentialAction\":[{\"@type\":\"SearchAction\",\"target\":{\"@type\":\"EntryPoint\",\"urlTemplate\":\"https:\/\/terracelodge.com\/de\/?s={search_term_string}\"},\"query-input\":{\"@type\":\"PropertyValueSpecification\",\"valueRequired\":true,\"valueName\":\"search_term_string\"}}],\"inLanguage\":\"de\"},{\"@type\":\"Organization\",\"@id\":\"https:\/\/terracelodge.com\/de\/#organization\",\"name\":\"Terrace Lodge\",\"url\":\"https:\/\/terracelodge.com\/de\/\",\"logo\":{\"@type\":\"ImageObject\",\"inLanguage\":\"de\",\"@id\":\"https:\/\/terracelodge.com\/de\/#\/schema\/logo\/image\/\",\"url\":\"https:\/\/terracelodge.com\/wp-content\/uploads\/2020\/09\/cropped-logo-terrace-1.png\",\"contentUrl\":\"https:\/\/terracelodge.com\/wp-content\/uploads\/2020\/09\/cropped-logo-terrace-1.png\",\"width\":221,\"height\":50,\"caption\":\"Terrace Lodge\"},\"image\":{\"@id\":\"https:\/\/terracelodge.com\/de\/#\/schema\/logo\/image\/\"},\"sameAs\":[\"https:\/\/www.facebook.com\/terracelodgeputre\/\",\"https:\/\/www.instagram.com\/terracelodgeputre\/\",\"https:\/\/www.youtube.com\/channel\/UC2B3fyd0obC0sPFAQIfJI_A\"]}]}<\/script>\n<!-- \/ Yoast SEO plugin. -->","yoast_head_json":{"title":"Unsere Lodge | Terrace Lodge","description":"Uns ist das Wohlbefinden unserer G\u00e4ste sehr wichtig. Deshalb bem\u00fchen wir uns stets um eine hohe Servicequalit\u00e4t, eine gem\u00fctliche Einrichtung und die pers\u00f6nliche Betreuung eines jeden Reisenden.","robots":{"index":"index","follow":"follow","max-snippet":"max-snippet:-1","max-image-preview":"max-image-preview:large","max-video-preview":"max-video-preview:-1"},"canonical":"https:\/\/terracelodge.com\/de\/unsere-lodge\/","og_locale":"de_DE","og_type":"article","og_title":"Unsere Lodge | Terrace Lodge","og_description":"Uns ist das Wohlbefinden unserer G\u00e4ste sehr wichtig. Deshalb bem\u00fchen wir uns stets um eine hohe Servicequalit\u00e4t, eine gem\u00fctliche Einrichtung und die pers\u00f6nliche Betreuung eines jeden Reisenden.","og_url":"https:\/\/terracelodge.com\/de\/unsere-lodge\/","og_site_name":"Terrace Lodge","article_publisher":"https:\/\/www.facebook.com\/terracelodgeputre\/","article_modified_time":"2021-12-30T00:31:07+00:00","og_image":[{"url":"https:\/\/terracelodge.com\/wp-content\/uploads\/2020\/09\/hotel-terrace-lodge-putre-chile.jpg","type":"","width":"","height":""}],"twitter_card":"summary_large_image","twitter_misc":{"Gesch\u00e4tzte Lesezeit":"5\u00a0Minuten"},"schema":{"@context":"https:\/\/schema.org","@graph":[{"@type":"WebPage","@id":"https:\/\/terracelodge.com\/de\/unsere-lodge\/","url":"https:\/\/terracelodge.com\/de\/unsere-lodge\/","name":"Unsere Lodge | Terrace Lodge","isPartOf":{"@id":"https:\/\/terracelodge.com\/de\/#website"},"primaryImageOfPage":{"@id":"https:\/\/terracelodge.com\/de\/unsere-lodge\/#primaryimage"},"image":{"@id":"https:\/\/terracelodge.com\/de\/unsere-lodge\/#primaryimage"},"thumbnailUrl":"https:\/\/terracelodge.com\/wp-content\/uploads\/2020\/09\/hotel-terrace-lodge-putre-chile.jpg","datePublished":"2020-09-14T12:20:50+00:00","dateModified":"2021-12-30T00:31:07+00:00","description":"Uns ist das Wohlbefinden unserer G\u00e4ste sehr wichtig. Deshalb bem\u00fchen wir uns stets um eine hohe Servicequalit\u00e4t, eine gem\u00fctliche Einrichtung und die pers\u00f6nliche Betreuung eines jeden Reisenden.","breadcrumb":{"@id":"https:\/\/terracelodge.com\/de\/unsere-lodge\/#breadcrumb"},"inLanguage":"de","potentialAction":[{"@type":"ReadAction","target":["https:\/\/terracelodge.com\/de\/unsere-lodge\/"]}]},{"@type":"ImageObject","inLanguage":"de","@id":"https:\/\/terracelodge.com\/de\/unsere-lodge\/#primaryimage","url":"https:\/\/terracelodge.com\/wp-content\/uploads\/2020\/09\/hotel-terrace-lodge-putre-chile.jpg","contentUrl":"https:\/\/terracelodge.com\/wp-content\/uploads\/2020\/09\/hotel-terrace-lodge-putre-chile.jpg"},{"@type":"BreadcrumbList","@id":"https:\/\/terracelodge.com\/de\/unsere-lodge\/#breadcrumb","itemListElement":[{"@type":"ListItem","position":1,"name":"Portada","item":"https:\/\/terracelodge.com\/de\/"},{"@type":"ListItem","position":2,"name":"Unsere Lodge"}]},{"@type":"WebSite","@id":"https:\/\/terracelodge.com\/de\/#website","url":"https:\/\/terracelodge.com\/de\/","name":"Terrace Lodge","description":"Hotel Putre","publisher":{"@id":"https:\/\/terracelodge.com\/de\/#organization"},"potentialAction":[{"@type":"SearchAction","target":{"@type":"EntryPoint","urlTemplate":"https:\/\/terracelodge.com\/de\/?s={search_term_string}"},"query-input":{"@type":"PropertyValueSpecification","valueRequired":true,"valueName":"search_term_string"}}],"inLanguage":"de"},{"@type":"Organization","@id":"https:\/\/terracelodge.com\/de\/#organization","name":"Terrace Lodge","url":"https:\/\/terracelodge.com\/de\/","logo":{"@type":"ImageObject","inLanguage":"de","@id":"https:\/\/terracelodge.com\/de\/#\/schema\/logo\/image\/","url":"https:\/\/terracelodge.com\/wp-content\/uploads\/2020\/09\/cropped-logo-terrace-1.png","contentUrl":"https:\/\/terracelodge.com\/wp-content\/uploads\/2020\/09\/cropped-logo-terrace-1.png","width":221,"height":50,"caption":"Terrace Lodge"},"image":{"@id":"https:\/\/terracelodge.com\/de\/#\/schema\/logo\/image\/"},"sameAs":["https:\/\/www.facebook.com\/terracelodgeputre\/","https:\/\/www.instagram.com\/terracelodgeputre\/","https:\/\/www.youtube.com\/channel\/UC2B3fyd0obC0sPFAQIfJI_A"]}]}},"_links":{"self":[{"href":"https:\/\/terracelodge.com\/de\/wp-json\/wp\/v2\/pages\/2411","targetHints":{"allow":["GET"]}}],"collection":[{"href":"https:\/\/terracelodge.com\/de\/wp-json\/wp\/v2\/pages"}],"about":[{"href":"https:\/\/terracelodge.com\/de\/wp-json\/wp\/v2\/types\/page"}],"author":[{"embeddable":true,"href":"https:\/\/terracelodge.com\/de\/wp-json\/wp\/v2\/users\/1"}],"replies":[{"embeddable":true,"href":"https:\/\/terracelodge.com\/de\/wp-json\/wp\/v2\/comments?post=2411"}],"version-history":[{"count":5,"href":"https:\/\/terracelodge.com\/de\/wp-json\/wp\/v2\/pages\/2411\/revisions"}],"predecessor-version":[{"id":4891,"href":"https:\/\/terracelodge.com\/de\/wp-json\/wp\/v2\/pages\/2411\/revisions\/4891"}],"wp:attachment":[{"href":"https:\/\/terracelodge.com\/de\/wp-json\/wp\/v2\/media?parent=2411"}],"curies":[{"name":"wp","href":"https:\/\/api.w.org\/{rel}","templated":true}]}}