{"id":2883,"date":"2020-09-08T22:59:13","date_gmt":"2020-09-08T22:59:13","guid":{"rendered":"https:\/\/terracelodge.com\/responsible-tourism-in-putre\/"},"modified":"2020-10-13T14:51:41","modified_gmt":"2020-10-13T17:51:41","slug":"verantwortungsvoller-tourismus-in-putre","status":"publish","type":"page","link":"https:\/\/terracelodge.com\/de\/verantwortungsvoller-tourismus-in-putre\/","title":{"rendered":"Verantwortungsvoller Tourismus In Putre"},"content":{"rendered":"\t\t<div data-elementor-type=\"wp-page\" data-elementor-id=\"2883\" class=\"elementor elementor-2883 elementor-990\">\n\t\t\t\t\t\t<section class=\"elementor-section elementor-top-section elementor-element elementor-element-be898be elementor-section-boxed elementor-section-height-default elementor-section-height-default\" data-id=\"be898be\" data-element_type=\"section\">\n\t\t\t\t\t\t<div class=\"elementor-container elementor-column-gap-default\">\n\t\t\t\t\t<div class=\"elementor-column elementor-col-100 elementor-top-column elementor-element elementor-element-dc51492\" data-id=\"dc51492\" data-element_type=\"column\">\n\t\t\t<div class=\"elementor-widget-wrap elementor-element-populated\">\n\t\t\t\t\t\t<div class=\"elementor-element elementor-element-6f8dd81 elementor-widget elementor-widget-text-editor\" data-id=\"6f8dd81\" data-element_type=\"widget\" data-widget_type=\"text-editor.default\">\n\t\t\t\t<div class=\"elementor-widget-container\">\n\t\t\t\t\t\t\t\t\t<p><span style=\"font-family: 'Source Sans Pro';\">Die Definition von verantwortungsvollem Tourismus besch\u00e4ftig sich mit der Entwicklung und Anwendung von Management-Tools, die den negativen Einfluss von touristischen Aktivit\u00e4ten auf die Umwelt minimieren und gleichzeitig den positiven Effekt f\u00fcr die lokale Bev\u00f6lkerung maximieren. Zu diesen Werkzeugen geh\u00f6ren: Zertifikate f\u00fcr Unternehmen, die gewisse soziale, wirtschaftliche und\/oder \u00f6kologische Kriterien erf\u00fcllen; unternehmerische Sozialverantwortung in Theorie und Praxis; die Umsetzung ethischer Prinzipien; oder die Entwicklung von nachhaltigen Tourismusmodellen.<\/span><\/p><p><span style=\"font-family: 'Source Sans Pro';\">Die Kapstadt-Deklaration (2002) formuliert die grundlegende Idee von verantwortungsvollem Tourismus und wird vom Zentrum f\u00fcr Verantwortungsvollen Tourismus der Metropolitan University of Leeds betreut.<\/span><\/p>\t\t\t\t\t\t\t\t<\/div>\n\t\t\t\t<\/div>\n\t\t\t\t<div class=\"elementor-element elementor-element-6afe8f2 elementor-widget elementor-widget-image\" data-id=\"6afe8f2\" data-element_type=\"widget\" data-widget_type=\"image.default\">\n\t\t\t\t<div class=\"elementor-widget-container\">\n\t\t\t\t\t\t\t\t\t\t\t\t\t\t\t<img fetchpriority=\"high\" decoding=\"async\" width=\"768\" height=\"512\" src=\"https:\/\/terracelodge.com\/wp-content\/uploads\/2020\/09\/terrace-lodge-2-1024x683.jpg\" class=\"attachment-large size-large wp-image-1617\" alt=\"Responsible Tourism in Putre | Terrace Lodge &amp; Tours, Putre, Arica y Parinacota, Chile\" srcset=\"https:\/\/terracelodge.com\/wp-content\/uploads\/2020\/09\/terrace-lodge-2-1024x683.jpg 1024w, https:\/\/terracelodge.com\/wp-content\/uploads\/2020\/09\/terrace-lodge-2-300x200.jpg 300w, https:\/\/terracelodge.com\/wp-content\/uploads\/2020\/09\/terrace-lodge-2-768x512.jpg 768w, https:\/\/terracelodge.com\/wp-content\/uploads\/2020\/09\/terrace-lodge-2-405x270.jpg 405w, https:\/\/terracelodge.com\/wp-content\/uploads\/2020\/09\/terrace-lodge-2.jpg 1200w\" sizes=\"(max-width: 768px) 100vw, 768px\" \/>\t\t\t\t\t\t\t\t\t\t\t\t\t\t\t<\/div>\n\t\t\t\t<\/div>\n\t\t\t\t\t<\/div>\n\t\t<\/div>\n\t\t\t\t\t<\/div>\n\t\t<\/section>\n\t\t\t\t<section class=\"elementor-section elementor-top-section elementor-element elementor-element-55697f2 elementor-section-boxed elementor-section-height-default elementor-section-height-default\" data-id=\"55697f2\" data-element_type=\"section\">\n\t\t\t\t\t\t<div class=\"elementor-container elementor-column-gap-default\">\n\t\t\t\t\t<div class=\"elementor-column elementor-col-100 elementor-top-column elementor-element elementor-element-1c3485e\" data-id=\"1c3485e\" data-element_type=\"column\">\n\t\t\t<div class=\"elementor-widget-wrap elementor-element-populated\">\n\t\t\t\t\t\t<div class=\"elementor-element elementor-element-bee835e elementor-widget elementor-widget-heading\" data-id=\"bee835e\" data-element_type=\"widget\" data-widget_type=\"heading.default\">\n\t\t\t\t<div class=\"elementor-widget-container\">\n\t\t\t\t\t<h2 class=\"elementor-heading-title elementor-size-default\">Nachhaltige Praktiken<\/h2>\t\t\t\t<\/div>\n\t\t\t\t<\/div>\n\t\t\t\t<div class=\"elementor-element elementor-element-cc97d6d elementor-widget elementor-widget-text-editor\" data-id=\"cc97d6d\" data-element_type=\"widget\" data-widget_type=\"text-editor.default\">\n\t\t\t\t<div class=\"elementor-widget-container\">\n\t\t\t\t\t\t\t\t\t<p><span style=\"font-family: 'Source Sans Pro';\">Wir von <strong>Terrace Lodge<\/strong> besch\u00e4ftigen uns viel mit der sensiblen Umwelt, in der wir leben, und wollen selbst als Ver\u00e4nderer, Verbesserer und nachhaltige Tourismus-Pioniere in Putre fungieren.<\/span><\/p><p><span style=\"font-family: 'Source Sans Pro';\">Deshalb haben wir es uns als Ziel gesetzt, hohe Servicestandards einzuhalten und wichtige Regeln zu setzen. Diese Guidelines begleiten uns bei unserer t\u00e4glichen Arbeit in den Anden und schaffen eine Grundlage, um eine nachhaltige Weiterentwicklung unseres Tourismus zu gew\u00e4hrleisten. Zu den Regeln geh\u00f6ren:<\/span><\/p>\t\t\t\t\t\t\t\t<\/div>\n\t\t\t\t<\/div>\n\t\t\t\t\t<\/div>\n\t\t<\/div>\n\t\t\t\t\t<\/div>\n\t\t<\/section>\n\t\t\t\t<section class=\"elementor-section elementor-top-section elementor-element elementor-element-276244c elementor-section-boxed elementor-section-height-default elementor-section-height-default\" data-id=\"276244c\" data-element_type=\"section\">\n\t\t\t\t\t\t<div class=\"elementor-container elementor-column-gap-default\">\n\t\t\t\t\t<div class=\"elementor-column elementor-col-100 elementor-top-column elementor-element elementor-element-153670d\" data-id=\"153670d\" data-element_type=\"column\">\n\t\t\t<div class=\"elementor-widget-wrap elementor-element-populated\">\n\t\t\t\t\t\t<div class=\"elementor-element elementor-element-67d42ca elementor-widget elementor-widget-text-editor\" data-id=\"67d42ca\" data-element_type=\"widget\" data-widget_type=\"text-editor.default\">\n\t\t\t\t<div class=\"elementor-widget-container\">\n\t\t\t\t\t\t\t\t\t<ul><li style=\"list-style-type: none;\"><ul><li><span style=\"font-family: 'Source Sans Pro';\">Respekt f\u00fcr die lokalen Gemeinden, insbesondere f\u00fcr Einheimische, und Gleichberechtigung bei der Wahl von Angestellten ohne jegliche Diskriminierung.<\/span><\/li><\/ul><\/li><\/ul><ul><li style=\"list-style-type: none;\"><ul><li><span style=\"font-family: 'Source Sans Pro';\">Stimulierung der lokalen Wirtschaft und Bevorzugung von lokalen Anbietern.<\/span><\/li><\/ul><\/li><\/ul><ul><li style=\"list-style-type: none;\"><ul><li><span style=\"font-family: 'Source Sans Pro';\">Effiziente Nutzung von Wasser und Energie zum Schutz der nat\u00fcrlichen Ressourcen sowie eine verantwortungsbewusste Nutzung von \u00fcberwiegend nachhaltigen Materialien.<\/span><\/li><\/ul><\/li><\/ul><ul><li style=\"list-style-type: none;\"><ul><li><span style=\"font-family: 'Source Sans Pro';\">Einsatz gegen jegliche Art von Ausbeutung, insbesondere sexueller Natur oder Ausbeutung von Minderj\u00e4hrigen.<\/span><\/li><\/ul><\/li><\/ul><ul><li style=\"list-style-type: none;\"><ul><li><span style=\"font-family: 'Source Sans Pro';\">Reduzierung von unn\u00f6tigem Abfall und verantwortungsbewusstes Waste Management.<\/span><\/li><li><span style=\"font-family: 'Source Sans Pro';\">Beteiligung an Schutz und Wiederherstellung unserer nat\u00fcrlichen \u00d6kosysteme und der Biodiversit\u00e4t unserer Umwelt.<\/span><\/li><\/ul><\/li><\/ul>\t\t\t\t\t\t\t\t<\/div>\n\t\t\t\t<\/div>\n\t\t\t\t<div class=\"elementor-element elementor-element-3bb2a16 elementor-widget elementor-widget-image\" data-id=\"3bb2a16\" data-element_type=\"widget\" data-widget_type=\"image.default\">\n\t\t\t\t<div class=\"elementor-widget-container\">\n\t\t\t\t\t\t\t\t\t\t\t\t\t\t\t<img decoding=\"async\" width=\"768\" height=\"512\" src=\"https:\/\/terracelodge.com\/wp-content\/uploads\/2020\/09\/1-1024x683.jpg\" class=\"attachment-large size-large wp-image-1474\" alt=\"Hotel Terrace Lodge Putre Altiplano Norte de Chile Turismo Sustentable\" srcset=\"https:\/\/terracelodge.com\/wp-content\/uploads\/2020\/09\/1-1024x683.jpg 1024w, https:\/\/terracelodge.com\/wp-content\/uploads\/2020\/09\/1-300x200.jpg 300w, https:\/\/terracelodge.com\/wp-content\/uploads\/2020\/09\/1-768x512.jpg 768w, https:\/\/terracelodge.com\/wp-content\/uploads\/2020\/09\/1-405x270.jpg 405w, https:\/\/terracelodge.com\/wp-content\/uploads\/2020\/09\/1.jpg 1200w\" sizes=\"(max-width: 768px) 100vw, 768px\" \/>\t\t\t\t\t\t\t\t\t\t\t\t\t\t\t<\/div>\n\t\t\t\t<\/div>\n\t\t\t\t\t<\/div>\n\t\t<\/div>\n\t\t\t\t\t<\/div>\n\t\t<\/section>\n\t\t\t\t<section class=\"elementor-section elementor-top-section elementor-element elementor-element-3e86ff8 elementor-section-boxed elementor-section-height-default elementor-section-height-default\" data-id=\"3e86ff8\" data-element_type=\"section\">\n\t\t\t\t\t\t<div class=\"elementor-container elementor-column-gap-default\">\n\t\t\t\t\t<div class=\"elementor-column elementor-col-100 elementor-top-column elementor-element elementor-element-5a62b75\" data-id=\"5a62b75\" data-element_type=\"column\">\n\t\t\t<div class=\"elementor-widget-wrap elementor-element-populated\">\n\t\t\t\t\t\t<div class=\"elementor-element elementor-element-6d3ca41 elementor-widget elementor-widget-text-editor\" data-id=\"6d3ca41\" data-element_type=\"widget\" data-widget_type=\"text-editor.default\">\n\t\t\t\t<div class=\"elementor-widget-container\">\n\t\t\t\t\t\t\t\t\t<p><span style=\"font-family: 'Source Sans Pro';\">Wir wollen unsere Reisenden ermutigen, verantwortungsbewusst und umweltschonend zu reisen. Bitte sch\u00fctzen Sie die Gebiete, die Sie besuchen. Terrace Lodge m\u00f6chte unsere Umwelt so wenig wie m\u00f6glich belasten, und hierf\u00fcr bitten wir Sie als Gast um Ihre Mithilfe.<\/span><\/p><p><span style=\"font-family: 'Source Sans Pro';\">Nehmen Sie sich 90 Sekunden Zeit und lesen Sie unseren Flyer <a href=\"https:\/\/terracelodge.com\/wp-content\/uploads\/2020\/09\/Code-Responsible-Tourist.pdf\" target=\"_blank\" rel=\"noopener\">Der Verantwortungsbewusste Reisende<\/a>.<\/span><\/p><p><span style=\"font-family: 'Source Sans Pro';\">Vielen Dank.<\/span><\/p>\t\t\t\t\t\t\t\t<\/div>\n\t\t\t\t<\/div>\n\t\t\t\t\t<\/div>\n\t\t<\/div>\n\t\t\t\t\t<\/div>\n\t\t<\/section>\n\t\t\t\t<\/div>\n\t\t","protected":false},"excerpt":{"rendered":"<p>Die Definition von verantwortungsvollem Tourismus besch\u00e4ftig sich mit der Entwicklung und Anwendung von Management-Tools, die den negativen Einfluss von touristischen Aktivit\u00e4ten auf die Umwelt minimieren und gleichzeitig den positiven Effekt f\u00fcr die lokale Bev\u00f6lkerung maximieren. Zu diesen Werkzeugen geh\u00f6ren: Zertifikate f\u00fcr Unternehmen, die gewisse soziale, wirtschaftliche und\/oder \u00f6kologische Kriterien erf\u00fcllen; unternehmerische Sozialverantwortung in Theorie und [&hellip;]<\/p>\n","protected":false},"author":1,"featured_media":0,"parent":0,"menu_order":0,"comment_status":"closed","ping_status":"closed","template":"elementor_header_footer","meta":{"_joinchat":[],"footnotes":""},"class_list":["post-2883","page","type-page","status-publish","hentry"],"yoast_head":"<!-- This site is optimized with the Yoast SEO plugin v26.9 - https:\/\/yoast.com\/product\/yoast-seo-wordpress\/ -->\n<title>Verantwortungsvoller Tourismus In Putre | Terrace Lodge<\/title>\n<meta name=\"robots\" content=\"index, follow, max-snippet:-1, max-image-preview:large, max-video-preview:-1\" \/>\n<link rel=\"canonical\" href=\"https:\/\/terracelodge.com\/de\/verantwortungsvoller-tourismus-in-putre\/\" \/>\n<meta property=\"og:locale\" content=\"de_DE\" \/>\n<meta property=\"og:type\" content=\"article\" \/>\n<meta property=\"og:title\" content=\"Verantwortungsvoller Tourismus In Putre | Terrace Lodge\" \/>\n<meta property=\"og:description\" content=\"Die Definition von verantwortungsvollem Tourismus besch\u00e4ftig sich mit der Entwicklung und Anwendung von Management-Tools, die den negativen Einfluss von touristischen Aktivit\u00e4ten auf die Umwelt minimieren und gleichzeitig den positiven Effekt f\u00fcr die lokale Bev\u00f6lkerung maximieren. Zu diesen Werkzeugen geh\u00f6ren: Zertifikate f\u00fcr Unternehmen, die gewisse soziale, wirtschaftliche und\/oder \u00f6kologische Kriterien erf\u00fcllen; unternehmerische Sozialverantwortung in Theorie und [&hellip;]\" \/>\n<meta property=\"og:url\" content=\"https:\/\/terracelodge.com\/de\/verantwortungsvoller-tourismus-in-putre\/\" \/>\n<meta property=\"og:site_name\" content=\"Terrace Lodge\" \/>\n<meta property=\"article:publisher\" content=\"https:\/\/www.facebook.com\/terracelodgeputre\/\" \/>\n<meta property=\"article:modified_time\" content=\"2020-10-13T17:51:41+00:00\" \/>\n<meta property=\"og:image\" content=\"https:\/\/terracelodge.com\/wp-content\/uploads\/2020\/09\/terrace-lodge-2-1024x683.jpg\" \/>\n<meta name=\"twitter:card\" content=\"summary_large_image\" \/>\n<meta name=\"twitter:label1\" content=\"Gesch\u00e4tzte Lesezeit\" \/>\n\t<meta name=\"twitter:data1\" content=\"2\u00a0Minuten\" \/>\n<script type=\"application\/ld+json\" class=\"yoast-schema-graph\">{\"@context\":\"https:\/\/schema.org\",\"@graph\":[{\"@type\":\"WebPage\",\"@id\":\"https:\/\/terracelodge.com\/de\/verantwortungsvoller-tourismus-in-putre\/\",\"url\":\"https:\/\/terracelodge.com\/de\/verantwortungsvoller-tourismus-in-putre\/\",\"name\":\"Verantwortungsvoller Tourismus In Putre | Terrace Lodge\",\"isPartOf\":{\"@id\":\"https:\/\/terracelodge.com\/de\/#website\"},\"primaryImageOfPage\":{\"@id\":\"https:\/\/terracelodge.com\/de\/verantwortungsvoller-tourismus-in-putre\/#primaryimage\"},\"image\":{\"@id\":\"https:\/\/terracelodge.com\/de\/verantwortungsvoller-tourismus-in-putre\/#primaryimage\"},\"thumbnailUrl\":\"https:\/\/terracelodge.com\/wp-content\/uploads\/2020\/09\/terrace-lodge-2-1024x683.jpg\",\"datePublished\":\"2020-09-08T22:59:13+00:00\",\"dateModified\":\"2020-10-13T17:51:41+00:00\",\"breadcrumb\":{\"@id\":\"https:\/\/terracelodge.com\/de\/verantwortungsvoller-tourismus-in-putre\/#breadcrumb\"},\"inLanguage\":\"de\",\"potentialAction\":[{\"@type\":\"ReadAction\",\"target\":[\"https:\/\/terracelodge.com\/de\/verantwortungsvoller-tourismus-in-putre\/\"]}]},{\"@type\":\"ImageObject\",\"inLanguage\":\"de\",\"@id\":\"https:\/\/terracelodge.com\/de\/verantwortungsvoller-tourismus-in-putre\/#primaryimage\",\"url\":\"https:\/\/terracelodge.com\/wp-content\/uploads\/2020\/09\/terrace-lodge-2-1024x683.jpg\",\"contentUrl\":\"https:\/\/terracelodge.com\/wp-content\/uploads\/2020\/09\/terrace-lodge-2-1024x683.jpg\"},{\"@type\":\"BreadcrumbList\",\"@id\":\"https:\/\/terracelodge.com\/de\/verantwortungsvoller-tourismus-in-putre\/#breadcrumb\",\"itemListElement\":[{\"@type\":\"ListItem\",\"position\":1,\"name\":\"Portada\",\"item\":\"https:\/\/terracelodge.com\/de\/\"},{\"@type\":\"ListItem\",\"position\":2,\"name\":\"Verantwortungsvoller Tourismus In Putre\"}]},{\"@type\":\"WebSite\",\"@id\":\"https:\/\/terracelodge.com\/de\/#website\",\"url\":\"https:\/\/terracelodge.com\/de\/\",\"name\":\"Terrace Lodge\",\"description\":\"Hotel Putre\",\"publisher\":{\"@id\":\"https:\/\/terracelodge.com\/de\/#organization\"},\"potentialAction\":[{\"@type\":\"SearchAction\",\"target\":{\"@type\":\"EntryPoint\",\"urlTemplate\":\"https:\/\/terracelodge.com\/de\/?s={search_term_string}\"},\"query-input\":{\"@type\":\"PropertyValueSpecification\",\"valueRequired\":true,\"valueName\":\"search_term_string\"}}],\"inLanguage\":\"de\"},{\"@type\":\"Organization\",\"@id\":\"https:\/\/terracelodge.com\/de\/#organization\",\"name\":\"Terrace Lodge\",\"url\":\"https:\/\/terracelodge.com\/de\/\",\"logo\":{\"@type\":\"ImageObject\",\"inLanguage\":\"de\",\"@id\":\"https:\/\/terracelodge.com\/de\/#\/schema\/logo\/image\/\",\"url\":\"https:\/\/terracelodge.com\/wp-content\/uploads\/2020\/09\/cropped-logo-terrace-1.png\",\"contentUrl\":\"https:\/\/terracelodge.com\/wp-content\/uploads\/2020\/09\/cropped-logo-terrace-1.png\",\"width\":221,\"height\":50,\"caption\":\"Terrace Lodge\"},\"image\":{\"@id\":\"https:\/\/terracelodge.com\/de\/#\/schema\/logo\/image\/\"},\"sameAs\":[\"https:\/\/www.facebook.com\/terracelodgeputre\/\",\"https:\/\/www.instagram.com\/terracelodgeputre\/\",\"https:\/\/www.youtube.com\/channel\/UC2B3fyd0obC0sPFAQIfJI_A\"]}]}<\/script>\n<!-- \/ Yoast SEO plugin. -->","yoast_head_json":{"title":"Verantwortungsvoller Tourismus In Putre | Terrace Lodge","robots":{"index":"index","follow":"follow","max-snippet":"max-snippet:-1","max-image-preview":"max-image-preview:large","max-video-preview":"max-video-preview:-1"},"canonical":"https:\/\/terracelodge.com\/de\/verantwortungsvoller-tourismus-in-putre\/","og_locale":"de_DE","og_type":"article","og_title":"Verantwortungsvoller Tourismus In Putre | Terrace Lodge","og_description":"Die Definition von verantwortungsvollem Tourismus besch\u00e4ftig sich mit der Entwicklung und Anwendung von Management-Tools, die den negativen Einfluss von touristischen Aktivit\u00e4ten auf die Umwelt minimieren und gleichzeitig den positiven Effekt f\u00fcr die lokale Bev\u00f6lkerung maximieren. Zu diesen Werkzeugen geh\u00f6ren: Zertifikate f\u00fcr Unternehmen, die gewisse soziale, wirtschaftliche und\/oder \u00f6kologische Kriterien erf\u00fcllen; unternehmerische Sozialverantwortung in Theorie und [&hellip;]","og_url":"https:\/\/terracelodge.com\/de\/verantwortungsvoller-tourismus-in-putre\/","og_site_name":"Terrace Lodge","article_publisher":"https:\/\/www.facebook.com\/terracelodgeputre\/","article_modified_time":"2020-10-13T17:51:41+00:00","og_image":[{"url":"https:\/\/terracelodge.com\/wp-content\/uploads\/2020\/09\/terrace-lodge-2-1024x683.jpg","type":"","width":"","height":""}],"twitter_card":"summary_large_image","twitter_misc":{"Gesch\u00e4tzte Lesezeit":"2\u00a0Minuten"},"schema":{"@context":"https:\/\/schema.org","@graph":[{"@type":"WebPage","@id":"https:\/\/terracelodge.com\/de\/verantwortungsvoller-tourismus-in-putre\/","url":"https:\/\/terracelodge.com\/de\/verantwortungsvoller-tourismus-in-putre\/","name":"Verantwortungsvoller Tourismus In Putre | Terrace Lodge","isPartOf":{"@id":"https:\/\/terracelodge.com\/de\/#website"},"primaryImageOfPage":{"@id":"https:\/\/terracelodge.com\/de\/verantwortungsvoller-tourismus-in-putre\/#primaryimage"},"image":{"@id":"https:\/\/terracelodge.com\/de\/verantwortungsvoller-tourismus-in-putre\/#primaryimage"},"thumbnailUrl":"https:\/\/terracelodge.com\/wp-content\/uploads\/2020\/09\/terrace-lodge-2-1024x683.jpg","datePublished":"2020-09-08T22:59:13+00:00","dateModified":"2020-10-13T17:51:41+00:00","breadcrumb":{"@id":"https:\/\/terracelodge.com\/de\/verantwortungsvoller-tourismus-in-putre\/#breadcrumb"},"inLanguage":"de","potentialAction":[{"@type":"ReadAction","target":["https:\/\/terracelodge.com\/de\/verantwortungsvoller-tourismus-in-putre\/"]}]},{"@type":"ImageObject","inLanguage":"de","@id":"https:\/\/terracelodge.com\/de\/verantwortungsvoller-tourismus-in-putre\/#primaryimage","url":"https:\/\/terracelodge.com\/wp-content\/uploads\/2020\/09\/terrace-lodge-2-1024x683.jpg","contentUrl":"https:\/\/terracelodge.com\/wp-content\/uploads\/2020\/09\/terrace-lodge-2-1024x683.jpg"},{"@type":"BreadcrumbList","@id":"https:\/\/terracelodge.com\/de\/verantwortungsvoller-tourismus-in-putre\/#breadcrumb","itemListElement":[{"@type":"ListItem","position":1,"name":"Portada","item":"https:\/\/terracelodge.com\/de\/"},{"@type":"ListItem","position":2,"name":"Verantwortungsvoller Tourismus In Putre"}]},{"@type":"WebSite","@id":"https:\/\/terracelodge.com\/de\/#website","url":"https:\/\/terracelodge.com\/de\/","name":"Terrace Lodge","description":"Hotel Putre","publisher":{"@id":"https:\/\/terracelodge.com\/de\/#organization"},"potentialAction":[{"@type":"SearchAction","target":{"@type":"EntryPoint","urlTemplate":"https:\/\/terracelodge.com\/de\/?s={search_term_string}"},"query-input":{"@type":"PropertyValueSpecification","valueRequired":true,"valueName":"search_term_string"}}],"inLanguage":"de"},{"@type":"Organization","@id":"https:\/\/terracelodge.com\/de\/#organization","name":"Terrace Lodge","url":"https:\/\/terracelodge.com\/de\/","logo":{"@type":"ImageObject","inLanguage":"de","@id":"https:\/\/terracelodge.com\/de\/#\/schema\/logo\/image\/","url":"https:\/\/terracelodge.com\/wp-content\/uploads\/2020\/09\/cropped-logo-terrace-1.png","contentUrl":"https:\/\/terracelodge.com\/wp-content\/uploads\/2020\/09\/cropped-logo-terrace-1.png","width":221,"height":50,"caption":"Terrace Lodge"},"image":{"@id":"https:\/\/terracelodge.com\/de\/#\/schema\/logo\/image\/"},"sameAs":["https:\/\/www.facebook.com\/terracelodgeputre\/","https:\/\/www.instagram.com\/terracelodgeputre\/","https:\/\/www.youtube.com\/channel\/UC2B3fyd0obC0sPFAQIfJI_A"]}]}},"_links":{"self":[{"href":"https:\/\/terracelodge.com\/de\/wp-json\/wp\/v2\/pages\/2883","targetHints":{"allow":["GET"]}}],"collection":[{"href":"https:\/\/terracelodge.com\/de\/wp-json\/wp\/v2\/pages"}],"about":[{"href":"https:\/\/terracelodge.com\/de\/wp-json\/wp\/v2\/types\/page"}],"author":[{"embeddable":true,"href":"https:\/\/terracelodge.com\/de\/wp-json\/wp\/v2\/users\/1"}],"replies":[{"embeddable":true,"href":"https:\/\/terracelodge.com\/de\/wp-json\/wp\/v2\/comments?post=2883"}],"version-history":[{"count":4,"href":"https:\/\/terracelodge.com\/de\/wp-json\/wp\/v2\/pages\/2883\/revisions"}],"predecessor-version":[{"id":3833,"href":"https:\/\/terracelodge.com\/de\/wp-json\/wp\/v2\/pages\/2883\/revisions\/3833"}],"wp:attachment":[{"href":"https:\/\/terracelodge.com\/de\/wp-json\/wp\/v2\/media?parent=2883"}],"curies":[{"name":"wp","href":"https:\/\/api.w.org\/{rel}","templated":true}]}}