{"id":2889,"date":"2020-09-11T15:33:57","date_gmt":"2020-09-11T15:33:57","guid":{"rendered":"https:\/\/terracelodge.com\/location\/"},"modified":"2022-04-07T17:40:56","modified_gmt":"2022-04-07T21:40:56","slug":"lage","status":"publish","type":"page","link":"https:\/\/terracelodge.com\/de\/lage\/","title":{"rendered":"Lage"},"content":{"rendered":"\t\t<div data-elementor-type=\"wp-page\" data-elementor-id=\"2889\" class=\"elementor elementor-2889 elementor-1062\">\n\t\t\t\t\t\t<section class=\"elementor-section elementor-top-section elementor-element elementor-element-4889096 elementor-section-height-min-height elementor-section-boxed elementor-section-height-default elementor-section-items-middle\" data-id=\"4889096\" data-element_type=\"section\">\n\t\t\t\t\t\t<div class=\"elementor-container elementor-column-gap-default\">\n\t\t\t\t\t<div class=\"elementor-column elementor-col-100 elementor-top-column elementor-element elementor-element-e40767f\" data-id=\"e40767f\" data-element_type=\"column\">\n\t\t\t<div class=\"elementor-widget-wrap elementor-element-populated\">\n\t\t\t\t\t\t<div class=\"elementor-element elementor-element-e2aac0c elementor-widget elementor-widget-html\" data-id=\"e2aac0c\" data-element_type=\"widget\" data-widget_type=\"html.default\">\n\t\t\t\t<div class=\"elementor-widget-container\">\n\t\t\t\t\t<iframe src=\"https:\/\/www.google.com\/maps\/embed?pb=!1m18!1m12!1m3!1d7762420.150950099!2d-74.03982064431945!3d-18.198697891505866!2m3!1f0!2f0!3f0!3m2!1i1024!2i768!4f13.1!3m3!1m2!1s0x915a6489a7d9823b%3A0x9df3455ae709ba99!2sTerrace%20Lodge%20%26%20Tours!5e0!3m2!1ses!2sni!4v1600327825614!5m2!1ses!2sni\" width=\"100%\" height=\"400\" frameborder=\"0\" style=\"border:0;\" allowfullscreen=\"\" aria-hidden=\"false\" tabindex=\"0\"><\/iframe>\t\t\t\t<\/div>\n\t\t\t\t<\/div>\n\t\t\t\t\t<\/div>\n\t\t<\/div>\n\t\t\t\t\t<\/div>\n\t\t<\/section>\n\t\t\t\t<section class=\"elementor-section elementor-top-section elementor-element elementor-element-6a4a073 elementor-section-boxed elementor-section-height-default elementor-section-height-default\" data-id=\"6a4a073\" data-element_type=\"section\">\n\t\t\t\t\t\t<div class=\"elementor-container elementor-column-gap-default\">\n\t\t\t\t\t<div class=\"elementor-column elementor-col-100 elementor-top-column elementor-element elementor-element-f6d769f\" data-id=\"f6d769f\" data-element_type=\"column\">\n\t\t\t<div class=\"elementor-widget-wrap elementor-element-populated\">\n\t\t\t\t\t\t<div class=\"elementor-element elementor-element-32a22d5 elementor-widget elementor-widget-text-editor\" data-id=\"32a22d5\" data-element_type=\"widget\" data-widget_type=\"text-editor.default\">\n\t\t\t\t<div class=\"elementor-widget-container\">\n\t\t\t\t\t\t\t\t\t<p>In dem auf 3.500m \u00fcber dem Meeresspiegel gelegenen \u00d6rtchen Putre bietet <strong>Terrace Lodge<\/strong> eine Oase der Ruhe. Das Hotel ist ein einzigartiger Ort inmitten der Precordillera, umgeben von der beeindruckenden Szenerie des chilenischen Hochlandes.<\/p><p><strong>Putre<\/strong> ist eine kleine chilenische Gemeinde und die Hauptstadt der Provinz von <strong>Arica und Parinacota<\/strong>. Das Dorf liegt 130km \u00f6stlich von Arica. Im Hintergrund erheben sich die Vulkane von Taapaca, und nur in wenigen Minuten erreicht man den Eingang zum <strong>Nationalpark Lauca<\/strong>. Putre ist der ideale Ort, um sich an die extreme H\u00f6he zu gew\u00f6hnen.<\/p>\t\t\t\t\t\t\t\t<\/div>\n\t\t\t\t<\/div>\n\t\t\t\t\t<\/div>\n\t\t<\/div>\n\t\t\t\t\t<\/div>\n\t\t<\/section>\n\t\t\t\t<section class=\"elementor-section elementor-top-section elementor-element elementor-element-fb5ea26 elementor-section-boxed elementor-section-height-default elementor-section-height-default\" data-id=\"fb5ea26\" data-element_type=\"section\">\n\t\t\t\t\t\t<div class=\"elementor-container elementor-column-gap-default\">\n\t\t\t\t\t<div class=\"elementor-column elementor-col-100 elementor-top-column elementor-element elementor-element-9d4b790\" data-id=\"9d4b790\" data-element_type=\"column\">\n\t\t\t<div class=\"elementor-widget-wrap elementor-element-populated\">\n\t\t\t\t\t\t<div class=\"elementor-element elementor-element-90d535e elementor-widget elementor-widget-image\" data-id=\"90d535e\" data-element_type=\"widget\" data-widget_type=\"image.default\">\n\t\t\t\t<div class=\"elementor-widget-container\">\n\t\t\t\t\t\t\t\t\t\t\t\t\t\t\t\t<a href=\"https:\/\/goo.gl\/maps\/TuVooQVQwCzS9Kbd7\" target=\"_blank\">\n\t\t\t\t\t\t\t<img fetchpriority=\"high\" decoding=\"async\" width=\"768\" height=\"625\" src=\"https:\/\/terracelodge.com\/wp-content\/uploads\/2020\/09\/mapa-terrace-lodge-putre.png\" class=\"attachment-large size-large wp-image-2890\" alt=\"\" srcset=\"https:\/\/terracelodge.com\/wp-content\/uploads\/2020\/09\/mapa-terrace-lodge-putre.png 775w, https:\/\/terracelodge.com\/wp-content\/uploads\/2020\/09\/mapa-terrace-lodge-putre-300x244.png 300w, https:\/\/terracelodge.com\/wp-content\/uploads\/2020\/09\/mapa-terrace-lodge-putre-768x625.png 768w, https:\/\/terracelodge.com\/wp-content\/uploads\/2020\/09\/mapa-terrace-lodge-putre-405x330.png 405w\" sizes=\"(max-width: 768px) 100vw, 768px\" \/>\t\t\t\t\t\t\t\t<\/a>\n\t\t\t\t\t\t\t\t\t\t\t\t\t\t\t<\/div>\n\t\t\t\t<\/div>\n\t\t\t\t\t<\/div>\n\t\t<\/div>\n\t\t\t\t\t<\/div>\n\t\t<\/section>\n\t\t\t\t<section class=\"elementor-section elementor-top-section elementor-element elementor-element-004937a elementor-section-boxed elementor-section-height-default elementor-section-height-default\" data-id=\"004937a\" data-element_type=\"section\">\n\t\t\t\t\t\t<div class=\"elementor-container elementor-column-gap-default\">\n\t\t\t\t\t<div class=\"elementor-column elementor-col-100 elementor-top-column elementor-element elementor-element-bdf5571\" data-id=\"bdf5571\" data-element_type=\"column\">\n\t\t\t<div class=\"elementor-widget-wrap elementor-element-populated\">\n\t\t\t\t\t\t<div class=\"elementor-element elementor-element-6c657d9 elementor-widget elementor-widget-text-editor\" data-id=\"6c657d9\" data-element_type=\"widget\" data-widget_type=\"text-editor.default\">\n\t\t\t\t<div class=\"elementor-widget-container\">\n\t\t\t\t\t\t\t\t\t<p>Mit einem Aufenthalt in <strong>Terrace Lodge<\/strong> k\u00f6nnen Sie das Altiplano entdecken, die Gastfreundschaft der Einheimischen erleben und unvergleichliche Ausblicke genie\u00dfen. Wir verbinden hochqualitativen Service mit einem rustikalen, gem\u00fctlichen Charme \u2013 der perfekte Ort, um Ihr Abenteuer in den Anden zu beginnen.<\/p>\t\t\t\t\t\t\t\t<\/div>\n\t\t\t\t<\/div>\n\t\t\t\t\t<\/div>\n\t\t<\/div>\n\t\t\t\t\t<\/div>\n\t\t<\/section>\n\t\t\t\t<section class=\"elementor-section elementor-top-section elementor-element elementor-element-7f4f46c elementor-section-boxed elementor-section-height-default elementor-section-height-default\" data-id=\"7f4f46c\" data-element_type=\"section\">\n\t\t\t\t\t\t<div class=\"elementor-container elementor-column-gap-default\">\n\t\t\t\t\t<div class=\"elementor-column elementor-col-100 elementor-top-column elementor-element elementor-element-b06ebfe\" data-id=\"b06ebfe\" data-element_type=\"column\">\n\t\t\t<div class=\"elementor-widget-wrap elementor-element-populated\">\n\t\t\t\t\t\t<div class=\"elementor-element elementor-element-ac5a0aa elementor-widget elementor-widget-button\" data-id=\"ac5a0aa\" data-element_type=\"widget\" data-widget_type=\"button.default\">\n\t\t\t\t<div class=\"elementor-widget-container\">\n\t\t\t\t\t\t\t\t\t<div class=\"elementor-button-wrapper\">\n\t\t\t\t\t<a class=\"elementor-button elementor-button-link elementor-size-sm\" href=\"https:\/\/terracelodge.com\/de\/kontakt\/\">\n\t\t\t\t\t\t<span class=\"elementor-button-content-wrapper\">\n\t\t\t\t\t\t\t\t\t<span class=\"elementor-button-text\">Kontakt<\/span>\n\t\t\t\t\t<\/span>\n\t\t\t\t\t<\/a>\n\t\t\t\t<\/div>\n\t\t\t\t\t\t\t\t<\/div>\n\t\t\t\t<\/div>\n\t\t\t\t\t<\/div>\n\t\t<\/div>\n\t\t\t\t\t<\/div>\n\t\t<\/section>\n\t\t\t\t<\/div>\n\t\t","protected":false},"excerpt":{"rendered":"<p>In dem auf 3.500m \u00fcber dem Meeresspiegel gelegenen \u00d6rtchen Putre bietet Terrace Lodge eine Oase der Ruhe. Das Hotel ist ein einzigartiger Ort inmitten der Precordillera, umgeben von der beeindruckenden Szenerie des chilenischen Hochlandes. Putre ist eine kleine chilenische Gemeinde und die Hauptstadt der Provinz von Arica und Parinacota. Das Dorf liegt 130km \u00f6stlich von [&hellip;]<\/p>\n","protected":false},"author":1,"featured_media":0,"parent":0,"menu_order":0,"comment_status":"closed","ping_status":"closed","template":"","meta":{"_joinchat":[],"footnotes":""},"class_list":["post-2889","page","type-page","status-publish","hentry"],"yoast_head":"<!-- This site is optimized with the Yoast SEO plugin v26.9 - https:\/\/yoast.com\/product\/yoast-seo-wordpress\/ -->\n<title>Lage | Terrace Lodge<\/title>\n<meta name=\"robots\" content=\"index, follow, max-snippet:-1, max-image-preview:large, max-video-preview:-1\" \/>\n<link rel=\"canonical\" href=\"https:\/\/terracelodge.com\/de\/lage\/\" \/>\n<meta property=\"og:locale\" content=\"de_DE\" \/>\n<meta property=\"og:type\" content=\"article\" \/>\n<meta property=\"og:title\" content=\"Lage | Terrace Lodge\" \/>\n<meta property=\"og:description\" content=\"In dem auf 3.500m \u00fcber dem Meeresspiegel gelegenen \u00d6rtchen Putre bietet Terrace Lodge eine Oase der Ruhe. Das Hotel ist ein einzigartiger Ort inmitten der Precordillera, umgeben von der beeindruckenden Szenerie des chilenischen Hochlandes. Putre ist eine kleine chilenische Gemeinde und die Hauptstadt der Provinz von Arica und Parinacota. Das Dorf liegt 130km \u00f6stlich von [&hellip;]\" \/>\n<meta property=\"og:url\" content=\"https:\/\/terracelodge.com\/de\/lage\/\" \/>\n<meta property=\"og:site_name\" content=\"Terrace Lodge\" \/>\n<meta property=\"article:publisher\" content=\"https:\/\/www.facebook.com\/terracelodgeputre\/\" \/>\n<meta property=\"article:modified_time\" content=\"2022-04-07T21:40:56+00:00\" \/>\n<meta property=\"og:image\" content=\"https:\/\/terracelodge.com\/wp-content\/uploads\/2020\/09\/mapa-terrace-lodge-putre.png\" \/>\n<meta name=\"twitter:card\" content=\"summary_large_image\" \/>\n<meta name=\"twitter:label1\" content=\"Gesch\u00e4tzte Lesezeit\" \/>\n\t<meta name=\"twitter:data1\" content=\"1\u00a0Minute\" \/>\n<script type=\"application\/ld+json\" class=\"yoast-schema-graph\">{\"@context\":\"https:\/\/schema.org\",\"@graph\":[{\"@type\":\"WebPage\",\"@id\":\"https:\/\/terracelodge.com\/de\/lage\/\",\"url\":\"https:\/\/terracelodge.com\/de\/lage\/\",\"name\":\"Lage | Terrace Lodge\",\"isPartOf\":{\"@id\":\"https:\/\/terracelodge.com\/de\/#website\"},\"primaryImageOfPage\":{\"@id\":\"https:\/\/terracelodge.com\/de\/lage\/#primaryimage\"},\"image\":{\"@id\":\"https:\/\/terracelodge.com\/de\/lage\/#primaryimage\"},\"thumbnailUrl\":\"https:\/\/terracelodge.com\/wp-content\/uploads\/2020\/09\/mapa-terrace-lodge-putre.png\",\"datePublished\":\"2020-09-11T15:33:57+00:00\",\"dateModified\":\"2022-04-07T21:40:56+00:00\",\"breadcrumb\":{\"@id\":\"https:\/\/terracelodge.com\/de\/lage\/#breadcrumb\"},\"inLanguage\":\"de\",\"potentialAction\":[{\"@type\":\"ReadAction\",\"target\":[\"https:\/\/terracelodge.com\/de\/lage\/\"]}]},{\"@type\":\"ImageObject\",\"inLanguage\":\"de\",\"@id\":\"https:\/\/terracelodge.com\/de\/lage\/#primaryimage\",\"url\":\"https:\/\/terracelodge.com\/wp-content\/uploads\/2020\/09\/mapa-terrace-lodge-putre.png\",\"contentUrl\":\"https:\/\/terracelodge.com\/wp-content\/uploads\/2020\/09\/mapa-terrace-lodge-putre.png\"},{\"@type\":\"BreadcrumbList\",\"@id\":\"https:\/\/terracelodge.com\/de\/lage\/#breadcrumb\",\"itemListElement\":[{\"@type\":\"ListItem\",\"position\":1,\"name\":\"Portada\",\"item\":\"https:\/\/terracelodge.com\/de\/\"},{\"@type\":\"ListItem\",\"position\":2,\"name\":\"Lage\"}]},{\"@type\":\"WebSite\",\"@id\":\"https:\/\/terracelodge.com\/de\/#website\",\"url\":\"https:\/\/terracelodge.com\/de\/\",\"name\":\"Terrace Lodge\",\"description\":\"Hotel Putre\",\"publisher\":{\"@id\":\"https:\/\/terracelodge.com\/de\/#organization\"},\"potentialAction\":[{\"@type\":\"SearchAction\",\"target\":{\"@type\":\"EntryPoint\",\"urlTemplate\":\"https:\/\/terracelodge.com\/de\/?s={search_term_string}\"},\"query-input\":{\"@type\":\"PropertyValueSpecification\",\"valueRequired\":true,\"valueName\":\"search_term_string\"}}],\"inLanguage\":\"de\"},{\"@type\":\"Organization\",\"@id\":\"https:\/\/terracelodge.com\/de\/#organization\",\"name\":\"Terrace Lodge\",\"url\":\"https:\/\/terracelodge.com\/de\/\",\"logo\":{\"@type\":\"ImageObject\",\"inLanguage\":\"de\",\"@id\":\"https:\/\/terracelodge.com\/de\/#\/schema\/logo\/image\/\",\"url\":\"https:\/\/terracelodge.com\/wp-content\/uploads\/2020\/09\/cropped-logo-terrace-1.png\",\"contentUrl\":\"https:\/\/terracelodge.com\/wp-content\/uploads\/2020\/09\/cropped-logo-terrace-1.png\",\"width\":221,\"height\":50,\"caption\":\"Terrace Lodge\"},\"image\":{\"@id\":\"https:\/\/terracelodge.com\/de\/#\/schema\/logo\/image\/\"},\"sameAs\":[\"https:\/\/www.facebook.com\/terracelodgeputre\/\",\"https:\/\/www.instagram.com\/terracelodgeputre\/\",\"https:\/\/www.youtube.com\/channel\/UC2B3fyd0obC0sPFAQIfJI_A\"]}]}<\/script>\n<!-- \/ Yoast SEO plugin. -->","yoast_head_json":{"title":"Lage | Terrace Lodge","robots":{"index":"index","follow":"follow","max-snippet":"max-snippet:-1","max-image-preview":"max-image-preview:large","max-video-preview":"max-video-preview:-1"},"canonical":"https:\/\/terracelodge.com\/de\/lage\/","og_locale":"de_DE","og_type":"article","og_title":"Lage | Terrace Lodge","og_description":"In dem auf 3.500m \u00fcber dem Meeresspiegel gelegenen \u00d6rtchen Putre bietet Terrace Lodge eine Oase der Ruhe. Das Hotel ist ein einzigartiger Ort inmitten der Precordillera, umgeben von der beeindruckenden Szenerie des chilenischen Hochlandes. Putre ist eine kleine chilenische Gemeinde und die Hauptstadt der Provinz von Arica und Parinacota. Das Dorf liegt 130km \u00f6stlich von [&hellip;]","og_url":"https:\/\/terracelodge.com\/de\/lage\/","og_site_name":"Terrace Lodge","article_publisher":"https:\/\/www.facebook.com\/terracelodgeputre\/","article_modified_time":"2022-04-07T21:40:56+00:00","og_image":[{"url":"https:\/\/terracelodge.com\/wp-content\/uploads\/2020\/09\/mapa-terrace-lodge-putre.png","type":"","width":"","height":""}],"twitter_card":"summary_large_image","twitter_misc":{"Gesch\u00e4tzte Lesezeit":"1\u00a0Minute"},"schema":{"@context":"https:\/\/schema.org","@graph":[{"@type":"WebPage","@id":"https:\/\/terracelodge.com\/de\/lage\/","url":"https:\/\/terracelodge.com\/de\/lage\/","name":"Lage | Terrace Lodge","isPartOf":{"@id":"https:\/\/terracelodge.com\/de\/#website"},"primaryImageOfPage":{"@id":"https:\/\/terracelodge.com\/de\/lage\/#primaryimage"},"image":{"@id":"https:\/\/terracelodge.com\/de\/lage\/#primaryimage"},"thumbnailUrl":"https:\/\/terracelodge.com\/wp-content\/uploads\/2020\/09\/mapa-terrace-lodge-putre.png","datePublished":"2020-09-11T15:33:57+00:00","dateModified":"2022-04-07T21:40:56+00:00","breadcrumb":{"@id":"https:\/\/terracelodge.com\/de\/lage\/#breadcrumb"},"inLanguage":"de","potentialAction":[{"@type":"ReadAction","target":["https:\/\/terracelodge.com\/de\/lage\/"]}]},{"@type":"ImageObject","inLanguage":"de","@id":"https:\/\/terracelodge.com\/de\/lage\/#primaryimage","url":"https:\/\/terracelodge.com\/wp-content\/uploads\/2020\/09\/mapa-terrace-lodge-putre.png","contentUrl":"https:\/\/terracelodge.com\/wp-content\/uploads\/2020\/09\/mapa-terrace-lodge-putre.png"},{"@type":"BreadcrumbList","@id":"https:\/\/terracelodge.com\/de\/lage\/#breadcrumb","itemListElement":[{"@type":"ListItem","position":1,"name":"Portada","item":"https:\/\/terracelodge.com\/de\/"},{"@type":"ListItem","position":2,"name":"Lage"}]},{"@type":"WebSite","@id":"https:\/\/terracelodge.com\/de\/#website","url":"https:\/\/terracelodge.com\/de\/","name":"Terrace Lodge","description":"Hotel Putre","publisher":{"@id":"https:\/\/terracelodge.com\/de\/#organization"},"potentialAction":[{"@type":"SearchAction","target":{"@type":"EntryPoint","urlTemplate":"https:\/\/terracelodge.com\/de\/?s={search_term_string}"},"query-input":{"@type":"PropertyValueSpecification","valueRequired":true,"valueName":"search_term_string"}}],"inLanguage":"de"},{"@type":"Organization","@id":"https:\/\/terracelodge.com\/de\/#organization","name":"Terrace Lodge","url":"https:\/\/terracelodge.com\/de\/","logo":{"@type":"ImageObject","inLanguage":"de","@id":"https:\/\/terracelodge.com\/de\/#\/schema\/logo\/image\/","url":"https:\/\/terracelodge.com\/wp-content\/uploads\/2020\/09\/cropped-logo-terrace-1.png","contentUrl":"https:\/\/terracelodge.com\/wp-content\/uploads\/2020\/09\/cropped-logo-terrace-1.png","width":221,"height":50,"caption":"Terrace Lodge"},"image":{"@id":"https:\/\/terracelodge.com\/de\/#\/schema\/logo\/image\/"},"sameAs":["https:\/\/www.facebook.com\/terracelodgeputre\/","https:\/\/www.instagram.com\/terracelodgeputre\/","https:\/\/www.youtube.com\/channel\/UC2B3fyd0obC0sPFAQIfJI_A"]}]}},"_links":{"self":[{"href":"https:\/\/terracelodge.com\/de\/wp-json\/wp\/v2\/pages\/2889","targetHints":{"allow":["GET"]}}],"collection":[{"href":"https:\/\/terracelodge.com\/de\/wp-json\/wp\/v2\/pages"}],"about":[{"href":"https:\/\/terracelodge.com\/de\/wp-json\/wp\/v2\/types\/page"}],"author":[{"embeddable":true,"href":"https:\/\/terracelodge.com\/de\/wp-json\/wp\/v2\/users\/1"}],"replies":[{"embeddable":true,"href":"https:\/\/terracelodge.com\/de\/wp-json\/wp\/v2\/comments?post=2889"}],"version-history":[{"count":5,"href":"https:\/\/terracelodge.com\/de\/wp-json\/wp\/v2\/pages\/2889\/revisions"}],"predecessor-version":[{"id":5092,"href":"https:\/\/terracelodge.com\/de\/wp-json\/wp\/v2\/pages\/2889\/revisions\/5092"}],"wp:attachment":[{"href":"https:\/\/terracelodge.com\/de\/wp-json\/wp\/v2\/media?parent=2889"}],"curies":[{"name":"wp","href":"https:\/\/api.w.org\/{rel}","templated":true}]}}