{"id":2895,"date":"2020-09-17T20:41:31","date_gmt":"2020-09-17T20:41:31","guid":{"rendered":"https:\/\/terracelodge.com\/how-to-get-there\/"},"modified":"2021-12-29T20:33:35","modified_gmt":"2021-12-29T23:33:35","slug":"anfahrt","status":"publish","type":"page","link":"https:\/\/terracelodge.com\/de\/anfahrt\/","title":{"rendered":"Anfahrt"},"content":{"rendered":"\t\t<div data-elementor-type=\"wp-page\" data-elementor-id=\"2895\" class=\"elementor elementor-2895 elementor-1813\">\n\t\t\t\t\t\t<section class=\"elementor-section elementor-top-section elementor-element elementor-element-81bebf0 elementor-section-boxed elementor-section-height-default elementor-section-height-default\" data-id=\"81bebf0\" data-element_type=\"section\">\n\t\t\t\t\t\t<div class=\"elementor-container elementor-column-gap-default\">\n\t\t\t\t\t<div class=\"elementor-column elementor-col-100 elementor-top-column elementor-element elementor-element-1c2ca89\" data-id=\"1c2ca89\" data-element_type=\"column\">\n\t\t\t<div class=\"elementor-widget-wrap elementor-element-populated\">\n\t\t\t\t\t\t<div class=\"elementor-element elementor-element-46ffc7b elementor-widget elementor-widget-text-editor\" data-id=\"46ffc7b\" data-element_type=\"widget\" data-widget_type=\"text-editor.default\">\n\t\t\t\t<div class=\"elementor-widget-container\">\n\t\t\t\t\t\t\t\t\t<p><span style=\"font-family: 'Source Sans Pro';\"><strong>Putre<\/strong> liegt 130km von <strong>Arica<\/strong> entfernt auf einer H\u00f6he von 3.500m \u00fcber dem Meeresspiegel. In dem Ort leben etwa 1.300 Menschen. Die Region ist bekannt f\u00fcr die sch\u00f6ne Berglandschaft, beeindruckende Vulkane und die traditionellen D\u00f6rfer, in denen die Zeit stehen geblieben zu sein scheint. Putre ist ein guter Ort, um sich an die H\u00f6he zu gew\u00f6hnen und die sch\u00f6nsten Ecken des Altiplano zu erkunden.<\/span><\/p><p><span style=\"font-family: 'Source Sans Pro';\"><strong>Terrace Lodge<\/strong> liegt am Ortseingang, fu\u00dfl\u00e4ufig zum Marktplatz, der alten Kirche und verschiedenen lokalen Restaurants.<\/span><\/p>\t\t\t\t\t\t\t\t<\/div>\n\t\t\t\t<\/div>\n\t\t\t\t<div class=\"elementor-element elementor-element-7d5c67a elementor-widget elementor-widget-image\" data-id=\"7d5c67a\" data-element_type=\"widget\" data-widget_type=\"image.default\">\n\t\t\t\t<div class=\"elementor-widget-container\">\n\t\t\t\t\t\t\t\t\t\t\t\t\t\t\t<img fetchpriority=\"high\" decoding=\"async\" width=\"768\" height=\"397\" src=\"https:\/\/terracelodge.com\/wp-content\/uploads\/2021\/12\/6.-Putre-1024x529.jpg\" class=\"attachment-large size-large wp-image-4694\" alt=\"How to get to the Putre Hotel Terrace Lodge | Terrace Lodge &amp; Tours, Putre, Arica y Parinacota, Chile\" srcset=\"https:\/\/terracelodge.com\/wp-content\/uploads\/2021\/12\/6.-Putre-1024x529.jpg 1024w, https:\/\/terracelodge.com\/wp-content\/uploads\/2021\/12\/6.-Putre-300x155.jpg 300w, https:\/\/terracelodge.com\/wp-content\/uploads\/2021\/12\/6.-Putre-768x397.jpg 768w, https:\/\/terracelodge.com\/wp-content\/uploads\/2021\/12\/6.-Putre.jpg 1440w\" sizes=\"(max-width: 768px) 100vw, 768px\" \/>\t\t\t\t\t\t\t\t\t\t\t\t\t\t\t<\/div>\n\t\t\t\t<\/div>\n\t\t\t\t<div class=\"elementor-element elementor-element-7afe364 elementor-widget elementor-widget-heading\" data-id=\"7afe364\" data-element_type=\"widget\" data-widget_type=\"heading.default\">\n\t\t\t\t<div class=\"elementor-widget-container\">\n\t\t\t\t\t<h4 class=\"elementor-heading-title elementor-size-default\">Mit dem Flugzeug (Santiago - Arica - Putre):<\/h4>\t\t\t\t<\/div>\n\t\t\t\t<\/div>\n\t\t\t\t<div class=\"elementor-element elementor-element-cc8bb9e elementor-widget elementor-widget-text-editor\" data-id=\"cc8bb9e\" data-element_type=\"widget\" data-widget_type=\"text-editor.default\">\n\t\t\t\t<div class=\"elementor-widget-container\">\n\t\t\t\t\t\t\t\t\t<p><span style=\"font-family: 'Source Sans Pro';\">Es gibt t\u00e4gliche Fl\u00fcge von <strong>Santiago nach Arica<\/strong>. Bitte \u00fcberpr\u00fcfen Sie die Zeiten f\u00fcr Ihre gew\u00fcnschten Reisedaten. Von Arica muss die Reise dann per Bus oder Auto fortgesetzt werden.<\/span><\/p>\t\t\t\t\t\t\t\t<\/div>\n\t\t\t\t<\/div>\n\t\t\t\t<div class=\"elementor-element elementor-element-60c72ba elementor-widget elementor-widget-heading\" data-id=\"60c72ba\" data-element_type=\"widget\" data-widget_type=\"heading.default\">\n\t\t\t\t<div class=\"elementor-widget-container\">\n\t\t\t\t\t<h4 class=\"elementor-heading-title elementor-size-default\">Mit dem Auto (Arica - Putre)<\/h4>\t\t\t\t<\/div>\n\t\t\t\t<\/div>\n\t\t\t\t<div class=\"elementor-element elementor-element-edc0d48 elementor-widget elementor-widget-text-editor\" data-id=\"edc0d48\" data-element_type=\"widget\" data-widget_type=\"text-editor.default\">\n\t\t\t\t<div class=\"elementor-widget-container\">\n\t\t\t\t\t\t\t\t\t<p><span style=\"font-family: 'Source Sans Pro';\">Verlassen Sie Arica \u00fcber die internationale Route 11-CH. Die Stra\u00dfe ist komplett asphaltiert und f\u00fchrt direkt nach <strong>Putre<\/strong> (Ausfahrt 5km, vor dem Ort). Die Fahrt dauert etwa 2,5 Stunden.<\/span><\/p>\t\t\t\t\t\t\t\t<\/div>\n\t\t\t\t<\/div>\n\t\t\t\t<div class=\"elementor-element elementor-element-2e16694 elementor-widget elementor-widget-heading\" data-id=\"2e16694\" data-element_type=\"widget\" data-widget_type=\"heading.default\">\n\t\t\t\t<div class=\"elementor-widget-container\">\n\t\t\t\t\t<h4 class=\"elementor-heading-title elementor-size-default\">Mit dem Bus (Arica - Putre)<\/h4>\t\t\t\t<\/div>\n\t\t\t\t<\/div>\n\t\t\t\t<div class=\"elementor-element elementor-element-efb9d85 elementor-widget elementor-widget-text-editor\" data-id=\"efb9d85\" data-element_type=\"widget\" data-widget_type=\"text-editor.default\">\n\t\t\t\t<div class=\"elementor-widget-container\">\n\t\t\t\t\t\t\t\t\t<p><span style=\"font-family: 'Source Sans Pro';\">Von <strong>Arica<\/strong> aus fahren t\u00e4glich Busse nach <strong>Putre<\/strong>. Am Busterminal startet das Unternehmen \u201eLa Paloma\u201c jeden Tag um 07:00 Uhr. Eine zweite Option ist er Zustieg an der Av. Esteban Rios #2140, wo das Busunternehmen \u201eGutierrez\u201c jeden Montag, Mittwoch und Freitag um 06:30 Uhr abf\u00e4hrt. <\/span><\/p>\t\t\t\t\t\t\t\t<\/div>\n\t\t\t\t<\/div>\n\t\t\t\t<div class=\"elementor-element elementor-element-b4c502e elementor-widget elementor-widget-heading\" data-id=\"b4c502e\" data-element_type=\"widget\" data-widget_type=\"heading.default\">\n\t\t\t\t<div class=\"elementor-widget-container\">\n\t\t\t\t\t<h4 class=\"elementor-heading-title elementor-size-default\">Mit dem Fernbus (Ausstieg am Alto de Putre)<\/h4>\t\t\t\t<\/div>\n\t\t\t\t<\/div>\n\t\t\t\t<div class=\"elementor-element elementor-element-7fce884 elementor-widget elementor-widget-text-editor\" data-id=\"7fce884\" data-element_type=\"widget\" data-widget_type=\"text-editor.default\">\n\t\t\t\t<div class=\"elementor-widget-container\">\n\t\t\t\t\t\t\t\t\t<p><span style=\"font-family: 'Source Sans Pro';\">Die Route 11-CH wird von vielen Fernbussen befahren, die von <strong>Arica (Chile) bis nach La Paz (Bolivien)<\/strong> und zur\u00fcck fahren. Diese Busse fahren nicht bis in den Ort sondern halten am \u201eAlto de Putre\u201c. Vom Alto gibt es keine \u00f6ffentlichen Verkehrsmittel bis nach Putre, daher bietet <strong>Terrace Lodge<\/strong> einen Transferservice f\u00fcr G\u00e4ste an. Bitte informieren Sie uns hierzu im Voraus \u00fcber Ihre Ankunftszeit.<\/span><\/p>\t\t\t\t\t\t\t\t<\/div>\n\t\t\t\t<\/div>\n\t\t\t\t<div class=\"elementor-element elementor-element-ddee5c2 elementor-widget elementor-widget-heading\" data-id=\"ddee5c2\" data-element_type=\"widget\" data-widget_type=\"heading.default\">\n\t\t\t\t<div class=\"elementor-widget-container\">\n\t\t\t\t\t<h4 class=\"elementor-heading-title elementor-size-default\">Mit uns<\/h4>\t\t\t\t<\/div>\n\t\t\t\t<\/div>\n\t\t\t\t<div class=\"elementor-element elementor-element-8dcf525 elementor-widget elementor-widget-text-editor\" data-id=\"8dcf525\" data-element_type=\"widget\" data-widget_type=\"text-editor.default\">\n\t\t\t\t<div class=\"elementor-widget-container\">\n\t\t\t\t\t\t\t\t\t<p><span style=\"font-family: 'Source Sans Pro';\">Gerne organisieren wir einen privaten Transfer von <strong>Arica nach Putre<\/strong> und zur\u00fcck. Bitte kontaktieren Sie uns f\u00fcr weitere Details und die Planung Ihres Transfers.<\/span><\/p><p><span style=\"font-family: 'Source Sans Pro';\"><em>Bis bald!<\/em><\/span><\/p>\t\t\t\t\t\t\t\t<\/div>\n\t\t\t\t<\/div>\n\t\t\t\t\t<\/div>\n\t\t<\/div>\n\t\t\t\t\t<\/div>\n\t\t<\/section>\n\t\t\t\t<\/div>\n\t\t","protected":false},"excerpt":{"rendered":"<p>Putre liegt 130km von Arica entfernt auf einer H\u00f6he von 3.500m \u00fcber dem Meeresspiegel. In dem Ort leben etwa 1.300 Menschen. Die Region ist bekannt f\u00fcr die sch\u00f6ne Berglandschaft, beeindruckende Vulkane und die traditionellen D\u00f6rfer, in denen die Zeit stehen geblieben zu sein scheint. Putre ist ein guter Ort, um sich an die H\u00f6he zu [&hellip;]<\/p>\n","protected":false},"author":1,"featured_media":0,"parent":0,"menu_order":0,"comment_status":"closed","ping_status":"closed","template":"","meta":{"_joinchat":[],"footnotes":""},"class_list":["post-2895","page","type-page","status-publish","hentry"],"yoast_head":"<!-- This site is optimized with the Yoast SEO plugin v26.9 - https:\/\/yoast.com\/product\/yoast-seo-wordpress\/ -->\n<title>Anfahrt | Terrace Lodge<\/title>\n<meta name=\"description\" content=\"Terrace Lodge liegt am Ortseingang, fu\u00dfl\u00e4ufig zum Marktplatz, der alten Kirche und verschiedenen lokalen Restaurants.\" \/>\n<meta name=\"robots\" content=\"index, follow, max-snippet:-1, max-image-preview:large, max-video-preview:-1\" \/>\n<link rel=\"canonical\" href=\"https:\/\/terracelodge.com\/de\/anfahrt\/\" \/>\n<meta property=\"og:locale\" content=\"de_DE\" \/>\n<meta property=\"og:type\" content=\"article\" \/>\n<meta property=\"og:title\" content=\"Anfahrt | Terrace Lodge\" \/>\n<meta property=\"og:description\" content=\"Terrace Lodge liegt am Ortseingang, fu\u00dfl\u00e4ufig zum Marktplatz, der alten Kirche und verschiedenen lokalen Restaurants.\" \/>\n<meta property=\"og:url\" content=\"https:\/\/terracelodge.com\/de\/anfahrt\/\" \/>\n<meta property=\"og:site_name\" content=\"Terrace Lodge\" \/>\n<meta property=\"article:publisher\" content=\"https:\/\/www.facebook.com\/terracelodgeputre\/\" \/>\n<meta property=\"article:modified_time\" content=\"2021-12-29T23:33:35+00:00\" \/>\n<meta property=\"og:image\" content=\"https:\/\/terracelodge.com\/wp-content\/uploads\/2021\/12\/6.-Putre-1024x529.jpg\" \/>\n<meta name=\"twitter:card\" content=\"summary_large_image\" \/>\n<meta name=\"twitter:label1\" content=\"Gesch\u00e4tzte Lesezeit\" \/>\n\t<meta name=\"twitter:data1\" content=\"2\u00a0Minuten\" \/>\n<script type=\"application\/ld+json\" class=\"yoast-schema-graph\">{\"@context\":\"https:\/\/schema.org\",\"@graph\":[{\"@type\":\"WebPage\",\"@id\":\"https:\/\/terracelodge.com\/de\/anfahrt\/\",\"url\":\"https:\/\/terracelodge.com\/de\/anfahrt\/\",\"name\":\"Anfahrt | Terrace Lodge\",\"isPartOf\":{\"@id\":\"https:\/\/terracelodge.com\/de\/#website\"},\"primaryImageOfPage\":{\"@id\":\"https:\/\/terracelodge.com\/de\/anfahrt\/#primaryimage\"},\"image\":{\"@id\":\"https:\/\/terracelodge.com\/de\/anfahrt\/#primaryimage\"},\"thumbnailUrl\":\"https:\/\/terracelodge.com\/wp-content\/uploads\/2021\/12\/6.-Putre-1024x529.jpg\",\"datePublished\":\"2020-09-17T20:41:31+00:00\",\"dateModified\":\"2021-12-29T23:33:35+00:00\",\"description\":\"Terrace Lodge liegt am Ortseingang, fu\u00dfl\u00e4ufig zum Marktplatz, der alten Kirche und verschiedenen lokalen Restaurants.\",\"breadcrumb\":{\"@id\":\"https:\/\/terracelodge.com\/de\/anfahrt\/#breadcrumb\"},\"inLanguage\":\"de\",\"potentialAction\":[{\"@type\":\"ReadAction\",\"target\":[\"https:\/\/terracelodge.com\/de\/anfahrt\/\"]}]},{\"@type\":\"ImageObject\",\"inLanguage\":\"de\",\"@id\":\"https:\/\/terracelodge.com\/de\/anfahrt\/#primaryimage\",\"url\":\"https:\/\/terracelodge.com\/wp-content\/uploads\/2021\/12\/6.-Putre-1024x529.jpg\",\"contentUrl\":\"https:\/\/terracelodge.com\/wp-content\/uploads\/2021\/12\/6.-Putre-1024x529.jpg\"},{\"@type\":\"BreadcrumbList\",\"@id\":\"https:\/\/terracelodge.com\/de\/anfahrt\/#breadcrumb\",\"itemListElement\":[{\"@type\":\"ListItem\",\"position\":1,\"name\":\"Portada\",\"item\":\"https:\/\/terracelodge.com\/de\/\"},{\"@type\":\"ListItem\",\"position\":2,\"name\":\"Anfahrt\"}]},{\"@type\":\"WebSite\",\"@id\":\"https:\/\/terracelodge.com\/de\/#website\",\"url\":\"https:\/\/terracelodge.com\/de\/\",\"name\":\"Terrace Lodge\",\"description\":\"Hotel Putre\",\"publisher\":{\"@id\":\"https:\/\/terracelodge.com\/de\/#organization\"},\"potentialAction\":[{\"@type\":\"SearchAction\",\"target\":{\"@type\":\"EntryPoint\",\"urlTemplate\":\"https:\/\/terracelodge.com\/de\/?s={search_term_string}\"},\"query-input\":{\"@type\":\"PropertyValueSpecification\",\"valueRequired\":true,\"valueName\":\"search_term_string\"}}],\"inLanguage\":\"de\"},{\"@type\":\"Organization\",\"@id\":\"https:\/\/terracelodge.com\/de\/#organization\",\"name\":\"Terrace Lodge\",\"url\":\"https:\/\/terracelodge.com\/de\/\",\"logo\":{\"@type\":\"ImageObject\",\"inLanguage\":\"de\",\"@id\":\"https:\/\/terracelodge.com\/de\/#\/schema\/logo\/image\/\",\"url\":\"https:\/\/terracelodge.com\/wp-content\/uploads\/2020\/09\/cropped-logo-terrace-1.png\",\"contentUrl\":\"https:\/\/terracelodge.com\/wp-content\/uploads\/2020\/09\/cropped-logo-terrace-1.png\",\"width\":221,\"height\":50,\"caption\":\"Terrace Lodge\"},\"image\":{\"@id\":\"https:\/\/terracelodge.com\/de\/#\/schema\/logo\/image\/\"},\"sameAs\":[\"https:\/\/www.facebook.com\/terracelodgeputre\/\",\"https:\/\/www.instagram.com\/terracelodgeputre\/\",\"https:\/\/www.youtube.com\/channel\/UC2B3fyd0obC0sPFAQIfJI_A\"]}]}<\/script>\n<!-- \/ Yoast SEO plugin. -->","yoast_head_json":{"title":"Anfahrt | Terrace Lodge","description":"Terrace Lodge liegt am Ortseingang, fu\u00dfl\u00e4ufig zum Marktplatz, der alten Kirche und verschiedenen lokalen Restaurants.","robots":{"index":"index","follow":"follow","max-snippet":"max-snippet:-1","max-image-preview":"max-image-preview:large","max-video-preview":"max-video-preview:-1"},"canonical":"https:\/\/terracelodge.com\/de\/anfahrt\/","og_locale":"de_DE","og_type":"article","og_title":"Anfahrt | Terrace Lodge","og_description":"Terrace Lodge liegt am Ortseingang, fu\u00dfl\u00e4ufig zum Marktplatz, der alten Kirche und verschiedenen lokalen Restaurants.","og_url":"https:\/\/terracelodge.com\/de\/anfahrt\/","og_site_name":"Terrace Lodge","article_publisher":"https:\/\/www.facebook.com\/terracelodgeputre\/","article_modified_time":"2021-12-29T23:33:35+00:00","og_image":[{"url":"https:\/\/terracelodge.com\/wp-content\/uploads\/2021\/12\/6.-Putre-1024x529.jpg","type":"","width":"","height":""}],"twitter_card":"summary_large_image","twitter_misc":{"Gesch\u00e4tzte Lesezeit":"2\u00a0Minuten"},"schema":{"@context":"https:\/\/schema.org","@graph":[{"@type":"WebPage","@id":"https:\/\/terracelodge.com\/de\/anfahrt\/","url":"https:\/\/terracelodge.com\/de\/anfahrt\/","name":"Anfahrt | Terrace Lodge","isPartOf":{"@id":"https:\/\/terracelodge.com\/de\/#website"},"primaryImageOfPage":{"@id":"https:\/\/terracelodge.com\/de\/anfahrt\/#primaryimage"},"image":{"@id":"https:\/\/terracelodge.com\/de\/anfahrt\/#primaryimage"},"thumbnailUrl":"https:\/\/terracelodge.com\/wp-content\/uploads\/2021\/12\/6.-Putre-1024x529.jpg","datePublished":"2020-09-17T20:41:31+00:00","dateModified":"2021-12-29T23:33:35+00:00","description":"Terrace Lodge liegt am Ortseingang, fu\u00dfl\u00e4ufig zum Marktplatz, der alten Kirche und verschiedenen lokalen Restaurants.","breadcrumb":{"@id":"https:\/\/terracelodge.com\/de\/anfahrt\/#breadcrumb"},"inLanguage":"de","potentialAction":[{"@type":"ReadAction","target":["https:\/\/terracelodge.com\/de\/anfahrt\/"]}]},{"@type":"ImageObject","inLanguage":"de","@id":"https:\/\/terracelodge.com\/de\/anfahrt\/#primaryimage","url":"https:\/\/terracelodge.com\/wp-content\/uploads\/2021\/12\/6.-Putre-1024x529.jpg","contentUrl":"https:\/\/terracelodge.com\/wp-content\/uploads\/2021\/12\/6.-Putre-1024x529.jpg"},{"@type":"BreadcrumbList","@id":"https:\/\/terracelodge.com\/de\/anfahrt\/#breadcrumb","itemListElement":[{"@type":"ListItem","position":1,"name":"Portada","item":"https:\/\/terracelodge.com\/de\/"},{"@type":"ListItem","position":2,"name":"Anfahrt"}]},{"@type":"WebSite","@id":"https:\/\/terracelodge.com\/de\/#website","url":"https:\/\/terracelodge.com\/de\/","name":"Terrace Lodge","description":"Hotel Putre","publisher":{"@id":"https:\/\/terracelodge.com\/de\/#organization"},"potentialAction":[{"@type":"SearchAction","target":{"@type":"EntryPoint","urlTemplate":"https:\/\/terracelodge.com\/de\/?s={search_term_string}"},"query-input":{"@type":"PropertyValueSpecification","valueRequired":true,"valueName":"search_term_string"}}],"inLanguage":"de"},{"@type":"Organization","@id":"https:\/\/terracelodge.com\/de\/#organization","name":"Terrace Lodge","url":"https:\/\/terracelodge.com\/de\/","logo":{"@type":"ImageObject","inLanguage":"de","@id":"https:\/\/terracelodge.com\/de\/#\/schema\/logo\/image\/","url":"https:\/\/terracelodge.com\/wp-content\/uploads\/2020\/09\/cropped-logo-terrace-1.png","contentUrl":"https:\/\/terracelodge.com\/wp-content\/uploads\/2020\/09\/cropped-logo-terrace-1.png","width":221,"height":50,"caption":"Terrace Lodge"},"image":{"@id":"https:\/\/terracelodge.com\/de\/#\/schema\/logo\/image\/"},"sameAs":["https:\/\/www.facebook.com\/terracelodgeputre\/","https:\/\/www.instagram.com\/terracelodgeputre\/","https:\/\/www.youtube.com\/channel\/UC2B3fyd0obC0sPFAQIfJI_A"]}]}},"_links":{"self":[{"href":"https:\/\/terracelodge.com\/de\/wp-json\/wp\/v2\/pages\/2895","targetHints":{"allow":["GET"]}}],"collection":[{"href":"https:\/\/terracelodge.com\/de\/wp-json\/wp\/v2\/pages"}],"about":[{"href":"https:\/\/terracelodge.com\/de\/wp-json\/wp\/v2\/types\/page"}],"author":[{"embeddable":true,"href":"https:\/\/terracelodge.com\/de\/wp-json\/wp\/v2\/users\/1"}],"replies":[{"embeddable":true,"href":"https:\/\/terracelodge.com\/de\/wp-json\/wp\/v2\/comments?post=2895"}],"version-history":[{"count":5,"href":"https:\/\/terracelodge.com\/de\/wp-json\/wp\/v2\/pages\/2895\/revisions"}],"predecessor-version":[{"id":4849,"href":"https:\/\/terracelodge.com\/de\/wp-json\/wp\/v2\/pages\/2895\/revisions\/4849"}],"wp:attachment":[{"href":"https:\/\/terracelodge.com\/de\/wp-json\/wp\/v2\/media?parent=2895"}],"curies":[{"name":"wp","href":"https:\/\/api.w.org\/{rel}","templated":true}]}}