{"id":2901,"date":"2020-09-01T05:35:16","date_gmt":"2020-09-01T05:35:16","guid":{"rendered":"https:\/\/terracelodge.com\/hotel-putre-chile\/"},"modified":"2021-12-29T22:56:49","modified_gmt":"2021-12-30T01:56:49","slug":"hotel-putre-chile","status":"publish","type":"page","link":"https:\/\/terracelodge.com\/de\/hotel-putre-chile\/","title":{"rendered":"Hotel | Putre, Chile"},"content":{"rendered":"\t\t<div data-elementor-type=\"wp-page\" data-elementor-id=\"2901\" class=\"elementor elementor-2901 elementor-1350\">\n\t\t\t\t\t\t<section class=\"elementor-section elementor-top-section elementor-element elementor-element-9bd3396 elementor-section-boxed elementor-section-height-default elementor-section-height-default\" data-id=\"9bd3396\" data-element_type=\"section\">\n\t\t\t\t\t\t<div class=\"elementor-container elementor-column-gap-default\">\n\t\t\t\t\t<div class=\"elementor-column elementor-col-50 elementor-top-column elementor-element elementor-element-1a8a7a3\" data-id=\"1a8a7a3\" data-element_type=\"column\">\n\t\t\t<div class=\"elementor-widget-wrap elementor-element-populated\">\n\t\t\t\t\t\t<div class=\"elementor-element elementor-element-51e56cf elementor-widget elementor-widget-image\" data-id=\"51e56cf\" data-element_type=\"widget\" data-widget_type=\"image.default\">\n\t\t\t\t<div class=\"elementor-widget-container\">\n\t\t\t\t\t\t\t\t\t\t\t\t\t\t\t\t<a href=\"https:\/\/terracelodge.com\/de\/doppelzimmer-1-bett\/\">\n\t\t\t\t\t\t\t<img fetchpriority=\"high\" decoding=\"async\" width=\"596\" height=\"397\" src=\"https:\/\/terracelodge.com\/wp-content\/uploads\/2021\/09\/Hab-Matrimonial.jpg\" class=\"attachment-full size-full wp-image-4353\" alt=\"Terrace Lodge &amp; Tours, Hotel en Putre, Arica y Parinacota, Chile\" srcset=\"https:\/\/terracelodge.com\/wp-content\/uploads\/2021\/09\/Hab-Matrimonial.jpg 596w, https:\/\/terracelodge.com\/wp-content\/uploads\/2021\/09\/Hab-Matrimonial-300x200.jpg 300w\" sizes=\"(max-width: 596px) 100vw, 596px\" \/>\t\t\t\t\t\t\t\t<\/a>\n\t\t\t\t\t\t\t\t\t\t\t\t\t\t\t<\/div>\n\t\t\t\t<\/div>\n\t\t\t\t<div class=\"elementor-element elementor-element-018733c elementor-widget elementor-widget-heading\" data-id=\"018733c\" data-element_type=\"widget\" data-widget_type=\"heading.default\">\n\t\t\t\t<div class=\"elementor-widget-container\">\n\t\t\t\t\t<h2 class=\"elementor-heading-title elementor-size-default\"><a href=\"https:\/\/terracelodge.com\/de\/doppelzimmer-1-bett\/\">Doppelzimmer \u2013 1 Bett<\/a><\/h2>\t\t\t\t<\/div>\n\t\t\t\t<\/div>\n\t\t\t\t<div class=\"elementor-element elementor-element-367a3cd elementor-widget elementor-widget-text-editor\" data-id=\"367a3cd\" data-element_type=\"widget\" data-widget_type=\"text-editor.default\">\n\t\t\t\t<div class=\"elementor-widget-container\">\n\t\t\t\t\t\t\t\t\t<p><span style=\"font-family: 'Source Sans Pro';\">Inmitten von Vulkanen und T\u00e4lern bietet <strong>Terrace Lodge<\/strong> 5 gem\u00fctliche Zimmer mit Ausblick auf die Berge. Die Architektur der Lodge f\u00fcgt sich harmonisch in die Umgebung des Dorfes und der umliegenden Natur ein und repr\u00e4sentiert die uralte Kultur der Region.<\/span><\/p>\t\t\t\t\t\t\t\t<\/div>\n\t\t\t\t<\/div>\n\t\t\t\t<div class=\"elementor-element elementor-element-24fb139 elementor-align-center elementor-widget elementor-widget-button\" data-id=\"24fb139\" data-element_type=\"widget\" data-widget_type=\"button.default\">\n\t\t\t\t<div class=\"elementor-widget-container\">\n\t\t\t\t\t\t\t\t\t<div class=\"elementor-button-wrapper\">\n\t\t\t\t\t<a class=\"elementor-button elementor-button-link elementor-size-sm\" href=\"https:\/\/terracelodge.com\/de\/doppelzimmer-1-bett\/\">\n\t\t\t\t\t\t<span class=\"elementor-button-content-wrapper\">\n\t\t\t\t\t\t<span class=\"elementor-button-icon\">\n\t\t\t\t<i aria-hidden=\"true\" class=\"far fa-calendar-alt\"><\/i>\t\t\t<\/span>\n\t\t\t\t\t\t\t\t\t<span class=\"elementor-button-text\">Buchen Sie jetzt<\/span>\n\t\t\t\t\t<\/span>\n\t\t\t\t\t<\/a>\n\t\t\t\t<\/div>\n\t\t\t\t\t\t\t\t<\/div>\n\t\t\t\t<\/div>\n\t\t\t\t\t<\/div>\n\t\t<\/div>\n\t\t\t\t<div class=\"elementor-column elementor-col-50 elementor-top-column elementor-element elementor-element-51e2e49\" data-id=\"51e2e49\" data-element_type=\"column\">\n\t\t\t<div class=\"elementor-widget-wrap elementor-element-populated\">\n\t\t\t\t\t\t<div class=\"elementor-element elementor-element-63d99f7 elementor-widget elementor-widget-image\" data-id=\"63d99f7\" data-element_type=\"widget\" data-widget_type=\"image.default\">\n\t\t\t\t<div class=\"elementor-widget-container\">\n\t\t\t\t\t\t\t\t\t\t\t\t\t\t\t\t<a href=\"https:\/\/terracelodge.com\/de\/doppelzimmer-zwei-betten\/\">\n\t\t\t\t\t\t\t<img decoding=\"async\" width=\"1440\" height=\"952\" src=\"https:\/\/terracelodge.com\/wp-content\/uploads\/2021\/09\/Hab-Twin.jpg\" class=\"attachment-full size-full wp-image-4435\" alt=\"Terrace Lodge &amp; Tours, Hotel en Putre, Arica y Parinacota, Chile\" srcset=\"https:\/\/terracelodge.com\/wp-content\/uploads\/2021\/09\/Hab-Twin.jpg 1440w, https:\/\/terracelodge.com\/wp-content\/uploads\/2021\/09\/Hab-Twin-300x198.jpg 300w, https:\/\/terracelodge.com\/wp-content\/uploads\/2021\/09\/Hab-Twin-1024x677.jpg 1024w, https:\/\/terracelodge.com\/wp-content\/uploads\/2021\/09\/Hab-Twin-768x508.jpg 768w\" sizes=\"(max-width: 1440px) 100vw, 1440px\" \/>\t\t\t\t\t\t\t\t<\/a>\n\t\t\t\t\t\t\t\t\t\t\t\t\t\t\t<\/div>\n\t\t\t\t<\/div>\n\t\t\t\t<div class=\"elementor-element elementor-element-de68192 elementor-widget elementor-widget-heading\" data-id=\"de68192\" data-element_type=\"widget\" data-widget_type=\"heading.default\">\n\t\t\t\t<div class=\"elementor-widget-container\">\n\t\t\t\t\t<h2 class=\"elementor-heading-title elementor-size-default\"><a href=\"https:\/\/terracelodge.com\/de\/doppelzimmer-zwei-betten\/\">Doppelzimmer - 2 Betten<\/a><\/h2>\t\t\t\t<\/div>\n\t\t\t\t<\/div>\n\t\t\t\t<div class=\"elementor-element elementor-element-0058b33 elementor-widget elementor-widget-text-editor\" data-id=\"0058b33\" data-element_type=\"widget\" data-widget_type=\"text-editor.default\">\n\t\t\t\t<div class=\"elementor-widget-container\">\n\t\t\t\t\t\t\t\t\t<p><span style=\"font-family: 'Source Sans Pro';\">Inmitten von Vulkanen und T\u00e4lern bietet <strong>Terrace Lodge<\/strong> 5 gem\u00fctliche Zimmer mit Ausblick auf die Berge. Die Architektur der Lodge f\u00fcgt sich harmonisch in die Umgebung des Dorfes und der umliegenden Natur ein und repr\u00e4sentiert die uralte Kultur der Region.<\/span><\/p>\t\t\t\t\t\t\t\t<\/div>\n\t\t\t\t<\/div>\n\t\t\t\t<div class=\"elementor-element elementor-element-157e43d elementor-align-center elementor-widget elementor-widget-button\" data-id=\"157e43d\" data-element_type=\"widget\" data-widget_type=\"button.default\">\n\t\t\t\t<div class=\"elementor-widget-container\">\n\t\t\t\t\t\t\t\t\t<div class=\"elementor-button-wrapper\">\n\t\t\t\t\t<a class=\"elementor-button elementor-button-link elementor-size-sm\" href=\"https:\/\/terracelodge.com\/de\/doppelzimmer-zwei-betten\/\">\n\t\t\t\t\t\t<span class=\"elementor-button-content-wrapper\">\n\t\t\t\t\t\t<span class=\"elementor-button-icon\">\n\t\t\t\t<i aria-hidden=\"true\" class=\"far fa-calendar-alt\"><\/i>\t\t\t<\/span>\n\t\t\t\t\t\t\t\t\t<span class=\"elementor-button-text\">Buchen Sie jetzt<\/span>\n\t\t\t\t\t<\/span>\n\t\t\t\t\t<\/a>\n\t\t\t\t<\/div>\n\t\t\t\t\t\t\t\t<\/div>\n\t\t\t\t<\/div>\n\t\t\t\t\t<\/div>\n\t\t<\/div>\n\t\t\t\t\t<\/div>\n\t\t<\/section>\n\t\t\t\t<\/div>\n\t\t","protected":false},"excerpt":{"rendered":"<p>Doppelzimmer \u2013 1 Bett Inmitten von Vulkanen und T\u00e4lern bietet Terrace Lodge 5 gem\u00fctliche Zimmer mit Ausblick auf die Berge. Die Architektur der Lodge f\u00fcgt sich harmonisch in die Umgebung des Dorfes und der umliegenden Natur ein und repr\u00e4sentiert die uralte Kultur der Region. Buchen Sie jetzt Doppelzimmer &#8211; 2 Betten Inmitten von Vulkanen und [&hellip;]<\/p>\n","protected":false},"author":1,"featured_media":0,"parent":0,"menu_order":0,"comment_status":"closed","ping_status":"closed","template":"template-no-sidebar.php","meta":{"_joinchat":[],"footnotes":""},"class_list":["post-2901","page","type-page","status-publish","hentry"],"yoast_head":"<!-- This site is optimized with the Yoast SEO plugin v26.9 - https:\/\/yoast.com\/product\/yoast-seo-wordpress\/ -->\n<title>Hotel | Putre, Chile | Terrace Lodge<\/title>\n<meta name=\"description\" content=\"Inmitten von Vulkanen und T\u00e4lern bietet Terrace Lodge 5 gem\u00fctliche Zimmer mit Ausblick auf die Berge. Die Architektur der Lodge f\u00fcgt sich harmonisch in die Umgebung des Dorfes und der umliegenden Natur ein und repr\u00e4sentiert die uralte Kultur der Region.\" \/>\n<meta name=\"robots\" content=\"index, follow, max-snippet:-1, max-image-preview:large, max-video-preview:-1\" \/>\n<link rel=\"canonical\" href=\"https:\/\/terracelodge.com\/de\/hotel-putre-chile\/\" \/>\n<meta property=\"og:locale\" content=\"de_DE\" \/>\n<meta property=\"og:type\" content=\"article\" \/>\n<meta property=\"og:title\" content=\"Hotel | Putre, Chile | Terrace Lodge\" \/>\n<meta property=\"og:description\" content=\"Inmitten von Vulkanen und T\u00e4lern bietet Terrace Lodge 5 gem\u00fctliche Zimmer mit Ausblick auf die Berge. Die Architektur der Lodge f\u00fcgt sich harmonisch in die Umgebung des Dorfes und der umliegenden Natur ein und repr\u00e4sentiert die uralte Kultur der Region.\" \/>\n<meta property=\"og:url\" content=\"https:\/\/terracelodge.com\/de\/hotel-putre-chile\/\" \/>\n<meta property=\"og:site_name\" content=\"Terrace Lodge\" \/>\n<meta property=\"article:publisher\" content=\"https:\/\/www.facebook.com\/terracelodgeputre\/\" \/>\n<meta property=\"article:modified_time\" content=\"2021-12-30T01:56:49+00:00\" \/>\n<meta property=\"og:image\" content=\"https:\/\/terracelodge.com\/wp-content\/uploads\/2021\/09\/Hab-Matrimonial.jpg\" \/>\n<meta name=\"twitter:card\" content=\"summary_large_image\" \/>\n<meta name=\"twitter:label1\" content=\"Gesch\u00e4tzte Lesezeit\" \/>\n\t<meta name=\"twitter:data1\" content=\"1\u00a0Minute\" \/>\n<script type=\"application\/ld+json\" class=\"yoast-schema-graph\">{\"@context\":\"https:\/\/schema.org\",\"@graph\":[{\"@type\":\"WebPage\",\"@id\":\"https:\/\/terracelodge.com\/de\/hotel-putre-chile\/\",\"url\":\"https:\/\/terracelodge.com\/de\/hotel-putre-chile\/\",\"name\":\"Hotel | Putre, Chile | Terrace Lodge\",\"isPartOf\":{\"@id\":\"https:\/\/terracelodge.com\/de\/#website\"},\"primaryImageOfPage\":{\"@id\":\"https:\/\/terracelodge.com\/de\/hotel-putre-chile\/#primaryimage\"},\"image\":{\"@id\":\"https:\/\/terracelodge.com\/de\/hotel-putre-chile\/#primaryimage\"},\"thumbnailUrl\":\"https:\/\/terracelodge.com\/wp-content\/uploads\/2021\/09\/Hab-Matrimonial.jpg\",\"datePublished\":\"2020-09-01T05:35:16+00:00\",\"dateModified\":\"2021-12-30T01:56:49+00:00\",\"description\":\"Inmitten von Vulkanen und T\u00e4lern bietet Terrace Lodge 5 gem\u00fctliche Zimmer mit Ausblick auf die Berge. Die Architektur der Lodge f\u00fcgt sich harmonisch in die Umgebung des Dorfes und der umliegenden Natur ein und repr\u00e4sentiert die uralte Kultur der Region.\",\"breadcrumb\":{\"@id\":\"https:\/\/terracelodge.com\/de\/hotel-putre-chile\/#breadcrumb\"},\"inLanguage\":\"de\",\"potentialAction\":[{\"@type\":\"ReadAction\",\"target\":[\"https:\/\/terracelodge.com\/de\/hotel-putre-chile\/\"]}]},{\"@type\":\"ImageObject\",\"inLanguage\":\"de\",\"@id\":\"https:\/\/terracelodge.com\/de\/hotel-putre-chile\/#primaryimage\",\"url\":\"https:\/\/terracelodge.com\/wp-content\/uploads\/2021\/09\/Hab-Matrimonial.jpg\",\"contentUrl\":\"https:\/\/terracelodge.com\/wp-content\/uploads\/2021\/09\/Hab-Matrimonial.jpg\"},{\"@type\":\"BreadcrumbList\",\"@id\":\"https:\/\/terracelodge.com\/de\/hotel-putre-chile\/#breadcrumb\",\"itemListElement\":[{\"@type\":\"ListItem\",\"position\":1,\"name\":\"Portada\",\"item\":\"https:\/\/terracelodge.com\/de\/\"},{\"@type\":\"ListItem\",\"position\":2,\"name\":\"Hotel | Putre, Chile\"}]},{\"@type\":\"WebSite\",\"@id\":\"https:\/\/terracelodge.com\/de\/#website\",\"url\":\"https:\/\/terracelodge.com\/de\/\",\"name\":\"Terrace Lodge\",\"description\":\"Hotel Putre\",\"publisher\":{\"@id\":\"https:\/\/terracelodge.com\/de\/#organization\"},\"potentialAction\":[{\"@type\":\"SearchAction\",\"target\":{\"@type\":\"EntryPoint\",\"urlTemplate\":\"https:\/\/terracelodge.com\/de\/?s={search_term_string}\"},\"query-input\":{\"@type\":\"PropertyValueSpecification\",\"valueRequired\":true,\"valueName\":\"search_term_string\"}}],\"inLanguage\":\"de\"},{\"@type\":\"Organization\",\"@id\":\"https:\/\/terracelodge.com\/de\/#organization\",\"name\":\"Terrace Lodge\",\"url\":\"https:\/\/terracelodge.com\/de\/\",\"logo\":{\"@type\":\"ImageObject\",\"inLanguage\":\"de\",\"@id\":\"https:\/\/terracelodge.com\/de\/#\/schema\/logo\/image\/\",\"url\":\"https:\/\/terracelodge.com\/wp-content\/uploads\/2020\/09\/cropped-logo-terrace-1.png\",\"contentUrl\":\"https:\/\/terracelodge.com\/wp-content\/uploads\/2020\/09\/cropped-logo-terrace-1.png\",\"width\":221,\"height\":50,\"caption\":\"Terrace Lodge\"},\"image\":{\"@id\":\"https:\/\/terracelodge.com\/de\/#\/schema\/logo\/image\/\"},\"sameAs\":[\"https:\/\/www.facebook.com\/terracelodgeputre\/\",\"https:\/\/www.instagram.com\/terracelodgeputre\/\",\"https:\/\/www.youtube.com\/channel\/UC2B3fyd0obC0sPFAQIfJI_A\"]}]}<\/script>\n<!-- \/ Yoast SEO plugin. -->","yoast_head_json":{"title":"Hotel | Putre, Chile | Terrace Lodge","description":"Inmitten von Vulkanen und T\u00e4lern bietet Terrace Lodge 5 gem\u00fctliche Zimmer mit Ausblick auf die Berge. Die Architektur der Lodge f\u00fcgt sich harmonisch in die Umgebung des Dorfes und der umliegenden Natur ein und repr\u00e4sentiert die uralte Kultur der Region.","robots":{"index":"index","follow":"follow","max-snippet":"max-snippet:-1","max-image-preview":"max-image-preview:large","max-video-preview":"max-video-preview:-1"},"canonical":"https:\/\/terracelodge.com\/de\/hotel-putre-chile\/","og_locale":"de_DE","og_type":"article","og_title":"Hotel | Putre, Chile | Terrace Lodge","og_description":"Inmitten von Vulkanen und T\u00e4lern bietet Terrace Lodge 5 gem\u00fctliche Zimmer mit Ausblick auf die Berge. Die Architektur der Lodge f\u00fcgt sich harmonisch in die Umgebung des Dorfes und der umliegenden Natur ein und repr\u00e4sentiert die uralte Kultur der Region.","og_url":"https:\/\/terracelodge.com\/de\/hotel-putre-chile\/","og_site_name":"Terrace Lodge","article_publisher":"https:\/\/www.facebook.com\/terracelodgeputre\/","article_modified_time":"2021-12-30T01:56:49+00:00","og_image":[{"url":"https:\/\/terracelodge.com\/wp-content\/uploads\/2021\/09\/Hab-Matrimonial.jpg","type":"","width":"","height":""}],"twitter_card":"summary_large_image","twitter_misc":{"Gesch\u00e4tzte Lesezeit":"1\u00a0Minute"},"schema":{"@context":"https:\/\/schema.org","@graph":[{"@type":"WebPage","@id":"https:\/\/terracelodge.com\/de\/hotel-putre-chile\/","url":"https:\/\/terracelodge.com\/de\/hotel-putre-chile\/","name":"Hotel | Putre, Chile | Terrace Lodge","isPartOf":{"@id":"https:\/\/terracelodge.com\/de\/#website"},"primaryImageOfPage":{"@id":"https:\/\/terracelodge.com\/de\/hotel-putre-chile\/#primaryimage"},"image":{"@id":"https:\/\/terracelodge.com\/de\/hotel-putre-chile\/#primaryimage"},"thumbnailUrl":"https:\/\/terracelodge.com\/wp-content\/uploads\/2021\/09\/Hab-Matrimonial.jpg","datePublished":"2020-09-01T05:35:16+00:00","dateModified":"2021-12-30T01:56:49+00:00","description":"Inmitten von Vulkanen und T\u00e4lern bietet Terrace Lodge 5 gem\u00fctliche Zimmer mit Ausblick auf die Berge. Die Architektur der Lodge f\u00fcgt sich harmonisch in die Umgebung des Dorfes und der umliegenden Natur ein und repr\u00e4sentiert die uralte Kultur der Region.","breadcrumb":{"@id":"https:\/\/terracelodge.com\/de\/hotel-putre-chile\/#breadcrumb"},"inLanguage":"de","potentialAction":[{"@type":"ReadAction","target":["https:\/\/terracelodge.com\/de\/hotel-putre-chile\/"]}]},{"@type":"ImageObject","inLanguage":"de","@id":"https:\/\/terracelodge.com\/de\/hotel-putre-chile\/#primaryimage","url":"https:\/\/terracelodge.com\/wp-content\/uploads\/2021\/09\/Hab-Matrimonial.jpg","contentUrl":"https:\/\/terracelodge.com\/wp-content\/uploads\/2021\/09\/Hab-Matrimonial.jpg"},{"@type":"BreadcrumbList","@id":"https:\/\/terracelodge.com\/de\/hotel-putre-chile\/#breadcrumb","itemListElement":[{"@type":"ListItem","position":1,"name":"Portada","item":"https:\/\/terracelodge.com\/de\/"},{"@type":"ListItem","position":2,"name":"Hotel | Putre, Chile"}]},{"@type":"WebSite","@id":"https:\/\/terracelodge.com\/de\/#website","url":"https:\/\/terracelodge.com\/de\/","name":"Terrace Lodge","description":"Hotel Putre","publisher":{"@id":"https:\/\/terracelodge.com\/de\/#organization"},"potentialAction":[{"@type":"SearchAction","target":{"@type":"EntryPoint","urlTemplate":"https:\/\/terracelodge.com\/de\/?s={search_term_string}"},"query-input":{"@type":"PropertyValueSpecification","valueRequired":true,"valueName":"search_term_string"}}],"inLanguage":"de"},{"@type":"Organization","@id":"https:\/\/terracelodge.com\/de\/#organization","name":"Terrace Lodge","url":"https:\/\/terracelodge.com\/de\/","logo":{"@type":"ImageObject","inLanguage":"de","@id":"https:\/\/terracelodge.com\/de\/#\/schema\/logo\/image\/","url":"https:\/\/terracelodge.com\/wp-content\/uploads\/2020\/09\/cropped-logo-terrace-1.png","contentUrl":"https:\/\/terracelodge.com\/wp-content\/uploads\/2020\/09\/cropped-logo-terrace-1.png","width":221,"height":50,"caption":"Terrace Lodge"},"image":{"@id":"https:\/\/terracelodge.com\/de\/#\/schema\/logo\/image\/"},"sameAs":["https:\/\/www.facebook.com\/terracelodgeputre\/","https:\/\/www.instagram.com\/terracelodgeputre\/","https:\/\/www.youtube.com\/channel\/UC2B3fyd0obC0sPFAQIfJI_A"]}]}},"_links":{"self":[{"href":"https:\/\/terracelodge.com\/de\/wp-json\/wp\/v2\/pages\/2901","targetHints":{"allow":["GET"]}}],"collection":[{"href":"https:\/\/terracelodge.com\/de\/wp-json\/wp\/v2\/pages"}],"about":[{"href":"https:\/\/terracelodge.com\/de\/wp-json\/wp\/v2\/types\/page"}],"author":[{"embeddable":true,"href":"https:\/\/terracelodge.com\/de\/wp-json\/wp\/v2\/users\/1"}],"replies":[{"embeddable":true,"href":"https:\/\/terracelodge.com\/de\/wp-json\/wp\/v2\/comments?post=2901"}],"version-history":[{"count":5,"href":"https:\/\/terracelodge.com\/de\/wp-json\/wp\/v2\/pages\/2901\/revisions"}],"predecessor-version":[{"id":4921,"href":"https:\/\/terracelodge.com\/de\/wp-json\/wp\/v2\/pages\/2901\/revisions\/4921"}],"wp:attachment":[{"href":"https:\/\/terracelodge.com\/de\/wp-json\/wp\/v2\/media?parent=2901"}],"curies":[{"name":"wp","href":"https:\/\/api.w.org\/{rel}","templated":true}]}}