{"id":2544,"date":"2020-09-14T09:20:50","date_gmt":"2020-09-14T09:20:50","guid":{"rendered":"https:\/\/terracelodge.com\/hotel-in-putre\/"},"modified":"2021-12-29T21:11:25","modified_gmt":"2021-12-30T00:11:25","slug":"hotel-a-putre","status":"publish","type":"page","link":"https:\/\/terracelodge.com\/fr\/hotel-a-putre\/","title":{"rendered":"Notre Lodge"},"content":{"rendered":"\t\t<div data-elementor-type=\"wp-page\" data-elementor-id=\"2544\" class=\"elementor elementor-2544 elementor-1654\">\n\t\t\t\t\t\t<section class=\"elementor-section elementor-top-section elementor-element elementor-element-171298e elementor-section-boxed elementor-section-height-default elementor-section-height-default\" data-id=\"171298e\" data-element_type=\"section\">\n\t\t\t\t\t\t<div class=\"elementor-container elementor-column-gap-default\">\n\t\t\t\t\t<div class=\"elementor-column elementor-col-100 elementor-top-column elementor-element elementor-element-9e6c60c\" data-id=\"9e6c60c\" data-element_type=\"column\">\n\t\t\t<div class=\"elementor-widget-wrap elementor-element-populated\">\n\t\t\t\t\t\t<div class=\"elementor-element elementor-element-0f5abc7 elementor-widget elementor-widget-heading\" data-id=\"0f5abc7\" data-element_type=\"widget\" data-widget_type=\"heading.default\">\n\t\t\t\t<div class=\"elementor-widget-container\">\n\t\t\t\t\t<h2 class=\"elementor-heading-title elementor-size-default\">Notre Lodge<\/h2>\t\t\t\t<\/div>\n\t\t\t\t<\/div>\n\t\t\t\t<div class=\"elementor-element elementor-element-083b39d elementor-widget elementor-widget-text-editor\" data-id=\"083b39d\" data-element_type=\"widget\" data-widget_type=\"text-editor.default\">\n\t\t\t\t<div class=\"elementor-widget-container\">\n\t\t\t\t\t\t\t\t\t<p>Le <strong>Terrace Lodge<\/strong> est situ\u00e9 dans le village de Putre \u00e0 3500 m\u00e8tres d\u2019altitude, capitale de la province de Parinacota, \u00e0 quelques minutes du <strong>Parc National Lauca, R\u00e9serve mondiale de la Biosph\u00e8re<\/strong>. Il dispose d\u2019un grand jardin, d\u2019une vue privil\u00e9gi\u00e9e sur les sommets enneig\u00e9s de <strong>Putre<\/strong> et un paysage envo\u00fbtant dans un environnement calme et silencieux. Ses chambres sont confortables, simples et inspir\u00e9es par la culture locale avec une petite touche de tradition ancestrale, d\u00e9cor\u00e9es dans un style rustique et \u00e9l\u00e9gant qui cherche \u00e0 mettre en valeur les richesses de la <strong>culture aymara<\/strong>, le tout avec salle de bains priv\u00e9e, vues sur le jardin et la montagne.<\/p><p>Le <strong>Terrace Lodge<\/strong> dispose de toutes les installations n\u00e9cessaires pour vous faire profiter d\u2019un s\u00e9jour chaleureux et calme dans le plateau chilien, et pour vous apporter un repos total et parfait \u00e0 plus de 3000 m\u00e8tres d\u2019altitude.<\/p>\t\t\t\t\t\t\t\t<\/div>\n\t\t\t\t<\/div>\n\t\t\t\t<div class=\"elementor-element elementor-element-ed4b51c elementor-widget elementor-widget-image\" data-id=\"ed4b51c\" data-element_type=\"widget\" data-widget_type=\"image.default\">\n\t\t\t\t<div class=\"elementor-widget-container\">\n\t\t\t\t\t\t\t\t\t\t\t\t\t\t\t<img fetchpriority=\"high\" decoding=\"async\" width=\"1200\" height=\"704\" src=\"https:\/\/terracelodge.com\/wp-content\/uploads\/2020\/09\/hotel-terrace-lodge-putre-chile.jpg\" class=\"attachment-full size-full wp-image-2933\" alt=\"\" srcset=\"https:\/\/terracelodge.com\/wp-content\/uploads\/2020\/09\/hotel-terrace-lodge-putre-chile.jpg 1200w, https:\/\/terracelodge.com\/wp-content\/uploads\/2020\/09\/hotel-terrace-lodge-putre-chile-300x176.jpg 300w, https:\/\/terracelodge.com\/wp-content\/uploads\/2020\/09\/hotel-terrace-lodge-putre-chile-1024x601.jpg 1024w, https:\/\/terracelodge.com\/wp-content\/uploads\/2020\/09\/hotel-terrace-lodge-putre-chile-768x451.jpg 768w, https:\/\/terracelodge.com\/wp-content\/uploads\/2020\/09\/hotel-terrace-lodge-putre-chile-405x238.jpg 405w\" sizes=\"(max-width: 1200px) 100vw, 1200px\" \/>\t\t\t\t\t\t\t\t\t\t\t\t\t\t\t<\/div>\n\t\t\t\t<\/div>\n\t\t\t\t<div class=\"elementor-element elementor-element-3c2e459 elementor-widget elementor-widget-heading\" data-id=\"3c2e459\" data-element_type=\"widget\" data-widget_type=\"heading.default\">\n\t\t\t\t<div class=\"elementor-widget-container\">\n\t\t\t\t\t<h2 class=\"elementor-heading-title elementor-size-default\">A propos de nous<\/h2>\t\t\t\t<\/div>\n\t\t\t\t<\/div>\n\t\t\t\t<div class=\"elementor-element elementor-element-f268206 elementor-widget elementor-widget-text-editor\" data-id=\"f268206\" data-element_type=\"widget\" data-widget_type=\"text-editor.default\">\n\t\t\t\t<div class=\"elementor-widget-container\">\n\t\t\t\t\t\t\t\t\t<p><span style=\"font-family: 'Source Sans Pro';\">Install\u00e9s dans la <strong>ville de Putre<\/strong>, nous nous soucions de fournir le meilleur grand bien-\u00eatre \u00e0 chacun de nos clients, gr\u00e2ce \u00e0 un service de qualit\u00e9, avec des installations confortables et une <strong>attention personnalis\u00e9e<\/strong>. Tout en profitant d\u2019un s\u00e9jour agr\u00e9able, nos\u00a0clients peuvent d\u00e9couvrir la <strong>culture traditionnelle Aymara<\/strong>, \u00e0 travers nous, les autochtones de l\u2019Altiplano chilien, nous avons \u00e0 c\u0153ur de partager toutes les richesses exp\u00e9rientielles, traditions et coutumes typiques de notre culture.<\/span><\/p><p><span style=\"font-family: 'Source Sans Pro';\">Pouvoir transmettre la richesse unique de notre culture aymara, promouvoir le tourisme exp\u00e9rientiel, perp\u00e9trer l\u2019hospitalit\u00e9 naturelle de l\u2019Altiplano chilien est r\u00e9ellement ancr\u00e9 en nous. Nous tenons \u00e0 offrir un endroit calme pour une acclimatation optimale et comme point de d\u00e9part pour parcourir les endroits fascinants qui font partie du <strong>R\u00e9seau Mondial des R\u00e9serves de Biosph\u00e8re, tels que le Parc National Lauca<\/strong>.<\/span><\/p>\t\t\t\t\t\t\t\t<\/div>\n\t\t\t\t<\/div>\n\t\t\t\t\t<\/div>\n\t\t<\/div>\n\t\t\t\t\t<\/div>\n\t\t<\/section>\n\t\t\t\t<section class=\"elementor-section elementor-top-section elementor-element elementor-element-3896559 elementor-section-boxed elementor-section-height-default elementor-section-height-default\" data-id=\"3896559\" data-element_type=\"section\">\n\t\t\t\t\t\t<div class=\"elementor-container elementor-column-gap-default\">\n\t\t\t\t\t<div class=\"elementor-column elementor-col-100 elementor-top-column elementor-element elementor-element-aea93ec\" data-id=\"aea93ec\" data-element_type=\"column\">\n\t\t\t<div class=\"elementor-widget-wrap elementor-element-populated\">\n\t\t\t\t\t\t<div class=\"elementor-element elementor-element-5980e19 elementor-widget elementor-widget-image\" data-id=\"5980e19\" data-element_type=\"widget\" data-widget_type=\"image.default\">\n\t\t\t\t<div class=\"elementor-widget-container\">\n\t\t\t\t\t\t\t\t\t\t\t\t\t\t\t<img decoding=\"async\" width=\"768\" height=\"512\" src=\"https:\/\/terracelodge.com\/wp-content\/uploads\/2021\/12\/1.About-Us-1024x683.jpg\" class=\"attachment-large size-large wp-image-4645\" alt=\"Hotel Terrace Lodge Putre Altiplano Norte de Chile Turismo Sustentable\" srcset=\"https:\/\/terracelodge.com\/wp-content\/uploads\/2021\/12\/1.About-Us-1024x683.jpg 1024w, https:\/\/terracelodge.com\/wp-content\/uploads\/2021\/12\/1.About-Us-300x200.jpg 300w, https:\/\/terracelodge.com\/wp-content\/uploads\/2021\/12\/1.About-Us-768x512.jpg 768w, https:\/\/terracelodge.com\/wp-content\/uploads\/2021\/12\/1.About-Us.jpg 1440w\" sizes=\"(max-width: 768px) 100vw, 768px\" \/>\t\t\t\t\t\t\t\t\t\t\t\t\t\t\t<\/div>\n\t\t\t\t<\/div>\n\t\t\t\t\t<\/div>\n\t\t<\/div>\n\t\t\t\t\t<\/div>\n\t\t<\/section>\n\t\t\t\t<section class=\"elementor-section elementor-top-section elementor-element elementor-element-fc33021 elementor-section-boxed elementor-section-height-default elementor-section-height-default\" data-id=\"fc33021\" data-element_type=\"section\" data-settings=\"{&quot;background_background&quot;:&quot;classic&quot;}\">\n\t\t\t\t\t\t<div class=\"elementor-container elementor-column-gap-wide\">\n\t\t\t\t\t<div class=\"elementor-column elementor-col-100 elementor-top-column elementor-element elementor-element-7d055ef\" data-id=\"7d055ef\" data-element_type=\"column\">\n\t\t\t<div class=\"elementor-widget-wrap elementor-element-populated\">\n\t\t\t\t\t\t<div class=\"elementor-element elementor-element-6e2695f elementor-widget elementor-widget-heading\" data-id=\"6e2695f\" data-element_type=\"widget\" data-widget_type=\"heading.default\">\n\t\t\t\t<div class=\"elementor-widget-container\">\n\t\t\t\t\t<h1 class=\"elementor-heading-title elementor-size-default\">Photo &amp; Video Gallery<\/h1>\t\t\t\t<\/div>\n\t\t\t\t<\/div>\n\t\t\t\t<div class=\"elementor-element elementor-element-alpenhouse-portfolio elementor-widget__width-inherit elementor-widget elementor-widget-portfolio\" data-id=\"alpenhouse-portfolio\" data-element_type=\"widget\" data-widget_type=\"portfolio.default\">\n\t\t\t\t<div class=\"elementor-widget-container\">\n\t\t\t\t\t \t\t\t\t<\/div>\n\t\t\t\t<\/div>\n\t\t\t\t\t<\/div>\n\t\t<\/div>\n\t\t\t\t\t<\/div>\n\t\t<\/section>\n\t\t\t\t<\/div>\n\t\t","protected":false},"excerpt":{"rendered":"<p>Notre Lodge Le Terrace Lodge est situ\u00e9 dans le village de Putre \u00e0 3500 m\u00e8tres d\u2019altitude, capitale de la province de Parinacota, \u00e0 quelques minutes du Parc National Lauca, R\u00e9serve mondiale de la Biosph\u00e8re. Il dispose d\u2019un grand jardin, d\u2019une vue privil\u00e9gi\u00e9e sur les sommets enneig\u00e9s de Putre et un paysage envo\u00fbtant dans un environnement [&hellip;]<\/p>\n","protected":false},"author":1,"featured_media":0,"parent":0,"menu_order":0,"comment_status":"closed","ping_status":"closed","template":"template-no-sidebar.php","meta":{"_joinchat":[],"footnotes":""},"class_list":["post-2544","page","type-page","status-publish","hentry"],"yoast_head":"<!-- This site is optimized with the Yoast SEO plugin v26.9 - https:\/\/yoast.com\/product\/yoast-seo-wordpress\/ -->\n<title>Notre Lodge | Terrace Lodge<\/title>\n<meta name=\"description\" content=\"Install\u00e9s dans la ville de Putre, nous nous soucions de fournir le meilleur grand bien-\u00eatre \u00e0 chacun de nos clients, gr\u00e2ce \u00e0 un service de qualit\u00e9, avec des installations confortables et une attention personnalis\u00e9e.\" \/>\n<meta name=\"robots\" content=\"index, follow, max-snippet:-1, max-image-preview:large, max-video-preview:-1\" \/>\n<link rel=\"canonical\" href=\"https:\/\/terracelodge.com\/fr\/hotel-a-putre\/\" \/>\n<meta property=\"og:locale\" content=\"fr_FR\" \/>\n<meta property=\"og:type\" content=\"article\" \/>\n<meta property=\"og:title\" content=\"Notre Lodge | Terrace Lodge\" \/>\n<meta property=\"og:description\" content=\"Install\u00e9s dans la ville de Putre, nous nous soucions de fournir le meilleur grand bien-\u00eatre \u00e0 chacun de nos clients, gr\u00e2ce \u00e0 un service de qualit\u00e9, avec des installations confortables et une attention personnalis\u00e9e.\" \/>\n<meta property=\"og:url\" content=\"https:\/\/terracelodge.com\/fr\/hotel-a-putre\/\" \/>\n<meta property=\"og:site_name\" content=\"Terrace Lodge\" \/>\n<meta property=\"article:publisher\" content=\"https:\/\/www.facebook.com\/terracelodgeputre\/\" \/>\n<meta property=\"article:modified_time\" content=\"2021-12-30T00:11:25+00:00\" \/>\n<meta property=\"og:image\" content=\"https:\/\/terracelodge.com\/wp-content\/uploads\/2020\/09\/hotel-terrace-lodge-putre-chile.jpg\" \/>\n<meta name=\"twitter:card\" content=\"summary_large_image\" \/>\n<meta name=\"twitter:label1\" content=\"Dur\u00e9e de lecture estim\u00e9e\" \/>\n\t<meta name=\"twitter:data1\" content=\"5 minutes\" \/>\n<script type=\"application\/ld+json\" class=\"yoast-schema-graph\">{\"@context\":\"https:\/\/schema.org\",\"@graph\":[{\"@type\":\"WebPage\",\"@id\":\"https:\/\/terracelodge.com\/fr\/hotel-a-putre\/\",\"url\":\"https:\/\/terracelodge.com\/fr\/hotel-a-putre\/\",\"name\":\"Notre Lodge | Terrace Lodge\",\"isPartOf\":{\"@id\":\"https:\/\/terracelodge.com\/fr\/#website\"},\"primaryImageOfPage\":{\"@id\":\"https:\/\/terracelodge.com\/fr\/hotel-a-putre\/#primaryimage\"},\"image\":{\"@id\":\"https:\/\/terracelodge.com\/fr\/hotel-a-putre\/#primaryimage\"},\"thumbnailUrl\":\"https:\/\/terracelodge.com\/wp-content\/uploads\/2020\/09\/hotel-terrace-lodge-putre-chile.jpg\",\"datePublished\":\"2020-09-14T09:20:50+00:00\",\"dateModified\":\"2021-12-30T00:11:25+00:00\",\"description\":\"Install\u00e9s dans la ville de Putre, nous nous soucions de fournir le meilleur grand bien-\u00eatre \u00e0 chacun de nos clients, gr\u00e2ce \u00e0 un service de qualit\u00e9, avec des installations confortables et une attention personnalis\u00e9e.\",\"breadcrumb\":{\"@id\":\"https:\/\/terracelodge.com\/fr\/hotel-a-putre\/#breadcrumb\"},\"inLanguage\":\"fr-FR\",\"potentialAction\":[{\"@type\":\"ReadAction\",\"target\":[\"https:\/\/terracelodge.com\/fr\/hotel-a-putre\/\"]}]},{\"@type\":\"ImageObject\",\"inLanguage\":\"fr-FR\",\"@id\":\"https:\/\/terracelodge.com\/fr\/hotel-a-putre\/#primaryimage\",\"url\":\"https:\/\/terracelodge.com\/wp-content\/uploads\/2020\/09\/hotel-terrace-lodge-putre-chile.jpg\",\"contentUrl\":\"https:\/\/terracelodge.com\/wp-content\/uploads\/2020\/09\/hotel-terrace-lodge-putre-chile.jpg\"},{\"@type\":\"BreadcrumbList\",\"@id\":\"https:\/\/terracelodge.com\/fr\/hotel-a-putre\/#breadcrumb\",\"itemListElement\":[{\"@type\":\"ListItem\",\"position\":1,\"name\":\"Portada\",\"item\":\"https:\/\/terracelodge.com\/fr\/\"},{\"@type\":\"ListItem\",\"position\":2,\"name\":\"Notre Lodge\"}]},{\"@type\":\"WebSite\",\"@id\":\"https:\/\/terracelodge.com\/fr\/#website\",\"url\":\"https:\/\/terracelodge.com\/fr\/\",\"name\":\"Terrace Lodge\",\"description\":\"Hotel Putre\",\"publisher\":{\"@id\":\"https:\/\/terracelodge.com\/fr\/#organization\"},\"potentialAction\":[{\"@type\":\"SearchAction\",\"target\":{\"@type\":\"EntryPoint\",\"urlTemplate\":\"https:\/\/terracelodge.com\/fr\/?s={search_term_string}\"},\"query-input\":{\"@type\":\"PropertyValueSpecification\",\"valueRequired\":true,\"valueName\":\"search_term_string\"}}],\"inLanguage\":\"fr-FR\"},{\"@type\":\"Organization\",\"@id\":\"https:\/\/terracelodge.com\/fr\/#organization\",\"name\":\"Terrace Lodge\",\"url\":\"https:\/\/terracelodge.com\/fr\/\",\"logo\":{\"@type\":\"ImageObject\",\"inLanguage\":\"fr-FR\",\"@id\":\"https:\/\/terracelodge.com\/fr\/#\/schema\/logo\/image\/\",\"url\":\"https:\/\/terracelodge.com\/wp-content\/uploads\/2020\/09\/cropped-logo-terrace-1.png\",\"contentUrl\":\"https:\/\/terracelodge.com\/wp-content\/uploads\/2020\/09\/cropped-logo-terrace-1.png\",\"width\":221,\"height\":50,\"caption\":\"Terrace Lodge\"},\"image\":{\"@id\":\"https:\/\/terracelodge.com\/fr\/#\/schema\/logo\/image\/\"},\"sameAs\":[\"https:\/\/www.facebook.com\/terracelodgeputre\/\",\"https:\/\/www.instagram.com\/terracelodgeputre\/\",\"https:\/\/www.youtube.com\/channel\/UC2B3fyd0obC0sPFAQIfJI_A\"]}]}<\/script>\n<!-- \/ Yoast SEO plugin. -->","yoast_head_json":{"title":"Notre Lodge | Terrace Lodge","description":"Install\u00e9s dans la ville de Putre, nous nous soucions de fournir le meilleur grand bien-\u00eatre \u00e0 chacun de nos clients, gr\u00e2ce \u00e0 un service de qualit\u00e9, avec des installations confortables et une attention personnalis\u00e9e.","robots":{"index":"index","follow":"follow","max-snippet":"max-snippet:-1","max-image-preview":"max-image-preview:large","max-video-preview":"max-video-preview:-1"},"canonical":"https:\/\/terracelodge.com\/fr\/hotel-a-putre\/","og_locale":"fr_FR","og_type":"article","og_title":"Notre Lodge | Terrace Lodge","og_description":"Install\u00e9s dans la ville de Putre, nous nous soucions de fournir le meilleur grand bien-\u00eatre \u00e0 chacun de nos clients, gr\u00e2ce \u00e0 un service de qualit\u00e9, avec des installations confortables et une attention personnalis\u00e9e.","og_url":"https:\/\/terracelodge.com\/fr\/hotel-a-putre\/","og_site_name":"Terrace Lodge","article_publisher":"https:\/\/www.facebook.com\/terracelodgeputre\/","article_modified_time":"2021-12-30T00:11:25+00:00","og_image":[{"url":"https:\/\/terracelodge.com\/wp-content\/uploads\/2020\/09\/hotel-terrace-lodge-putre-chile.jpg","type":"","width":"","height":""}],"twitter_card":"summary_large_image","twitter_misc":{"Dur\u00e9e de lecture estim\u00e9e":"5 minutes"},"schema":{"@context":"https:\/\/schema.org","@graph":[{"@type":"WebPage","@id":"https:\/\/terracelodge.com\/fr\/hotel-a-putre\/","url":"https:\/\/terracelodge.com\/fr\/hotel-a-putre\/","name":"Notre Lodge | Terrace Lodge","isPartOf":{"@id":"https:\/\/terracelodge.com\/fr\/#website"},"primaryImageOfPage":{"@id":"https:\/\/terracelodge.com\/fr\/hotel-a-putre\/#primaryimage"},"image":{"@id":"https:\/\/terracelodge.com\/fr\/hotel-a-putre\/#primaryimage"},"thumbnailUrl":"https:\/\/terracelodge.com\/wp-content\/uploads\/2020\/09\/hotel-terrace-lodge-putre-chile.jpg","datePublished":"2020-09-14T09:20:50+00:00","dateModified":"2021-12-30T00:11:25+00:00","description":"Install\u00e9s dans la ville de Putre, nous nous soucions de fournir le meilleur grand bien-\u00eatre \u00e0 chacun de nos clients, gr\u00e2ce \u00e0 un service de qualit\u00e9, avec des installations confortables et une attention personnalis\u00e9e.","breadcrumb":{"@id":"https:\/\/terracelodge.com\/fr\/hotel-a-putre\/#breadcrumb"},"inLanguage":"fr-FR","potentialAction":[{"@type":"ReadAction","target":["https:\/\/terracelodge.com\/fr\/hotel-a-putre\/"]}]},{"@type":"ImageObject","inLanguage":"fr-FR","@id":"https:\/\/terracelodge.com\/fr\/hotel-a-putre\/#primaryimage","url":"https:\/\/terracelodge.com\/wp-content\/uploads\/2020\/09\/hotel-terrace-lodge-putre-chile.jpg","contentUrl":"https:\/\/terracelodge.com\/wp-content\/uploads\/2020\/09\/hotel-terrace-lodge-putre-chile.jpg"},{"@type":"BreadcrumbList","@id":"https:\/\/terracelodge.com\/fr\/hotel-a-putre\/#breadcrumb","itemListElement":[{"@type":"ListItem","position":1,"name":"Portada","item":"https:\/\/terracelodge.com\/fr\/"},{"@type":"ListItem","position":2,"name":"Notre Lodge"}]},{"@type":"WebSite","@id":"https:\/\/terracelodge.com\/fr\/#website","url":"https:\/\/terracelodge.com\/fr\/","name":"Terrace Lodge","description":"Hotel Putre","publisher":{"@id":"https:\/\/terracelodge.com\/fr\/#organization"},"potentialAction":[{"@type":"SearchAction","target":{"@type":"EntryPoint","urlTemplate":"https:\/\/terracelodge.com\/fr\/?s={search_term_string}"},"query-input":{"@type":"PropertyValueSpecification","valueRequired":true,"valueName":"search_term_string"}}],"inLanguage":"fr-FR"},{"@type":"Organization","@id":"https:\/\/terracelodge.com\/fr\/#organization","name":"Terrace Lodge","url":"https:\/\/terracelodge.com\/fr\/","logo":{"@type":"ImageObject","inLanguage":"fr-FR","@id":"https:\/\/terracelodge.com\/fr\/#\/schema\/logo\/image\/","url":"https:\/\/terracelodge.com\/wp-content\/uploads\/2020\/09\/cropped-logo-terrace-1.png","contentUrl":"https:\/\/terracelodge.com\/wp-content\/uploads\/2020\/09\/cropped-logo-terrace-1.png","width":221,"height":50,"caption":"Terrace Lodge"},"image":{"@id":"https:\/\/terracelodge.com\/fr\/#\/schema\/logo\/image\/"},"sameAs":["https:\/\/www.facebook.com\/terracelodgeputre\/","https:\/\/www.instagram.com\/terracelodgeputre\/","https:\/\/www.youtube.com\/channel\/UC2B3fyd0obC0sPFAQIfJI_A"]}]}},"_links":{"self":[{"href":"https:\/\/terracelodge.com\/fr\/wp-json\/wp\/v2\/pages\/2544","targetHints":{"allow":["GET"]}}],"collection":[{"href":"https:\/\/terracelodge.com\/fr\/wp-json\/wp\/v2\/pages"}],"about":[{"href":"https:\/\/terracelodge.com\/fr\/wp-json\/wp\/v2\/types\/page"}],"author":[{"embeddable":true,"href":"https:\/\/terracelodge.com\/fr\/wp-json\/wp\/v2\/users\/1"}],"replies":[{"embeddable":true,"href":"https:\/\/terracelodge.com\/fr\/wp-json\/wp\/v2\/comments?post=2544"}],"version-history":[{"count":5,"href":"https:\/\/terracelodge.com\/fr\/wp-json\/wp\/v2\/pages\/2544\/revisions"}],"predecessor-version":[{"id":4880,"href":"https:\/\/terracelodge.com\/fr\/wp-json\/wp\/v2\/pages\/2544\/revisions\/4880"}],"wp:attachment":[{"href":"https:\/\/terracelodge.com\/fr\/wp-json\/wp\/v2\/media?parent=2544"}],"curies":[{"name":"wp","href":"https:\/\/api.w.org\/{rel}","templated":true}]}}