{"id":2881,"date":"2020-09-08T22:59:13","date_gmt":"2020-09-08T22:59:13","guid":{"rendered":"https:\/\/terracelodge.com\/responsible-tourism-in-putre\/"},"modified":"2020-10-05T20:55:59","modified_gmt":"2020-10-05T23:55:59","slug":"tourisme-responsable-a-putre","status":"publish","type":"page","link":"https:\/\/terracelodge.com\/fr\/tourisme-responsable-a-putre\/","title":{"rendered":"Tourisme Responsable \u00e0 Putre"},"content":{"rendered":"\t\t<div data-elementor-type=\"wp-page\" data-elementor-id=\"2881\" class=\"elementor elementor-2881 elementor-990\">\n\t\t\t\t\t\t<section class=\"elementor-section elementor-top-section elementor-element elementor-element-be898be elementor-section-boxed elementor-section-height-default elementor-section-height-default\" data-id=\"be898be\" data-element_type=\"section\">\n\t\t\t\t\t\t<div class=\"elementor-container elementor-column-gap-default\">\n\t\t\t\t\t<div class=\"elementor-column elementor-col-100 elementor-top-column elementor-element elementor-element-dc51492\" data-id=\"dc51492\" data-element_type=\"column\">\n\t\t\t<div class=\"elementor-widget-wrap elementor-element-populated\">\n\t\t\t\t\t\t<div class=\"elementor-element elementor-element-6f8dd81 elementor-widget elementor-widget-text-editor\" data-id=\"6f8dd81\" data-element_type=\"widget\" data-widget_type=\"text-editor.default\">\n\t\t\t\t<div class=\"elementor-widget-container\">\n\t\t\t\t\t\t\t\t\t<p><span style=\"font-family: 'Source Sans Pro';\">De ce point de vue, le tourisme responsable consiste en l\u2019\u00e9laboration et l\u2019application d\u2019outils de gestion d\u2019entreprise visant \u00e0 minimiser les impacts n\u00e9gatifs de l\u2019activit\u00e9 touristique et \u00e0 accro\u00eetre les avantages de la population d\u2019accueil. Certains des instruments les plus caract\u00e9ristiques de ce type de tourisme sont les suivants:<\/span><\/p><ol><li><span style=\"font-family: 'Source Sans Pro';\">Les certifications ou les sceaux de garantie qui seraient accord\u00e9s aux entreprises touristiques qui satisfaisaient \u00e0 un certain nombre de conditions sociales, \u00e9conomiques et\/ou environnementales pr\u00e9c\u00e9demment fix\u00e9es par l\u2019entit\u00e9 de certification.<\/span><\/li><li><span style=\"font-family: 'Source Sans Pro';\">Les politiques de responsabilit\u00e9 sociale des entreprises, qui seront adopt\u00e9es par l\u2019entreprise touristique et int\u00e9gr\u00e9es \u00e0 son fonctionnement quotidien.<\/span><\/li><li><span style=\"font-family: 'Source Sans Pro';\">Les codes \u00e9thiques ou d\u00e9calogs, une variante moins complexe et une application pratique plus facile que la pr\u00e9c\u00e9dente.<\/span><\/li><li><span style=\"font-family: 'Source Sans Pro';\">Le d\u00e9veloppement de modalit\u00e9s touristiques durables.<\/span><\/li><\/ol><p><span style=\"font-family: 'Source Sans Pro';\">La D\u00e9claration du Cap (2002) \u00e9nonce les principes de base de cette conception du tourisme responsable et est pr\u00e9conis\u00e9e, entre autres, par le <strong>Centre International pour le Tourisme Responsable<\/strong> de l\u2019Universit\u00e9 M\u00e9tropolitaine de Leeds.<\/span><\/p>\t\t\t\t\t\t\t\t<\/div>\n\t\t\t\t<\/div>\n\t\t\t\t<div class=\"elementor-element elementor-element-6afe8f2 elementor-widget elementor-widget-image\" data-id=\"6afe8f2\" data-element_type=\"widget\" data-widget_type=\"image.default\">\n\t\t\t\t<div class=\"elementor-widget-container\">\n\t\t\t\t\t\t\t\t\t\t\t\t\t\t\t<img fetchpriority=\"high\" decoding=\"async\" width=\"768\" height=\"512\" src=\"https:\/\/terracelodge.com\/wp-content\/uploads\/2020\/09\/terrace-lodge-2-1024x683.jpg\" class=\"attachment-large size-large wp-image-1617\" alt=\"Responsible Tourism in Putre | Terrace Lodge &amp; Tours, Putre, Arica y Parinacota, Chile\" srcset=\"https:\/\/terracelodge.com\/wp-content\/uploads\/2020\/09\/terrace-lodge-2-1024x683.jpg 1024w, https:\/\/terracelodge.com\/wp-content\/uploads\/2020\/09\/terrace-lodge-2-300x200.jpg 300w, https:\/\/terracelodge.com\/wp-content\/uploads\/2020\/09\/terrace-lodge-2-768x512.jpg 768w, https:\/\/terracelodge.com\/wp-content\/uploads\/2020\/09\/terrace-lodge-2-405x270.jpg 405w, https:\/\/terracelodge.com\/wp-content\/uploads\/2020\/09\/terrace-lodge-2.jpg 1200w\" sizes=\"(max-width: 768px) 100vw, 768px\" \/>\t\t\t\t\t\t\t\t\t\t\t\t\t\t\t<\/div>\n\t\t\t\t<\/div>\n\t\t\t\t\t<\/div>\n\t\t<\/div>\n\t\t\t\t\t<\/div>\n\t\t<\/section>\n\t\t\t\t<section class=\"elementor-section elementor-top-section elementor-element elementor-element-55697f2 elementor-section-boxed elementor-section-height-default elementor-section-height-default\" data-id=\"55697f2\" data-element_type=\"section\">\n\t\t\t\t\t\t<div class=\"elementor-container elementor-column-gap-default\">\n\t\t\t\t\t<div class=\"elementor-column elementor-col-100 elementor-top-column elementor-element elementor-element-1c3485e\" data-id=\"1c3485e\" data-element_type=\"column\">\n\t\t\t<div class=\"elementor-widget-wrap elementor-element-populated\">\n\t\t\t\t\t\t<div class=\"elementor-element elementor-element-bee835e elementor-widget elementor-widget-heading\" data-id=\"bee835e\" data-element_type=\"widget\" data-widget_type=\"heading.default\">\n\t\t\t\t<div class=\"elementor-widget-container\">\n\t\t\t\t\t<h2 class=\"elementor-heading-title elementor-size-default\">Politique de d\u00e9veloppement durable<\/h2>\t\t\t\t<\/div>\n\t\t\t\t<\/div>\n\t\t\t\t<div class=\"elementor-element elementor-element-cc97d6d elementor-widget elementor-widget-text-editor\" data-id=\"cc97d6d\" data-element_type=\"widget\" data-widget_type=\"text-editor.default\">\n\t\t\t\t<div class=\"elementor-widget-container\">\n\t\t\t\t\t\t\t\t\t<p><span style=\"font-family: 'Source Sans Pro';\">Chez Terrace Lodge, nous sommes conscients de la fragilit\u00e9 de l\u2019environnement dans lequel nous sommes situ\u00e9s et de l\u2019importance d\u2019op\u00e9rer en tant qu\u2019agent de changement, d\u2019am\u00e9lioration et de d\u00e9veloppement touristique dans la commune de Putre.<\/span><\/p><p><span style=\"font-family: 'Source Sans Pro';\">C\u2019est pourquoi nous nous engageons \u00e0 fonctionner avec des normes de qualit\u00e9 \u00e9lev\u00e9es, \u00e0 rechercher la satisfaction de nos clients, \u00e0 nous conformer \u00e0 la r\u00e9glementation chilienne dans les diff\u00e9rents domaines dans lesquels nous nous d\u00e9veloppons, ainsi qu\u2019\u00e0 nous d\u00e9velopper durablement sur la base des principes suivants :<\/span><\/p>\t\t\t\t\t\t\t\t<\/div>\n\t\t\t\t<\/div>\n\t\t\t\t\t<\/div>\n\t\t<\/div>\n\t\t\t\t\t<\/div>\n\t\t<\/section>\n\t\t\t\t<section class=\"elementor-section elementor-top-section elementor-element elementor-element-276244c elementor-section-boxed elementor-section-height-default elementor-section-height-default\" data-id=\"276244c\" data-element_type=\"section\">\n\t\t\t\t\t\t<div class=\"elementor-container elementor-column-gap-default\">\n\t\t\t\t\t<div class=\"elementor-column elementor-col-100 elementor-top-column elementor-element elementor-element-153670d\" data-id=\"153670d\" data-element_type=\"column\">\n\t\t\t<div class=\"elementor-widget-wrap elementor-element-populated\">\n\t\t\t\t\t\t<div class=\"elementor-element elementor-element-67d42ca elementor-widget elementor-widget-text-editor\" data-id=\"67d42ca\" data-element_type=\"widget\" data-widget_type=\"text-editor.default\">\n\t\t\t\t<div class=\"elementor-widget-container\">\n\t\t\t\t\t\t\t\t\t<ul><li style=\"list-style-type: none;\"><ul><li><span style=\"font-family: 'Source Sans Pro';\">Respecter la communaut\u00e9 locale, en particulier les peuples autochtones, et offrir des possibilit\u00e9s d\u2019emploi \u00e9gales aux membres de la communaut\u00e9 locale sans discrimination ;<\/span><\/li><\/ul><\/li><\/ul><ul><li style=\"list-style-type: none;\"><ul><li><span style=\"font-family: 'Source Sans Pro';\">Stimuler l\u2019\u00e9conomie locale, en privil\u00e9giant les fournisseurs locaux.<\/span><\/li><\/ul><\/li><\/ul><ul><li style=\"list-style-type: none;\"><ul><li><span style=\"font-family: 'Source Sans Pro';\">Prendre soin des ressources naturelles, en faisant une utilisation efficace des ressources aquif\u00e8res et \u00e9nerg\u00e9tiques, ainsi que privil\u00e9gier les produits respectueux de l\u2019environnement.<\/span><\/li><\/ul><\/li><\/ul><ul><li style=\"list-style-type: none;\"><ul><li><span style=\"font-family: 'Source Sans Pro';\">Condamner l\u2019exploitation des \u00eatres humains sous quelque forme que ce soit, en particulier sexuelle et en particulier lorsqu\u2019elle touche les enfants ;<\/span><\/li><\/ul><\/li><\/ul><ul><li style=\"list-style-type: none;\"><ul><li><span style=\"font-family: 'Source Sans Pro';\">R\u00e9duire au minimum la production de d\u00e9chets et effectuer une gestion responsable des d\u00e9chets ;<\/span><\/li><li><span style=\"font-family: 'Source Sans Pro';\">Restaurer, conserver et prot\u00e9ger l\u2019\u00e9cosyst\u00e8me naturel et la biodiversit\u00e9 environnante ;<\/span><\/li><\/ul><\/li><\/ul>\t\t\t\t\t\t\t\t<\/div>\n\t\t\t\t<\/div>\n\t\t\t\t<div class=\"elementor-element elementor-element-3bb2a16 elementor-widget elementor-widget-image\" data-id=\"3bb2a16\" data-element_type=\"widget\" data-widget_type=\"image.default\">\n\t\t\t\t<div class=\"elementor-widget-container\">\n\t\t\t\t\t\t\t\t\t\t\t\t\t\t\t<img decoding=\"async\" width=\"768\" height=\"512\" src=\"https:\/\/terracelodge.com\/wp-content\/uploads\/2020\/09\/1-1024x683.jpg\" class=\"attachment-large size-large wp-image-1474\" alt=\"Hotel Terrace Lodge Putre Altiplano Norte de Chile Turismo Sustentable\" srcset=\"https:\/\/terracelodge.com\/wp-content\/uploads\/2020\/09\/1-1024x683.jpg 1024w, https:\/\/terracelodge.com\/wp-content\/uploads\/2020\/09\/1-300x200.jpg 300w, https:\/\/terracelodge.com\/wp-content\/uploads\/2020\/09\/1-768x512.jpg 768w, https:\/\/terracelodge.com\/wp-content\/uploads\/2020\/09\/1-405x270.jpg 405w, https:\/\/terracelodge.com\/wp-content\/uploads\/2020\/09\/1.jpg 1200w\" sizes=\"(max-width: 768px) 100vw, 768px\" \/>\t\t\t\t\t\t\t\t\t\t\t\t\t\t\t<\/div>\n\t\t\t\t<\/div>\n\t\t\t\t\t<\/div>\n\t\t<\/div>\n\t\t\t\t\t<\/div>\n\t\t<\/section>\n\t\t\t\t<section class=\"elementor-section elementor-top-section elementor-element elementor-element-3e86ff8 elementor-section-boxed elementor-section-height-default elementor-section-height-default\" data-id=\"3e86ff8\" data-element_type=\"section\">\n\t\t\t\t\t\t<div class=\"elementor-container elementor-column-gap-default\">\n\t\t\t\t\t<div class=\"elementor-column elementor-col-100 elementor-top-column elementor-element elementor-element-5a62b75\" data-id=\"5a62b75\" data-element_type=\"column\">\n\t\t\t<div class=\"elementor-widget-wrap elementor-element-populated\">\n\t\t\t\t\t\t<div class=\"elementor-element elementor-element-6d3ca41 elementor-widget elementor-widget-text-editor\" data-id=\"6d3ca41\" data-element_type=\"widget\" data-widget_type=\"text-editor.default\">\n\t\t\t\t<div class=\"elementor-widget-container\">\n\t\t\t\t\t\t\t\t\t<p><span style=\"font-family: 'Source Sans Pro';\">Nous faisons la promotion <strong>d\u2019un voyage responsable et de l\u2019\u00e9cotourisme<\/strong>, et nous aidons\/demandons aux voyageurs de prot\u00e9ger les environnements qu\u2019ils visitent. Le Terrace Lodge s\u2019efforce de minimiser l\u2019impact sur l\u2019environnement local. Nos clients sont invit\u00e9s \u00e0 collaborer \u00e0 nos efforts.<\/span><\/p><p><span lang=\"en-US\" style=\"font-family: 'Source Sans Pro';\">Prenez 90 secondes pour lire la brochure <a href=\"https:\/\/terracelodge.com\/wp-content\/uploads\/2020\/09\/Code-Responsible-Tourist.pdf\" target=\"_blank\" rel=\"noopener\">The Resposible Traveler<\/a>\u00a0(lien en anglais).<\/span><\/p><p><span style=\"font-family: 'Source Sans Pro';\">Nous vous en remercions\u00a0!<\/span><\/p>\t\t\t\t\t\t\t\t<\/div>\n\t\t\t\t<\/div>\n\t\t\t\t\t<\/div>\n\t\t<\/div>\n\t\t\t\t\t<\/div>\n\t\t<\/section>\n\t\t\t\t<\/div>\n\t\t","protected":false},"excerpt":{"rendered":"<p>De ce point de vue, le tourisme responsable consiste en l\u2019\u00e9laboration et l\u2019application d\u2019outils de gestion d\u2019entreprise visant \u00e0 minimiser les impacts n\u00e9gatifs de l\u2019activit\u00e9 touristique et \u00e0 accro\u00eetre les avantages de la population d\u2019accueil. Certains des instruments les plus caract\u00e9ristiques de ce type de tourisme sont les suivants: Les certifications ou les sceaux de [&hellip;]<\/p>\n","protected":false},"author":1,"featured_media":0,"parent":0,"menu_order":0,"comment_status":"closed","ping_status":"closed","template":"elementor_header_footer","meta":{"_joinchat":[],"footnotes":""},"class_list":["post-2881","page","type-page","status-publish","hentry"],"yoast_head":"<!-- This site is optimized with the Yoast SEO plugin v26.9 - https:\/\/yoast.com\/product\/yoast-seo-wordpress\/ -->\n<title>Tourisme Responsable \u00e0 Putre | Terrace Lodge<\/title>\n<meta name=\"robots\" content=\"index, follow, max-snippet:-1, max-image-preview:large, max-video-preview:-1\" \/>\n<link rel=\"canonical\" href=\"https:\/\/terracelodge.com\/fr\/tourisme-responsable-a-putre\/\" \/>\n<meta property=\"og:locale\" content=\"fr_FR\" \/>\n<meta property=\"og:type\" content=\"article\" \/>\n<meta property=\"og:title\" content=\"Tourisme Responsable \u00e0 Putre | Terrace Lodge\" \/>\n<meta property=\"og:description\" content=\"De ce point de vue, le tourisme responsable consiste en l\u2019\u00e9laboration et l\u2019application d\u2019outils de gestion d\u2019entreprise visant \u00e0 minimiser les impacts n\u00e9gatifs de l\u2019activit\u00e9 touristique et \u00e0 accro\u00eetre les avantages de la population d\u2019accueil. Certains des instruments les plus caract\u00e9ristiques de ce type de tourisme sont les suivants: Les certifications ou les sceaux de [&hellip;]\" \/>\n<meta property=\"og:url\" content=\"https:\/\/terracelodge.com\/fr\/tourisme-responsable-a-putre\/\" \/>\n<meta property=\"og:site_name\" content=\"Terrace Lodge\" \/>\n<meta property=\"article:publisher\" content=\"https:\/\/www.facebook.com\/terracelodgeputre\/\" \/>\n<meta property=\"article:modified_time\" content=\"2020-10-05T23:55:59+00:00\" \/>\n<meta property=\"og:image\" content=\"https:\/\/terracelodge.com\/wp-content\/uploads\/2020\/09\/terrace-lodge-2-1024x683.jpg\" \/>\n<meta name=\"twitter:card\" content=\"summary_large_image\" \/>\n<meta name=\"twitter:label1\" content=\"Dur\u00e9e de lecture estim\u00e9e\" \/>\n\t<meta name=\"twitter:data1\" content=\"2 minutes\" \/>\n<script type=\"application\/ld+json\" class=\"yoast-schema-graph\">{\"@context\":\"https:\/\/schema.org\",\"@graph\":[{\"@type\":\"WebPage\",\"@id\":\"https:\/\/terracelodge.com\/fr\/tourisme-responsable-a-putre\/\",\"url\":\"https:\/\/terracelodge.com\/fr\/tourisme-responsable-a-putre\/\",\"name\":\"Tourisme Responsable \u00e0 Putre | Terrace Lodge\",\"isPartOf\":{\"@id\":\"https:\/\/terracelodge.com\/fr\/#website\"},\"primaryImageOfPage\":{\"@id\":\"https:\/\/terracelodge.com\/fr\/tourisme-responsable-a-putre\/#primaryimage\"},\"image\":{\"@id\":\"https:\/\/terracelodge.com\/fr\/tourisme-responsable-a-putre\/#primaryimage\"},\"thumbnailUrl\":\"https:\/\/terracelodge.com\/wp-content\/uploads\/2020\/09\/terrace-lodge-2-1024x683.jpg\",\"datePublished\":\"2020-09-08T22:59:13+00:00\",\"dateModified\":\"2020-10-05T23:55:59+00:00\",\"breadcrumb\":{\"@id\":\"https:\/\/terracelodge.com\/fr\/tourisme-responsable-a-putre\/#breadcrumb\"},\"inLanguage\":\"fr-FR\",\"potentialAction\":[{\"@type\":\"ReadAction\",\"target\":[\"https:\/\/terracelodge.com\/fr\/tourisme-responsable-a-putre\/\"]}]},{\"@type\":\"ImageObject\",\"inLanguage\":\"fr-FR\",\"@id\":\"https:\/\/terracelodge.com\/fr\/tourisme-responsable-a-putre\/#primaryimage\",\"url\":\"https:\/\/terracelodge.com\/wp-content\/uploads\/2020\/09\/terrace-lodge-2-1024x683.jpg\",\"contentUrl\":\"https:\/\/terracelodge.com\/wp-content\/uploads\/2020\/09\/terrace-lodge-2-1024x683.jpg\"},{\"@type\":\"BreadcrumbList\",\"@id\":\"https:\/\/terracelodge.com\/fr\/tourisme-responsable-a-putre\/#breadcrumb\",\"itemListElement\":[{\"@type\":\"ListItem\",\"position\":1,\"name\":\"Portada\",\"item\":\"https:\/\/terracelodge.com\/fr\/\"},{\"@type\":\"ListItem\",\"position\":2,\"name\":\"Tourisme Responsable \u00e0 Putre\"}]},{\"@type\":\"WebSite\",\"@id\":\"https:\/\/terracelodge.com\/fr\/#website\",\"url\":\"https:\/\/terracelodge.com\/fr\/\",\"name\":\"Terrace Lodge\",\"description\":\"Hotel Putre\",\"publisher\":{\"@id\":\"https:\/\/terracelodge.com\/fr\/#organization\"},\"potentialAction\":[{\"@type\":\"SearchAction\",\"target\":{\"@type\":\"EntryPoint\",\"urlTemplate\":\"https:\/\/terracelodge.com\/fr\/?s={search_term_string}\"},\"query-input\":{\"@type\":\"PropertyValueSpecification\",\"valueRequired\":true,\"valueName\":\"search_term_string\"}}],\"inLanguage\":\"fr-FR\"},{\"@type\":\"Organization\",\"@id\":\"https:\/\/terracelodge.com\/fr\/#organization\",\"name\":\"Terrace Lodge\",\"url\":\"https:\/\/terracelodge.com\/fr\/\",\"logo\":{\"@type\":\"ImageObject\",\"inLanguage\":\"fr-FR\",\"@id\":\"https:\/\/terracelodge.com\/fr\/#\/schema\/logo\/image\/\",\"url\":\"https:\/\/terracelodge.com\/wp-content\/uploads\/2020\/09\/cropped-logo-terrace-1.png\",\"contentUrl\":\"https:\/\/terracelodge.com\/wp-content\/uploads\/2020\/09\/cropped-logo-terrace-1.png\",\"width\":221,\"height\":50,\"caption\":\"Terrace Lodge\"},\"image\":{\"@id\":\"https:\/\/terracelodge.com\/fr\/#\/schema\/logo\/image\/\"},\"sameAs\":[\"https:\/\/www.facebook.com\/terracelodgeputre\/\",\"https:\/\/www.instagram.com\/terracelodgeputre\/\",\"https:\/\/www.youtube.com\/channel\/UC2B3fyd0obC0sPFAQIfJI_A\"]}]}<\/script>\n<!-- \/ Yoast SEO plugin. -->","yoast_head_json":{"title":"Tourisme Responsable \u00e0 Putre | Terrace Lodge","robots":{"index":"index","follow":"follow","max-snippet":"max-snippet:-1","max-image-preview":"max-image-preview:large","max-video-preview":"max-video-preview:-1"},"canonical":"https:\/\/terracelodge.com\/fr\/tourisme-responsable-a-putre\/","og_locale":"fr_FR","og_type":"article","og_title":"Tourisme Responsable \u00e0 Putre | Terrace Lodge","og_description":"De ce point de vue, le tourisme responsable consiste en l\u2019\u00e9laboration et l\u2019application d\u2019outils de gestion d\u2019entreprise visant \u00e0 minimiser les impacts n\u00e9gatifs de l\u2019activit\u00e9 touristique et \u00e0 accro\u00eetre les avantages de la population d\u2019accueil. Certains des instruments les plus caract\u00e9ristiques de ce type de tourisme sont les suivants: Les certifications ou les sceaux de [&hellip;]","og_url":"https:\/\/terracelodge.com\/fr\/tourisme-responsable-a-putre\/","og_site_name":"Terrace Lodge","article_publisher":"https:\/\/www.facebook.com\/terracelodgeputre\/","article_modified_time":"2020-10-05T23:55:59+00:00","og_image":[{"url":"https:\/\/terracelodge.com\/wp-content\/uploads\/2020\/09\/terrace-lodge-2-1024x683.jpg","type":"","width":"","height":""}],"twitter_card":"summary_large_image","twitter_misc":{"Dur\u00e9e de lecture estim\u00e9e":"2 minutes"},"schema":{"@context":"https:\/\/schema.org","@graph":[{"@type":"WebPage","@id":"https:\/\/terracelodge.com\/fr\/tourisme-responsable-a-putre\/","url":"https:\/\/terracelodge.com\/fr\/tourisme-responsable-a-putre\/","name":"Tourisme Responsable \u00e0 Putre | Terrace Lodge","isPartOf":{"@id":"https:\/\/terracelodge.com\/fr\/#website"},"primaryImageOfPage":{"@id":"https:\/\/terracelodge.com\/fr\/tourisme-responsable-a-putre\/#primaryimage"},"image":{"@id":"https:\/\/terracelodge.com\/fr\/tourisme-responsable-a-putre\/#primaryimage"},"thumbnailUrl":"https:\/\/terracelodge.com\/wp-content\/uploads\/2020\/09\/terrace-lodge-2-1024x683.jpg","datePublished":"2020-09-08T22:59:13+00:00","dateModified":"2020-10-05T23:55:59+00:00","breadcrumb":{"@id":"https:\/\/terracelodge.com\/fr\/tourisme-responsable-a-putre\/#breadcrumb"},"inLanguage":"fr-FR","potentialAction":[{"@type":"ReadAction","target":["https:\/\/terracelodge.com\/fr\/tourisme-responsable-a-putre\/"]}]},{"@type":"ImageObject","inLanguage":"fr-FR","@id":"https:\/\/terracelodge.com\/fr\/tourisme-responsable-a-putre\/#primaryimage","url":"https:\/\/terracelodge.com\/wp-content\/uploads\/2020\/09\/terrace-lodge-2-1024x683.jpg","contentUrl":"https:\/\/terracelodge.com\/wp-content\/uploads\/2020\/09\/terrace-lodge-2-1024x683.jpg"},{"@type":"BreadcrumbList","@id":"https:\/\/terracelodge.com\/fr\/tourisme-responsable-a-putre\/#breadcrumb","itemListElement":[{"@type":"ListItem","position":1,"name":"Portada","item":"https:\/\/terracelodge.com\/fr\/"},{"@type":"ListItem","position":2,"name":"Tourisme Responsable \u00e0 Putre"}]},{"@type":"WebSite","@id":"https:\/\/terracelodge.com\/fr\/#website","url":"https:\/\/terracelodge.com\/fr\/","name":"Terrace Lodge","description":"Hotel Putre","publisher":{"@id":"https:\/\/terracelodge.com\/fr\/#organization"},"potentialAction":[{"@type":"SearchAction","target":{"@type":"EntryPoint","urlTemplate":"https:\/\/terracelodge.com\/fr\/?s={search_term_string}"},"query-input":{"@type":"PropertyValueSpecification","valueRequired":true,"valueName":"search_term_string"}}],"inLanguage":"fr-FR"},{"@type":"Organization","@id":"https:\/\/terracelodge.com\/fr\/#organization","name":"Terrace Lodge","url":"https:\/\/terracelodge.com\/fr\/","logo":{"@type":"ImageObject","inLanguage":"fr-FR","@id":"https:\/\/terracelodge.com\/fr\/#\/schema\/logo\/image\/","url":"https:\/\/terracelodge.com\/wp-content\/uploads\/2020\/09\/cropped-logo-terrace-1.png","contentUrl":"https:\/\/terracelodge.com\/wp-content\/uploads\/2020\/09\/cropped-logo-terrace-1.png","width":221,"height":50,"caption":"Terrace Lodge"},"image":{"@id":"https:\/\/terracelodge.com\/fr\/#\/schema\/logo\/image\/"},"sameAs":["https:\/\/www.facebook.com\/terracelodgeputre\/","https:\/\/www.instagram.com\/terracelodgeputre\/","https:\/\/www.youtube.com\/channel\/UC2B3fyd0obC0sPFAQIfJI_A"]}]}},"_links":{"self":[{"href":"https:\/\/terracelodge.com\/fr\/wp-json\/wp\/v2\/pages\/2881","targetHints":{"allow":["GET"]}}],"collection":[{"href":"https:\/\/terracelodge.com\/fr\/wp-json\/wp\/v2\/pages"}],"about":[{"href":"https:\/\/terracelodge.com\/fr\/wp-json\/wp\/v2\/types\/page"}],"author":[{"embeddable":true,"href":"https:\/\/terracelodge.com\/fr\/wp-json\/wp\/v2\/users\/1"}],"replies":[{"embeddable":true,"href":"https:\/\/terracelodge.com\/fr\/wp-json\/wp\/v2\/comments?post=2881"}],"version-history":[{"count":3,"href":"https:\/\/terracelodge.com\/fr\/wp-json\/wp\/v2\/pages\/2881\/revisions"}],"predecessor-version":[{"id":2958,"href":"https:\/\/terracelodge.com\/fr\/wp-json\/wp\/v2\/pages\/2881\/revisions\/2958"}],"wp:attachment":[{"href":"https:\/\/terracelodge.com\/fr\/wp-json\/wp\/v2\/media?parent=2881"}],"curies":[{"name":"wp","href":"https:\/\/api.w.org\/{rel}","templated":true}]}}