{"id":2887,"date":"2020-09-11T15:33:57","date_gmt":"2020-09-11T15:33:57","guid":{"rendered":"https:\/\/terracelodge.com\/location\/"},"modified":"2022-04-07T17:33:12","modified_gmt":"2022-04-07T21:33:12","slug":"emplacement","status":"publish","type":"page","link":"https:\/\/terracelodge.com\/fr\/emplacement\/","title":{"rendered":"Emplacement"},"content":{"rendered":"\t\t<div data-elementor-type=\"wp-page\" data-elementor-id=\"2887\" class=\"elementor elementor-2887 elementor-1062\">\n\t\t\t\t\t\t<section class=\"elementor-section elementor-top-section elementor-element elementor-element-4889096 elementor-section-height-min-height elementor-section-boxed elementor-section-height-default elementor-section-items-middle\" data-id=\"4889096\" data-element_type=\"section\">\n\t\t\t\t\t\t<div class=\"elementor-container elementor-column-gap-default\">\n\t\t\t\t\t<div class=\"elementor-column elementor-col-100 elementor-top-column elementor-element elementor-element-e40767f\" data-id=\"e40767f\" data-element_type=\"column\">\n\t\t\t<div class=\"elementor-widget-wrap elementor-element-populated\">\n\t\t\t\t\t\t<div class=\"elementor-element elementor-element-e2aac0c elementor-widget elementor-widget-html\" data-id=\"e2aac0c\" data-element_type=\"widget\" data-widget_type=\"html.default\">\n\t\t\t\t<div class=\"elementor-widget-container\">\n\t\t\t\t\t<iframe src=\"https:\/\/www.google.com\/maps\/embed?pb=!1m18!1m12!1m3!1d7762420.150950099!2d-74.03982064431945!3d-18.198697891505866!2m3!1f0!2f0!3f0!3m2!1i1024!2i768!4f13.1!3m3!1m2!1s0x915a6489a7d9823b%3A0x9df3455ae709ba99!2sTerrace%20Lodge%20%26%20Tours!5e0!3m2!1ses!2sni!4v1600327825614!5m2!1ses!2sni\" width=\"100%\" height=\"400\" frameborder=\"0\" style=\"border:0;\" allowfullscreen=\"\" aria-hidden=\"false\" tabindex=\"0\"><\/iframe>\t\t\t\t<\/div>\n\t\t\t\t<\/div>\n\t\t\t\t\t<\/div>\n\t\t<\/div>\n\t\t\t\t\t<\/div>\n\t\t<\/section>\n\t\t\t\t<section class=\"elementor-section elementor-top-section elementor-element elementor-element-6a4a073 elementor-section-boxed elementor-section-height-default elementor-section-height-default\" data-id=\"6a4a073\" data-element_type=\"section\">\n\t\t\t\t\t\t<div class=\"elementor-container elementor-column-gap-default\">\n\t\t\t\t\t<div class=\"elementor-column elementor-col-100 elementor-top-column elementor-element elementor-element-f6d769f\" data-id=\"f6d769f\" data-element_type=\"column\">\n\t\t\t<div class=\"elementor-widget-wrap elementor-element-populated\">\n\t\t\t\t\t\t<div class=\"elementor-element elementor-element-32a22d5 elementor-widget elementor-widget-text-editor\" data-id=\"32a22d5\" data-element_type=\"widget\" data-widget_type=\"text-editor.default\">\n\t\t\t\t<div class=\"elementor-widget-container\">\n\t\t\t\t\t\t\t\t\t<p><span lang=\"en-US\" style=\"font-family: 'Source Sans Pro';\"><strong>Situ\u00e9 \u00e0 3500 m\u00e8tres d\u2019altitude<\/strong> dans le village de Putre, le <strong>Terrace Lodge<\/strong> s\u2019est av\u00e9r\u00e9 \u00eatre un v\u00e9ritable h\u00e9bergement de repos entour\u00e9 par la majest\u00e9 et la beaut\u00e9 des sommets enneig\u00e9s de l\u2019Altiplano chilien. Un lieu unique et privil\u00e9gi\u00e9 au milieu des Andes.<\/span><\/p><p><span lang=\"fr-FR\" style=\"font-family: 'Source Sans Pro';\"><strong>Putre<\/strong> est une ville et une commune au Chili, capitale de la province de Parinacota dans la <strong>r\u00e9gion d\u2019Arica-Parinacota<\/strong>. Le village est situ\u00e9 \u00e0 130 km (81 miles) \u00e0 l\u2019est d\u2019Arica et a comme toile de fond le complexe volcanique de Taapaca. Il est sur le bord du <strong>Parc National Lauca<\/strong> et est appr\u00e9ci\u00e9 des visiteurs du Parc National qui veulent s\u2019acclimater \u00e0 l\u2019altitude. <\/span><\/p>\t\t\t\t\t\t\t\t<\/div>\n\t\t\t\t<\/div>\n\t\t\t\t\t<\/div>\n\t\t<\/div>\n\t\t\t\t\t<\/div>\n\t\t<\/section>\n\t\t\t\t<section class=\"elementor-section elementor-top-section elementor-element elementor-element-fb5ea26 elementor-section-boxed elementor-section-height-default elementor-section-height-default\" data-id=\"fb5ea26\" data-element_type=\"section\">\n\t\t\t\t\t\t<div class=\"elementor-container elementor-column-gap-default\">\n\t\t\t\t\t<div class=\"elementor-column elementor-col-100 elementor-top-column elementor-element elementor-element-9d4b790\" data-id=\"9d4b790\" data-element_type=\"column\">\n\t\t\t<div class=\"elementor-widget-wrap elementor-element-populated\">\n\t\t\t\t\t\t<div class=\"elementor-element elementor-element-90d535e elementor-widget elementor-widget-image\" data-id=\"90d535e\" data-element_type=\"widget\" data-widget_type=\"image.default\">\n\t\t\t\t<div class=\"elementor-widget-container\">\n\t\t\t\t\t\t\t\t\t\t\t\t\t\t\t\t<a href=\"https:\/\/goo.gl\/maps\/TuVooQVQwCzS9Kbd7\" target=\"_blank\">\n\t\t\t\t\t\t\t<img fetchpriority=\"high\" decoding=\"async\" width=\"768\" height=\"625\" src=\"https:\/\/terracelodge.com\/wp-content\/uploads\/2020\/09\/mapa-terrace-lodge-putre.png\" class=\"attachment-large size-large wp-image-2888\" alt=\"\" srcset=\"https:\/\/terracelodge.com\/wp-content\/uploads\/2020\/09\/mapa-terrace-lodge-putre.png 775w, https:\/\/terracelodge.com\/wp-content\/uploads\/2020\/09\/mapa-terrace-lodge-putre-300x244.png 300w, https:\/\/terracelodge.com\/wp-content\/uploads\/2020\/09\/mapa-terrace-lodge-putre-768x625.png 768w, https:\/\/terracelodge.com\/wp-content\/uploads\/2020\/09\/mapa-terrace-lodge-putre-405x330.png 405w\" sizes=\"(max-width: 768px) 100vw, 768px\" \/>\t\t\t\t\t\t\t\t<\/a>\n\t\t\t\t\t\t\t\t\t\t\t\t\t\t\t<\/div>\n\t\t\t\t<\/div>\n\t\t\t\t\t<\/div>\n\t\t<\/div>\n\t\t\t\t\t<\/div>\n\t\t<\/section>\n\t\t\t\t<section class=\"elementor-section elementor-top-section elementor-element elementor-element-004937a elementor-section-boxed elementor-section-height-default elementor-section-height-default\" data-id=\"004937a\" data-element_type=\"section\">\n\t\t\t\t\t\t<div class=\"elementor-container elementor-column-gap-default\">\n\t\t\t\t\t<div class=\"elementor-column elementor-col-100 elementor-top-column elementor-element elementor-element-bdf5571\" data-id=\"bdf5571\" data-element_type=\"column\">\n\t\t\t<div class=\"elementor-widget-wrap elementor-element-populated\">\n\t\t\t\t\t\t<div class=\"elementor-element elementor-element-6c657d9 elementor-widget elementor-widget-text-editor\" data-id=\"6c657d9\" data-element_type=\"widget\" data-widget_type=\"text-editor.default\">\n\t\t\t\t<div class=\"elementor-widget-container\">\n\t\t\t\t\t\t\t\t\t<p>Le <strong>Terrace Lodge Putre<\/strong> vous donne la possibilit\u00e9 de profiter de l\u2019hospitalit\u00e9 naturelle offerte par l\u2019Altiplano, un environnement calme et silencieux. En plus de la magie envo\u00fbtante de ses paysages environnants, il s\u2019agit de votre meilleure option si vous recherchez un service de qualit\u00e9 au milieu d\u2019une atmosph\u00e8re accueillante et cosmopolite.<\/p>\t\t\t\t\t\t\t\t<\/div>\n\t\t\t\t<\/div>\n\t\t\t\t\t<\/div>\n\t\t<\/div>\n\t\t\t\t\t<\/div>\n\t\t<\/section>\n\t\t\t\t<section class=\"elementor-section elementor-top-section elementor-element elementor-element-7f4f46c elementor-section-boxed elementor-section-height-default elementor-section-height-default\" data-id=\"7f4f46c\" data-element_type=\"section\">\n\t\t\t\t\t\t<div class=\"elementor-container elementor-column-gap-default\">\n\t\t\t\t\t<div class=\"elementor-column elementor-col-100 elementor-top-column elementor-element elementor-element-b06ebfe\" data-id=\"b06ebfe\" data-element_type=\"column\">\n\t\t\t<div class=\"elementor-widget-wrap elementor-element-populated\">\n\t\t\t\t\t\t<div class=\"elementor-element elementor-element-ac5a0aa elementor-widget elementor-widget-button\" data-id=\"ac5a0aa\" data-element_type=\"widget\" data-widget_type=\"button.default\">\n\t\t\t\t<div class=\"elementor-widget-container\">\n\t\t\t\t\t\t\t\t\t<div class=\"elementor-button-wrapper\">\n\t\t\t\t\t<a class=\"elementor-button elementor-button-link elementor-size-sm\" href=\"https:\/\/terracelodge.com\/fr\/contact\/\">\n\t\t\t\t\t\t<span class=\"elementor-button-content-wrapper\">\n\t\t\t\t\t\t\t\t\t<span class=\"elementor-button-text\">Contact<\/span>\n\t\t\t\t\t<\/span>\n\t\t\t\t\t<\/a>\n\t\t\t\t<\/div>\n\t\t\t\t\t\t\t\t<\/div>\n\t\t\t\t<\/div>\n\t\t\t\t\t<\/div>\n\t\t<\/div>\n\t\t\t\t\t<\/div>\n\t\t<\/section>\n\t\t\t\t<\/div>\n\t\t","protected":false},"excerpt":{"rendered":"<p>Situ\u00e9 \u00e0 3500 m\u00e8tres d\u2019altitude dans le village de Putre, le Terrace Lodge s\u2019est av\u00e9r\u00e9 \u00eatre un v\u00e9ritable h\u00e9bergement de repos entour\u00e9 par la majest\u00e9 et la beaut\u00e9 des sommets enneig\u00e9s de l\u2019Altiplano chilien. Un lieu unique et privil\u00e9gi\u00e9 au milieu des Andes. Putre est une ville et une commune au Chili, capitale de la [&hellip;]<\/p>\n","protected":false},"author":1,"featured_media":0,"parent":0,"menu_order":0,"comment_status":"closed","ping_status":"closed","template":"","meta":{"_joinchat":[],"footnotes":""},"class_list":["post-2887","page","type-page","status-publish","hentry"],"yoast_head":"<!-- This site is optimized with the Yoast SEO plugin v26.9 - https:\/\/yoast.com\/product\/yoast-seo-wordpress\/ -->\n<title>Emplacement | Terrace Lodge<\/title>\n<meta name=\"robots\" content=\"index, follow, max-snippet:-1, max-image-preview:large, max-video-preview:-1\" \/>\n<link rel=\"canonical\" href=\"https:\/\/terracelodge.com\/fr\/emplacement\/\" \/>\n<meta property=\"og:locale\" content=\"fr_FR\" \/>\n<meta property=\"og:type\" content=\"article\" \/>\n<meta property=\"og:title\" content=\"Emplacement | Terrace Lodge\" \/>\n<meta property=\"og:description\" content=\"Situ\u00e9 \u00e0 3500 m\u00e8tres d\u2019altitude dans le village de Putre, le Terrace Lodge s\u2019est av\u00e9r\u00e9 \u00eatre un v\u00e9ritable h\u00e9bergement de repos entour\u00e9 par la majest\u00e9 et la beaut\u00e9 des sommets enneig\u00e9s de l\u2019Altiplano chilien. Un lieu unique et privil\u00e9gi\u00e9 au milieu des Andes. Putre est une ville et une commune au Chili, capitale de la [&hellip;]\" \/>\n<meta property=\"og:url\" content=\"https:\/\/terracelodge.com\/fr\/emplacement\/\" \/>\n<meta property=\"og:site_name\" content=\"Terrace Lodge\" \/>\n<meta property=\"article:publisher\" content=\"https:\/\/www.facebook.com\/terracelodgeputre\/\" \/>\n<meta property=\"article:modified_time\" content=\"2022-04-07T21:33:12+00:00\" \/>\n<meta property=\"og:image\" content=\"https:\/\/terracelodge.com\/wp-content\/uploads\/2020\/09\/mapa-terrace-lodge-putre.png\" \/>\n<meta name=\"twitter:card\" content=\"summary_large_image\" \/>\n<meta name=\"twitter:label1\" content=\"Dur\u00e9e de lecture estim\u00e9e\" \/>\n\t<meta name=\"twitter:data1\" content=\"2 minutes\" \/>\n<script type=\"application\/ld+json\" class=\"yoast-schema-graph\">{\"@context\":\"https:\/\/schema.org\",\"@graph\":[{\"@type\":\"WebPage\",\"@id\":\"https:\/\/terracelodge.com\/fr\/emplacement\/\",\"url\":\"https:\/\/terracelodge.com\/fr\/emplacement\/\",\"name\":\"Emplacement | Terrace Lodge\",\"isPartOf\":{\"@id\":\"https:\/\/terracelodge.com\/fr\/#website\"},\"primaryImageOfPage\":{\"@id\":\"https:\/\/terracelodge.com\/fr\/emplacement\/#primaryimage\"},\"image\":{\"@id\":\"https:\/\/terracelodge.com\/fr\/emplacement\/#primaryimage\"},\"thumbnailUrl\":\"https:\/\/terracelodge.com\/wp-content\/uploads\/2020\/09\/mapa-terrace-lodge-putre.png\",\"datePublished\":\"2020-09-11T15:33:57+00:00\",\"dateModified\":\"2022-04-07T21:33:12+00:00\",\"breadcrumb\":{\"@id\":\"https:\/\/terracelodge.com\/fr\/emplacement\/#breadcrumb\"},\"inLanguage\":\"fr-FR\",\"potentialAction\":[{\"@type\":\"ReadAction\",\"target\":[\"https:\/\/terracelodge.com\/fr\/emplacement\/\"]}]},{\"@type\":\"ImageObject\",\"inLanguage\":\"fr-FR\",\"@id\":\"https:\/\/terracelodge.com\/fr\/emplacement\/#primaryimage\",\"url\":\"https:\/\/terracelodge.com\/wp-content\/uploads\/2020\/09\/mapa-terrace-lodge-putre.png\",\"contentUrl\":\"https:\/\/terracelodge.com\/wp-content\/uploads\/2020\/09\/mapa-terrace-lodge-putre.png\"},{\"@type\":\"BreadcrumbList\",\"@id\":\"https:\/\/terracelodge.com\/fr\/emplacement\/#breadcrumb\",\"itemListElement\":[{\"@type\":\"ListItem\",\"position\":1,\"name\":\"Portada\",\"item\":\"https:\/\/terracelodge.com\/fr\/\"},{\"@type\":\"ListItem\",\"position\":2,\"name\":\"Emplacement\"}]},{\"@type\":\"WebSite\",\"@id\":\"https:\/\/terracelodge.com\/fr\/#website\",\"url\":\"https:\/\/terracelodge.com\/fr\/\",\"name\":\"Terrace Lodge\",\"description\":\"Hotel Putre\",\"publisher\":{\"@id\":\"https:\/\/terracelodge.com\/fr\/#organization\"},\"potentialAction\":[{\"@type\":\"SearchAction\",\"target\":{\"@type\":\"EntryPoint\",\"urlTemplate\":\"https:\/\/terracelodge.com\/fr\/?s={search_term_string}\"},\"query-input\":{\"@type\":\"PropertyValueSpecification\",\"valueRequired\":true,\"valueName\":\"search_term_string\"}}],\"inLanguage\":\"fr-FR\"},{\"@type\":\"Organization\",\"@id\":\"https:\/\/terracelodge.com\/fr\/#organization\",\"name\":\"Terrace Lodge\",\"url\":\"https:\/\/terracelodge.com\/fr\/\",\"logo\":{\"@type\":\"ImageObject\",\"inLanguage\":\"fr-FR\",\"@id\":\"https:\/\/terracelodge.com\/fr\/#\/schema\/logo\/image\/\",\"url\":\"https:\/\/terracelodge.com\/wp-content\/uploads\/2020\/09\/cropped-logo-terrace-1.png\",\"contentUrl\":\"https:\/\/terracelodge.com\/wp-content\/uploads\/2020\/09\/cropped-logo-terrace-1.png\",\"width\":221,\"height\":50,\"caption\":\"Terrace Lodge\"},\"image\":{\"@id\":\"https:\/\/terracelodge.com\/fr\/#\/schema\/logo\/image\/\"},\"sameAs\":[\"https:\/\/www.facebook.com\/terracelodgeputre\/\",\"https:\/\/www.instagram.com\/terracelodgeputre\/\",\"https:\/\/www.youtube.com\/channel\/UC2B3fyd0obC0sPFAQIfJI_A\"]}]}<\/script>\n<!-- \/ Yoast SEO plugin. -->","yoast_head_json":{"title":"Emplacement | Terrace Lodge","robots":{"index":"index","follow":"follow","max-snippet":"max-snippet:-1","max-image-preview":"max-image-preview:large","max-video-preview":"max-video-preview:-1"},"canonical":"https:\/\/terracelodge.com\/fr\/emplacement\/","og_locale":"fr_FR","og_type":"article","og_title":"Emplacement | Terrace Lodge","og_description":"Situ\u00e9 \u00e0 3500 m\u00e8tres d\u2019altitude dans le village de Putre, le Terrace Lodge s\u2019est av\u00e9r\u00e9 \u00eatre un v\u00e9ritable h\u00e9bergement de repos entour\u00e9 par la majest\u00e9 et la beaut\u00e9 des sommets enneig\u00e9s de l\u2019Altiplano chilien. Un lieu unique et privil\u00e9gi\u00e9 au milieu des Andes. Putre est une ville et une commune au Chili, capitale de la [&hellip;]","og_url":"https:\/\/terracelodge.com\/fr\/emplacement\/","og_site_name":"Terrace Lodge","article_publisher":"https:\/\/www.facebook.com\/terracelodgeputre\/","article_modified_time":"2022-04-07T21:33:12+00:00","og_image":[{"url":"https:\/\/terracelodge.com\/wp-content\/uploads\/2020\/09\/mapa-terrace-lodge-putre.png","type":"","width":"","height":""}],"twitter_card":"summary_large_image","twitter_misc":{"Dur\u00e9e de lecture estim\u00e9e":"2 minutes"},"schema":{"@context":"https:\/\/schema.org","@graph":[{"@type":"WebPage","@id":"https:\/\/terracelodge.com\/fr\/emplacement\/","url":"https:\/\/terracelodge.com\/fr\/emplacement\/","name":"Emplacement | Terrace Lodge","isPartOf":{"@id":"https:\/\/terracelodge.com\/fr\/#website"},"primaryImageOfPage":{"@id":"https:\/\/terracelodge.com\/fr\/emplacement\/#primaryimage"},"image":{"@id":"https:\/\/terracelodge.com\/fr\/emplacement\/#primaryimage"},"thumbnailUrl":"https:\/\/terracelodge.com\/wp-content\/uploads\/2020\/09\/mapa-terrace-lodge-putre.png","datePublished":"2020-09-11T15:33:57+00:00","dateModified":"2022-04-07T21:33:12+00:00","breadcrumb":{"@id":"https:\/\/terracelodge.com\/fr\/emplacement\/#breadcrumb"},"inLanguage":"fr-FR","potentialAction":[{"@type":"ReadAction","target":["https:\/\/terracelodge.com\/fr\/emplacement\/"]}]},{"@type":"ImageObject","inLanguage":"fr-FR","@id":"https:\/\/terracelodge.com\/fr\/emplacement\/#primaryimage","url":"https:\/\/terracelodge.com\/wp-content\/uploads\/2020\/09\/mapa-terrace-lodge-putre.png","contentUrl":"https:\/\/terracelodge.com\/wp-content\/uploads\/2020\/09\/mapa-terrace-lodge-putre.png"},{"@type":"BreadcrumbList","@id":"https:\/\/terracelodge.com\/fr\/emplacement\/#breadcrumb","itemListElement":[{"@type":"ListItem","position":1,"name":"Portada","item":"https:\/\/terracelodge.com\/fr\/"},{"@type":"ListItem","position":2,"name":"Emplacement"}]},{"@type":"WebSite","@id":"https:\/\/terracelodge.com\/fr\/#website","url":"https:\/\/terracelodge.com\/fr\/","name":"Terrace Lodge","description":"Hotel Putre","publisher":{"@id":"https:\/\/terracelodge.com\/fr\/#organization"},"potentialAction":[{"@type":"SearchAction","target":{"@type":"EntryPoint","urlTemplate":"https:\/\/terracelodge.com\/fr\/?s={search_term_string}"},"query-input":{"@type":"PropertyValueSpecification","valueRequired":true,"valueName":"search_term_string"}}],"inLanguage":"fr-FR"},{"@type":"Organization","@id":"https:\/\/terracelodge.com\/fr\/#organization","name":"Terrace Lodge","url":"https:\/\/terracelodge.com\/fr\/","logo":{"@type":"ImageObject","inLanguage":"fr-FR","@id":"https:\/\/terracelodge.com\/fr\/#\/schema\/logo\/image\/","url":"https:\/\/terracelodge.com\/wp-content\/uploads\/2020\/09\/cropped-logo-terrace-1.png","contentUrl":"https:\/\/terracelodge.com\/wp-content\/uploads\/2020\/09\/cropped-logo-terrace-1.png","width":221,"height":50,"caption":"Terrace Lodge"},"image":{"@id":"https:\/\/terracelodge.com\/fr\/#\/schema\/logo\/image\/"},"sameAs":["https:\/\/www.facebook.com\/terracelodgeputre\/","https:\/\/www.instagram.com\/terracelodgeputre\/","https:\/\/www.youtube.com\/channel\/UC2B3fyd0obC0sPFAQIfJI_A"]}]}},"_links":{"self":[{"href":"https:\/\/terracelodge.com\/fr\/wp-json\/wp\/v2\/pages\/2887","targetHints":{"allow":["GET"]}}],"collection":[{"href":"https:\/\/terracelodge.com\/fr\/wp-json\/wp\/v2\/pages"}],"about":[{"href":"https:\/\/terracelodge.com\/fr\/wp-json\/wp\/v2\/types\/page"}],"author":[{"embeddable":true,"href":"https:\/\/terracelodge.com\/fr\/wp-json\/wp\/v2\/users\/1"}],"replies":[{"embeddable":true,"href":"https:\/\/terracelodge.com\/fr\/wp-json\/wp\/v2\/comments?post=2887"}],"version-history":[{"count":5,"href":"https:\/\/terracelodge.com\/fr\/wp-json\/wp\/v2\/pages\/2887\/revisions"}],"predecessor-version":[{"id":5087,"href":"https:\/\/terracelodge.com\/fr\/wp-json\/wp\/v2\/pages\/2887\/revisions\/5087"}],"wp:attachment":[{"href":"https:\/\/terracelodge.com\/fr\/wp-json\/wp\/v2\/media?parent=2887"}],"curies":[{"name":"wp","href":"https:\/\/api.w.org\/{rel}","templated":true}]}}