{"id":2893,"date":"2020-09-17T20:41:31","date_gmt":"2020-09-17T20:41:31","guid":{"rendered":"https:\/\/terracelodge.com\/how-to-get-there\/"},"modified":"2021-12-29T20:22:01","modified_gmt":"2021-12-29T23:22:01","slug":"comment-venir","status":"publish","type":"page","link":"https:\/\/terracelodge.com\/fr\/comment-venir\/","title":{"rendered":"Comment Venir"},"content":{"rendered":"\t\t<div data-elementor-type=\"wp-page\" data-elementor-id=\"2893\" class=\"elementor elementor-2893 elementor-1813\">\n\t\t\t\t\t\t<section class=\"elementor-section elementor-top-section elementor-element elementor-element-85c26d5 elementor-section-boxed elementor-section-height-default elementor-section-height-default\" data-id=\"85c26d5\" data-element_type=\"section\">\n\t\t\t\t\t\t<div class=\"elementor-container elementor-column-gap-default\">\n\t\t\t\t\t<div class=\"elementor-column elementor-col-100 elementor-top-column elementor-element elementor-element-950af35\" data-id=\"950af35\" data-element_type=\"column\">\n\t\t\t<div class=\"elementor-widget-wrap elementor-element-populated\">\n\t\t\t\t\t\t<div class=\"elementor-element elementor-element-4b998dd elementor-widget elementor-widget-text-editor\" data-id=\"4b998dd\" data-element_type=\"widget\" data-widget_type=\"text-editor.default\">\n\t\t\t\t<div class=\"elementor-widget-container\">\n\t\t\t\t\t\t\t\t\t<p><span style=\"font-family: 'Source Sans Pro';\">Le village de <strong>Putre<\/strong>, est situ\u00e9 \u00e0 149 km de la <strong>ville d\u2019Arica<\/strong>, \u00e0 3500 m\u00e8tres d\u2019altitude et on y d\u00e9nombre environ 1.300 habitants. Parmi les principales attractions sont les montagnes imposantes, les volcans et les villages o\u00f9 le temps semble s\u2019\u00eatre arr\u00eat\u00e9, c\u2019est une belle r\u00e9gion pour s\u2019acclimater et continuer \u00e0 d\u00e9couvrir la beaut\u00e9 de la r\u00e9gion de l\u2019Altiplano.<\/span><\/p><p><span style=\"font-family: 'Source Sans Pro';\">Le <strong>Terrace Lodge<\/strong>, est situ\u00e9 \u00e0 l\u2019entr\u00e9e du village de Putre, \u00e0 quelques pas de la place principale, l\u2019\u00e9glise et les restaurants typiques.<\/span><\/p>\t\t\t\t\t\t\t\t<\/div>\n\t\t\t\t<\/div>\n\t\t\t\t<div class=\"elementor-element elementor-element-6618d6c elementor-widget elementor-widget-image\" data-id=\"6618d6c\" data-element_type=\"widget\" data-widget_type=\"image.default\">\n\t\t\t\t<div class=\"elementor-widget-container\">\n\t\t\t\t\t\t\t\t\t\t\t\t\t\t\t<img fetchpriority=\"high\" decoding=\"async\" width=\"768\" height=\"397\" src=\"https:\/\/terracelodge.com\/wp-content\/uploads\/2021\/12\/6.-Putre-1024x529.jpg\" class=\"attachment-large size-large wp-image-4693\" alt=\"How to get to the Putre Hotel Terrace Lodge | Terrace Lodge &amp; Tours, Putre, Arica y Parinacota, Chile\" srcset=\"https:\/\/terracelodge.com\/wp-content\/uploads\/2021\/12\/6.-Putre-1024x529.jpg 1024w, https:\/\/terracelodge.com\/wp-content\/uploads\/2021\/12\/6.-Putre-300x155.jpg 300w, https:\/\/terracelodge.com\/wp-content\/uploads\/2021\/12\/6.-Putre-768x397.jpg 768w, https:\/\/terracelodge.com\/wp-content\/uploads\/2021\/12\/6.-Putre.jpg 1440w\" sizes=\"(max-width: 768px) 100vw, 768px\" \/>\t\t\t\t\t\t\t\t\t\t\t\t\t\t\t<\/div>\n\t\t\t\t<\/div>\n\t\t\t\t<div class=\"elementor-element elementor-element-7d36079 elementor-widget elementor-widget-heading\" data-id=\"7d36079\" data-element_type=\"widget\" data-widget_type=\"heading.default\">\n\t\t\t\t<div class=\"elementor-widget-container\">\n\t\t\t\t\t<h4 class=\"elementor-heading-title elementor-size-default\">En avion (Santiago - Arica - Putre)<\/h4>\t\t\t\t<\/div>\n\t\t\t\t<\/div>\n\t\t\t\t<div class=\"elementor-element elementor-element-46bcef9 elementor-widget elementor-widget-text-editor\" data-id=\"46bcef9\" data-element_type=\"widget\" data-widget_type=\"text-editor.default\">\n\t\t\t\t<div class=\"elementor-widget-container\">\n\t\t\t\t\t\t\t\t\t<p><span style=\"font-family: 'Source Sans Pro';\">Il y a des fr\u00e9quences de vols quotidiens de <strong>Santiago du Chili \u00e0 Arica<\/strong>, d\u2019o\u00f9 vous pouvez suivre le tron\u00e7on en voiture ou en bus. V\u00e9rifiez les fr\u00e9quences dans les a\u00e9roports concern\u00e9s.<\/span><\/p>\t\t\t\t\t\t\t\t<\/div>\n\t\t\t\t<\/div>\n\t\t\t\t<div class=\"elementor-element elementor-element-9c42686 elementor-widget elementor-widget-heading\" data-id=\"9c42686\" data-element_type=\"widget\" data-widget_type=\"heading.default\">\n\t\t\t\t<div class=\"elementor-widget-container\">\n\t\t\t\t\t<h4 class=\"elementor-heading-title elementor-size-default\">Par Automobile (Arica - Putre)<\/h4>\t\t\t\t<\/div>\n\t\t\t\t<\/div>\n\t\t\t\t<div class=\"elementor-element elementor-element-7dc8d2c elementor-widget elementor-widget-text-editor\" data-id=\"7dc8d2c\" data-element_type=\"widget\" data-widget_type=\"text-editor.default\">\n\t\t\t\t<div class=\"elementor-widget-container\">\n\t\t\t\t\t\t\t\t\t<p><span style=\"font-family: 'Source Sans Pro';\">Depuis Arica, vous devez sortir par la route internationale 11-CH et prendre le d\u00e9tour existant de 5 km avant <strong>Putre<\/strong>. La section est enti\u00e8rement pav\u00e9e et fait, au total, 149 km pour un trajet qui durera environ 2 heures et demie.<\/span><\/p>\t\t\t\t\t\t\t\t<\/div>\n\t\t\t\t<\/div>\n\t\t\t\t<div class=\"elementor-element elementor-element-b0c7364 elementor-widget elementor-widget-heading\" data-id=\"b0c7364\" data-element_type=\"widget\" data-widget_type=\"heading.default\">\n\t\t\t\t<div class=\"elementor-widget-container\">\n\t\t\t\t\t<h4 class=\"elementor-heading-title elementor-size-default\">En bus (Arica - Putre)<\/h4>\t\t\t\t<\/div>\n\t\t\t\t<\/div>\n\t\t\t\t<div class=\"elementor-element elementor-element-ce0e5e2 elementor-widget elementor-widget-text-editor\" data-id=\"ce0e5e2\" data-element_type=\"widget\" data-widget_type=\"text-editor.default\">\n\t\t\t\t<div class=\"elementor-widget-container\">\n\t\t\t\t\t\t\t\t\t<p><span style=\"font-family: 'Source Sans Pro';\">Il y a des d\u00e9parts d\u2019<strong>Arica<\/strong>, depuis la gare routi\u00e8re Rodoviario, la soci\u00e9t\u00e9 \u00ab\u00a0La Paloma\u00a0\u00bb, a des trajets tous les jours, \u00e0 07h00. Une autre option est d\u2019embarquer \u00e0 partir de Esteban R\u00edos Avenue 2140, gr\u00e2ce \u00e0 la soci\u00e9t\u00e9 \u00ab\u00a0Guti\u00e9rrez\u00a0\u00bb, avec des trajets les lundis, mercredis et vendredis, \u00e0 06h30.<\/span><\/p>\t\t\t\t\t\t\t\t<\/div>\n\t\t\t\t<\/div>\n\t\t\t\t<div class=\"elementor-element elementor-element-3e26b9f elementor-widget elementor-widget-heading\" data-id=\"3e26b9f\" data-element_type=\"widget\" data-widget_type=\"heading.default\">\n\t\t\t\t<div class=\"elementor-widget-container\">\n\t\t\t\t\t<h4 class=\"elementor-heading-title elementor-size-default\">Par Bus Internationaux (Arr\u00eat \u00e0 Alto de Putre)<\/h4>\t\t\t\t<\/div>\n\t\t\t\t<\/div>\n\t\t\t\t<div class=\"elementor-element elementor-element-5e7c648 elementor-widget elementor-widget-text-editor\" data-id=\"5e7c648\" data-element_type=\"widget\" data-widget_type=\"text-editor.default\">\n\t\t\t\t<div class=\"elementor-widget-container\">\n\t\t\t\t\t\t\t\t\t<p>Sur la route 11-CH transitent tous les jours de nombreux bus avec des routes internationales \u00e0 destination et en provenance de la ville d\u2019<strong>Arica-Chili et La Paz-Bolivie<\/strong>, donc vous devez descendre sur la route dans l\u2019endroit appel\u00e9 \u00ab\u00a0Alto de Putre\u00a0\u00bb, il n\u2019y a pas de transport public l\u00e0-bas, pour cette raison, nous offrons des services de transfert \u00e0 nos clients, rappelez-vous que vous devez nous informer bien \u00e0 l\u2019avance.<\/p>\t\t\t\t\t\t\t\t<\/div>\n\t\t\t\t<\/div>\n\t\t\t\t<div class=\"elementor-element elementor-element-249ad49 elementor-widget elementor-widget-heading\" data-id=\"249ad49\" data-element_type=\"widget\" data-widget_type=\"heading.default\">\n\t\t\t\t<div class=\"elementor-widget-container\">\n\t\t\t\t\t<h4 class=\"elementor-heading-title elementor-size-default\">Avec nous<\/h4>\t\t\t\t<\/div>\n\t\t\t\t<\/div>\n\t\t\t\t<div class=\"elementor-element elementor-element-3efd43a elementor-widget elementor-widget-text-editor\" data-id=\"3efd43a\" data-element_type=\"widget\" data-widget_type=\"text-editor.default\">\n\t\t\t\t<div class=\"elementor-widget-container\">\n\t\t\t\t\t\t\t\t\t<p>Itin\u00e9raire de transfert priv\u00e9 <strong>Arica-Putre-Arica<\/strong> apr\u00e8s coordination.<\/p><p><em>On vous attend !<\/em><\/p>\t\t\t\t\t\t\t\t<\/div>\n\t\t\t\t<\/div>\n\t\t\t\t\t<\/div>\n\t\t<\/div>\n\t\t\t\t\t<\/div>\n\t\t<\/section>\n\t\t\t\t<\/div>\n\t\t","protected":false},"excerpt":{"rendered":"<p>Le village de Putre, est situ\u00e9 \u00e0 149 km de la ville d\u2019Arica, \u00e0 3500 m\u00e8tres d\u2019altitude et on y d\u00e9nombre environ 1.300 habitants. Parmi les principales attractions sont les montagnes imposantes, les volcans et les villages o\u00f9 le temps semble s\u2019\u00eatre arr\u00eat\u00e9, c\u2019est une belle r\u00e9gion pour s\u2019acclimater et continuer \u00e0 d\u00e9couvrir la beaut\u00e9 [&hellip;]<\/p>\n","protected":false},"author":1,"featured_media":0,"parent":0,"menu_order":0,"comment_status":"closed","ping_status":"closed","template":"","meta":{"_joinchat":[],"footnotes":""},"class_list":["post-2893","page","type-page","status-publish","hentry"],"yoast_head":"<!-- This site is optimized with the Yoast SEO plugin v26.9 - https:\/\/yoast.com\/product\/yoast-seo-wordpress\/ -->\n<title>Comment Venir | Terrace Lodge<\/title>\n<meta name=\"description\" content=\"Le Terrace Lodge, est situ\u00e9 \u00e0 l\u2019entr\u00e9e du village de Putre, \u00e0 quelques pas de la place principale, l\u2019\u00e9glise et les restaurants typiques.\" \/>\n<meta name=\"robots\" content=\"index, follow, max-snippet:-1, max-image-preview:large, max-video-preview:-1\" \/>\n<link rel=\"canonical\" href=\"https:\/\/terracelodge.com\/fr\/comment-venir\/\" \/>\n<meta property=\"og:locale\" content=\"fr_FR\" \/>\n<meta property=\"og:type\" content=\"article\" \/>\n<meta property=\"og:title\" content=\"Comment Venir | Terrace Lodge\" \/>\n<meta property=\"og:description\" content=\"Le Terrace Lodge, est situ\u00e9 \u00e0 l\u2019entr\u00e9e du village de Putre, \u00e0 quelques pas de la place principale, l\u2019\u00e9glise et les restaurants typiques.\" \/>\n<meta property=\"og:url\" content=\"https:\/\/terracelodge.com\/fr\/comment-venir\/\" \/>\n<meta property=\"og:site_name\" content=\"Terrace Lodge\" \/>\n<meta property=\"article:publisher\" content=\"https:\/\/www.facebook.com\/terracelodgeputre\/\" \/>\n<meta property=\"article:modified_time\" content=\"2021-12-29T23:22:01+00:00\" \/>\n<meta property=\"og:image\" content=\"https:\/\/terracelodge.com\/wp-content\/uploads\/2021\/12\/6.-Putre-1024x529.jpg\" \/>\n<meta name=\"twitter:card\" content=\"summary_large_image\" \/>\n<meta name=\"twitter:label1\" content=\"Dur\u00e9e de lecture estim\u00e9e\" \/>\n\t<meta name=\"twitter:data1\" content=\"2 minutes\" \/>\n<script type=\"application\/ld+json\" class=\"yoast-schema-graph\">{\"@context\":\"https:\/\/schema.org\",\"@graph\":[{\"@type\":\"WebPage\",\"@id\":\"https:\/\/terracelodge.com\/fr\/comment-venir\/\",\"url\":\"https:\/\/terracelodge.com\/fr\/comment-venir\/\",\"name\":\"Comment Venir | Terrace Lodge\",\"isPartOf\":{\"@id\":\"https:\/\/terracelodge.com\/fr\/#website\"},\"primaryImageOfPage\":{\"@id\":\"https:\/\/terracelodge.com\/fr\/comment-venir\/#primaryimage\"},\"image\":{\"@id\":\"https:\/\/terracelodge.com\/fr\/comment-venir\/#primaryimage\"},\"thumbnailUrl\":\"https:\/\/terracelodge.com\/wp-content\/uploads\/2021\/12\/6.-Putre-1024x529.jpg\",\"datePublished\":\"2020-09-17T20:41:31+00:00\",\"dateModified\":\"2021-12-29T23:22:01+00:00\",\"description\":\"Le Terrace Lodge, est situ\u00e9 \u00e0 l\u2019entr\u00e9e du village de Putre, \u00e0 quelques pas de la place principale, l\u2019\u00e9glise et les restaurants typiques.\",\"breadcrumb\":{\"@id\":\"https:\/\/terracelodge.com\/fr\/comment-venir\/#breadcrumb\"},\"inLanguage\":\"fr-FR\",\"potentialAction\":[{\"@type\":\"ReadAction\",\"target\":[\"https:\/\/terracelodge.com\/fr\/comment-venir\/\"]}]},{\"@type\":\"ImageObject\",\"inLanguage\":\"fr-FR\",\"@id\":\"https:\/\/terracelodge.com\/fr\/comment-venir\/#primaryimage\",\"url\":\"https:\/\/terracelodge.com\/wp-content\/uploads\/2021\/12\/6.-Putre-1024x529.jpg\",\"contentUrl\":\"https:\/\/terracelodge.com\/wp-content\/uploads\/2021\/12\/6.-Putre-1024x529.jpg\"},{\"@type\":\"BreadcrumbList\",\"@id\":\"https:\/\/terracelodge.com\/fr\/comment-venir\/#breadcrumb\",\"itemListElement\":[{\"@type\":\"ListItem\",\"position\":1,\"name\":\"Portada\",\"item\":\"https:\/\/terracelodge.com\/fr\/\"},{\"@type\":\"ListItem\",\"position\":2,\"name\":\"Comment Venir\"}]},{\"@type\":\"WebSite\",\"@id\":\"https:\/\/terracelodge.com\/fr\/#website\",\"url\":\"https:\/\/terracelodge.com\/fr\/\",\"name\":\"Terrace Lodge\",\"description\":\"Hotel Putre\",\"publisher\":{\"@id\":\"https:\/\/terracelodge.com\/fr\/#organization\"},\"potentialAction\":[{\"@type\":\"SearchAction\",\"target\":{\"@type\":\"EntryPoint\",\"urlTemplate\":\"https:\/\/terracelodge.com\/fr\/?s={search_term_string}\"},\"query-input\":{\"@type\":\"PropertyValueSpecification\",\"valueRequired\":true,\"valueName\":\"search_term_string\"}}],\"inLanguage\":\"fr-FR\"},{\"@type\":\"Organization\",\"@id\":\"https:\/\/terracelodge.com\/fr\/#organization\",\"name\":\"Terrace Lodge\",\"url\":\"https:\/\/terracelodge.com\/fr\/\",\"logo\":{\"@type\":\"ImageObject\",\"inLanguage\":\"fr-FR\",\"@id\":\"https:\/\/terracelodge.com\/fr\/#\/schema\/logo\/image\/\",\"url\":\"https:\/\/terracelodge.com\/wp-content\/uploads\/2020\/09\/cropped-logo-terrace-1.png\",\"contentUrl\":\"https:\/\/terracelodge.com\/wp-content\/uploads\/2020\/09\/cropped-logo-terrace-1.png\",\"width\":221,\"height\":50,\"caption\":\"Terrace Lodge\"},\"image\":{\"@id\":\"https:\/\/terracelodge.com\/fr\/#\/schema\/logo\/image\/\"},\"sameAs\":[\"https:\/\/www.facebook.com\/terracelodgeputre\/\",\"https:\/\/www.instagram.com\/terracelodgeputre\/\",\"https:\/\/www.youtube.com\/channel\/UC2B3fyd0obC0sPFAQIfJI_A\"]}]}<\/script>\n<!-- \/ Yoast SEO plugin. -->","yoast_head_json":{"title":"Comment Venir | Terrace Lodge","description":"Le Terrace Lodge, est situ\u00e9 \u00e0 l\u2019entr\u00e9e du village de Putre, \u00e0 quelques pas de la place principale, l\u2019\u00e9glise et les restaurants typiques.","robots":{"index":"index","follow":"follow","max-snippet":"max-snippet:-1","max-image-preview":"max-image-preview:large","max-video-preview":"max-video-preview:-1"},"canonical":"https:\/\/terracelodge.com\/fr\/comment-venir\/","og_locale":"fr_FR","og_type":"article","og_title":"Comment Venir | Terrace Lodge","og_description":"Le Terrace Lodge, est situ\u00e9 \u00e0 l\u2019entr\u00e9e du village de Putre, \u00e0 quelques pas de la place principale, l\u2019\u00e9glise et les restaurants typiques.","og_url":"https:\/\/terracelodge.com\/fr\/comment-venir\/","og_site_name":"Terrace Lodge","article_publisher":"https:\/\/www.facebook.com\/terracelodgeputre\/","article_modified_time":"2021-12-29T23:22:01+00:00","og_image":[{"url":"https:\/\/terracelodge.com\/wp-content\/uploads\/2021\/12\/6.-Putre-1024x529.jpg","type":"","width":"","height":""}],"twitter_card":"summary_large_image","twitter_misc":{"Dur\u00e9e de lecture estim\u00e9e":"2 minutes"},"schema":{"@context":"https:\/\/schema.org","@graph":[{"@type":"WebPage","@id":"https:\/\/terracelodge.com\/fr\/comment-venir\/","url":"https:\/\/terracelodge.com\/fr\/comment-venir\/","name":"Comment Venir | Terrace Lodge","isPartOf":{"@id":"https:\/\/terracelodge.com\/fr\/#website"},"primaryImageOfPage":{"@id":"https:\/\/terracelodge.com\/fr\/comment-venir\/#primaryimage"},"image":{"@id":"https:\/\/terracelodge.com\/fr\/comment-venir\/#primaryimage"},"thumbnailUrl":"https:\/\/terracelodge.com\/wp-content\/uploads\/2021\/12\/6.-Putre-1024x529.jpg","datePublished":"2020-09-17T20:41:31+00:00","dateModified":"2021-12-29T23:22:01+00:00","description":"Le Terrace Lodge, est situ\u00e9 \u00e0 l\u2019entr\u00e9e du village de Putre, \u00e0 quelques pas de la place principale, l\u2019\u00e9glise et les restaurants typiques.","breadcrumb":{"@id":"https:\/\/terracelodge.com\/fr\/comment-venir\/#breadcrumb"},"inLanguage":"fr-FR","potentialAction":[{"@type":"ReadAction","target":["https:\/\/terracelodge.com\/fr\/comment-venir\/"]}]},{"@type":"ImageObject","inLanguage":"fr-FR","@id":"https:\/\/terracelodge.com\/fr\/comment-venir\/#primaryimage","url":"https:\/\/terracelodge.com\/wp-content\/uploads\/2021\/12\/6.-Putre-1024x529.jpg","contentUrl":"https:\/\/terracelodge.com\/wp-content\/uploads\/2021\/12\/6.-Putre-1024x529.jpg"},{"@type":"BreadcrumbList","@id":"https:\/\/terracelodge.com\/fr\/comment-venir\/#breadcrumb","itemListElement":[{"@type":"ListItem","position":1,"name":"Portada","item":"https:\/\/terracelodge.com\/fr\/"},{"@type":"ListItem","position":2,"name":"Comment Venir"}]},{"@type":"WebSite","@id":"https:\/\/terracelodge.com\/fr\/#website","url":"https:\/\/terracelodge.com\/fr\/","name":"Terrace Lodge","description":"Hotel Putre","publisher":{"@id":"https:\/\/terracelodge.com\/fr\/#organization"},"potentialAction":[{"@type":"SearchAction","target":{"@type":"EntryPoint","urlTemplate":"https:\/\/terracelodge.com\/fr\/?s={search_term_string}"},"query-input":{"@type":"PropertyValueSpecification","valueRequired":true,"valueName":"search_term_string"}}],"inLanguage":"fr-FR"},{"@type":"Organization","@id":"https:\/\/terracelodge.com\/fr\/#organization","name":"Terrace Lodge","url":"https:\/\/terracelodge.com\/fr\/","logo":{"@type":"ImageObject","inLanguage":"fr-FR","@id":"https:\/\/terracelodge.com\/fr\/#\/schema\/logo\/image\/","url":"https:\/\/terracelodge.com\/wp-content\/uploads\/2020\/09\/cropped-logo-terrace-1.png","contentUrl":"https:\/\/terracelodge.com\/wp-content\/uploads\/2020\/09\/cropped-logo-terrace-1.png","width":221,"height":50,"caption":"Terrace Lodge"},"image":{"@id":"https:\/\/terracelodge.com\/fr\/#\/schema\/logo\/image\/"},"sameAs":["https:\/\/www.facebook.com\/terracelodgeputre\/","https:\/\/www.instagram.com\/terracelodgeputre\/","https:\/\/www.youtube.com\/channel\/UC2B3fyd0obC0sPFAQIfJI_A"]}]}},"_links":{"self":[{"href":"https:\/\/terracelodge.com\/fr\/wp-json\/wp\/v2\/pages\/2893","targetHints":{"allow":["GET"]}}],"collection":[{"href":"https:\/\/terracelodge.com\/fr\/wp-json\/wp\/v2\/pages"}],"about":[{"href":"https:\/\/terracelodge.com\/fr\/wp-json\/wp\/v2\/types\/page"}],"author":[{"embeddable":true,"href":"https:\/\/terracelodge.com\/fr\/wp-json\/wp\/v2\/users\/1"}],"replies":[{"embeddable":true,"href":"https:\/\/terracelodge.com\/fr\/wp-json\/wp\/v2\/comments?post=2893"}],"version-history":[{"count":5,"href":"https:\/\/terracelodge.com\/fr\/wp-json\/wp\/v2\/pages\/2893\/revisions"}],"predecessor-version":[{"id":4839,"href":"https:\/\/terracelodge.com\/fr\/wp-json\/wp\/v2\/pages\/2893\/revisions\/4839"}],"wp:attachment":[{"href":"https:\/\/terracelodge.com\/fr\/wp-json\/wp\/v2\/media?parent=2893"}],"curies":[{"name":"wp","href":"https:\/\/api.w.org\/{rel}","templated":true}]}}