{"id":2899,"date":"2020-09-01T05:35:16","date_gmt":"2020-09-01T05:35:16","guid":{"rendered":"https:\/\/terracelodge.com\/hotel-putre-chile\/"},"modified":"2021-12-31T00:32:22","modified_gmt":"2021-12-31T03:32:22","slug":"hotel-putre-chili","status":"publish","type":"page","link":"https:\/\/terracelodge.com\/fr\/hotel-putre-chili\/","title":{"rendered":"Hotel | Putre, Chili"},"content":{"rendered":"\t\t<div data-elementor-type=\"wp-page\" data-elementor-id=\"2899\" class=\"elementor elementor-2899 elementor-1350\">\n\t\t\t\t\t\t<section class=\"elementor-section elementor-top-section elementor-element elementor-element-76d8da1 elementor-section-boxed elementor-section-height-default elementor-section-height-default\" data-id=\"76d8da1\" data-element_type=\"section\">\n\t\t\t\t\t\t<div class=\"elementor-container elementor-column-gap-default\">\n\t\t\t\t\t<div class=\"elementor-column elementor-col-100 elementor-top-column elementor-element elementor-element-d352cbf\" data-id=\"d352cbf\" data-element_type=\"column\">\n\t\t\t<div class=\"elementor-widget-wrap\">\n\t\t\t\t\t\t\t<\/div>\n\t\t<\/div>\n\t\t\t\t\t<\/div>\n\t\t<\/section>\n\t\t\t\t<section class=\"elementor-section elementor-top-section elementor-element elementor-element-9bd3396 elementor-section-boxed elementor-section-height-default elementor-section-height-default\" data-id=\"9bd3396\" data-element_type=\"section\">\n\t\t\t\t\t\t<div class=\"elementor-container elementor-column-gap-default\">\n\t\t\t\t\t<div class=\"elementor-column elementor-col-50 elementor-top-column elementor-element elementor-element-1a8a7a3\" data-id=\"1a8a7a3\" data-element_type=\"column\">\n\t\t\t<div class=\"elementor-widget-wrap elementor-element-populated\">\n\t\t\t\t\t\t<div class=\"elementor-element elementor-element-51e56cf elementor-widget elementor-widget-image\" data-id=\"51e56cf\" data-element_type=\"widget\" data-widget_type=\"image.default\">\n\t\t\t\t<div class=\"elementor-widget-container\">\n\t\t\t\t\t\t\t\t\t\t\t\t\t\t\t\t<a href=\"https:\/\/terracelodge.com\/fr\/double-1-lit\/\">\n\t\t\t\t\t\t\t<img fetchpriority=\"high\" decoding=\"async\" width=\"596\" height=\"397\" src=\"https:\/\/terracelodge.com\/wp-content\/uploads\/2021\/09\/Hab-Matrimonial.jpg\" class=\"attachment-full size-full wp-image-4352\" alt=\"Terrace Lodge &amp; Tours, Hotel en Putre, Arica y Parinacota, Chile\" srcset=\"https:\/\/terracelodge.com\/wp-content\/uploads\/2021\/09\/Hab-Matrimonial.jpg 596w, https:\/\/terracelodge.com\/wp-content\/uploads\/2021\/09\/Hab-Matrimonial-300x200.jpg 300w\" sizes=\"(max-width: 596px) 100vw, 596px\" \/>\t\t\t\t\t\t\t\t<\/a>\n\t\t\t\t\t\t\t\t\t\t\t\t\t\t\t<\/div>\n\t\t\t\t<\/div>\n\t\t\t\t<div class=\"elementor-element elementor-element-e966420 elementor-widget elementor-widget-heading\" data-id=\"e966420\" data-element_type=\"widget\" data-widget_type=\"heading.default\">\n\t\t\t\t<div class=\"elementor-widget-container\">\n\t\t\t\t\t<h2 class=\"elementor-heading-title elementor-size-default\"><a href=\"https:\/\/terracelodge.com\/fr\/double-1-lit\/\">Double - 1 Lit<\/a><\/h2>\t\t\t\t<\/div>\n\t\t\t\t<\/div>\n\t\t\t\t<div class=\"elementor-element elementor-element-005557d elementor-widget elementor-widget-text-editor\" data-id=\"005557d\" data-element_type=\"widget\" data-widget_type=\"text-editor.default\">\n\t\t\t\t<div class=\"elementor-widget-container\">\n\t\t\t\t\t\t\t\t\t<p>Au milieu des vall\u00e9es et des volcans, chaleur, simplicit\u00e9 et tranquillit\u00e9 se r\u00e9unissent dans 5 chambres confortables entour\u00e9es de <strong>paysages magnifiques<\/strong> avec des paysages naturels incroyables et son architecture qui \u00e9voque la pr\u00e9servation d\u2019une v\u00e9ritable <strong>culture ancestrale<\/strong>.<\/p>\t\t\t\t\t\t\t\t<\/div>\n\t\t\t\t<\/div>\n\t\t\t\t<div class=\"elementor-element elementor-element-4d494d5 elementor-align-center elementor-widget elementor-widget-button\" data-id=\"4d494d5\" data-element_type=\"widget\" data-widget_type=\"button.default\">\n\t\t\t\t<div class=\"elementor-widget-container\">\n\t\t\t\t\t\t\t\t\t<div class=\"elementor-button-wrapper\">\n\t\t\t\t\t<a class=\"elementor-button elementor-button-link elementor-size-sm\" href=\"https:\/\/terracelodge.com\/fr\/double-1-lit\/\">\n\t\t\t\t\t\t<span class=\"elementor-button-content-wrapper\">\n\t\t\t\t\t\t<span class=\"elementor-button-icon\">\n\t\t\t\t<i aria-hidden=\"true\" class=\"far fa-calendar-alt\"><\/i>\t\t\t<\/span>\n\t\t\t\t\t\t\t\t\t<span class=\"elementor-button-text\">R\u00e9server maintenant<\/span>\n\t\t\t\t\t<\/span>\n\t\t\t\t\t<\/a>\n\t\t\t\t<\/div>\n\t\t\t\t\t\t\t\t<\/div>\n\t\t\t\t<\/div>\n\t\t\t\t\t<\/div>\n\t\t<\/div>\n\t\t\t\t<div class=\"elementor-column elementor-col-50 elementor-top-column elementor-element elementor-element-51e2e49\" data-id=\"51e2e49\" data-element_type=\"column\">\n\t\t\t<div class=\"elementor-widget-wrap elementor-element-populated\">\n\t\t\t\t\t\t<div class=\"elementor-element elementor-element-63d99f7 elementor-widget elementor-widget-image\" data-id=\"63d99f7\" data-element_type=\"widget\" data-widget_type=\"image.default\">\n\t\t\t\t<div class=\"elementor-widget-container\">\n\t\t\t\t\t\t\t\t\t\t\t\t\t\t\t\t<a href=\"https:\/\/terracelodge.com\/fr\/double-twin-2-lits\/\">\n\t\t\t\t\t\t\t<img decoding=\"async\" width=\"1440\" height=\"952\" src=\"https:\/\/terracelodge.com\/wp-content\/uploads\/2021\/09\/Hab-Twin.jpg\" class=\"attachment-full size-full wp-image-4434\" alt=\"Terrace Lodge &amp; Tours, Hotel en Putre, Arica y Parinacota, Chile\" srcset=\"https:\/\/terracelodge.com\/wp-content\/uploads\/2021\/09\/Hab-Twin.jpg 1440w, https:\/\/terracelodge.com\/wp-content\/uploads\/2021\/09\/Hab-Twin-300x198.jpg 300w, https:\/\/terracelodge.com\/wp-content\/uploads\/2021\/09\/Hab-Twin-1024x677.jpg 1024w, https:\/\/terracelodge.com\/wp-content\/uploads\/2021\/09\/Hab-Twin-768x508.jpg 768w\" sizes=\"(max-width: 1440px) 100vw, 1440px\" \/>\t\t\t\t\t\t\t\t<\/a>\n\t\t\t\t\t\t\t\t\t\t\t\t\t\t\t<\/div>\n\t\t\t\t<\/div>\n\t\t\t\t<div class=\"elementor-element elementor-element-4b1ea92 elementor-widget elementor-widget-heading\" data-id=\"4b1ea92\" data-element_type=\"widget\" data-widget_type=\"heading.default\">\n\t\t\t\t<div class=\"elementor-widget-container\">\n\t\t\t\t\t<h2 class=\"elementor-heading-title elementor-size-default\"><a href=\"https:\/\/terracelodge.com\/fr\/double-twin-2-lits\/\">Double Twin - 2 Lits<\/a><\/h2>\t\t\t\t<\/div>\n\t\t\t\t<\/div>\n\t\t\t\t<div class=\"elementor-element elementor-element-168b3ac elementor-widget elementor-widget-text-editor\" data-id=\"168b3ac\" data-element_type=\"widget\" data-widget_type=\"text-editor.default\">\n\t\t\t\t<div class=\"elementor-widget-container\">\n\t\t\t\t\t\t\t\t\t<p>Au milieu des vall\u00e9es et des volcans, chaleur, simplicit\u00e9 et tranquillit\u00e9 se r\u00e9unissent dans 5 chambres confortables entour\u00e9es de <strong>paysages magnifiques<\/strong> avec des paysages naturels incroyables et son architecture qui \u00e9voque la pr\u00e9servation d\u2019une v\u00e9ritable <strong>culture ancestrale<\/strong>.<\/p>\t\t\t\t\t\t\t\t<\/div>\n\t\t\t\t<\/div>\n\t\t\t\t<div class=\"elementor-element elementor-element-4ccb15a elementor-align-center elementor-widget elementor-widget-button\" data-id=\"4ccb15a\" data-element_type=\"widget\" data-widget_type=\"button.default\">\n\t\t\t\t<div class=\"elementor-widget-container\">\n\t\t\t\t\t\t\t\t\t<div class=\"elementor-button-wrapper\">\n\t\t\t\t\t<a class=\"elementor-button elementor-button-link elementor-size-sm\" href=\"https:\/\/terracelodge.com\/fr\/double-twin-2-lits\/\">\n\t\t\t\t\t\t<span class=\"elementor-button-content-wrapper\">\n\t\t\t\t\t\t<span class=\"elementor-button-icon\">\n\t\t\t\t<i aria-hidden=\"true\" class=\"far fa-calendar-alt\"><\/i>\t\t\t<\/span>\n\t\t\t\t\t\t\t\t\t<span class=\"elementor-button-text\">R\u00e9server maintenant<\/span>\n\t\t\t\t\t<\/span>\n\t\t\t\t\t<\/a>\n\t\t\t\t<\/div>\n\t\t\t\t\t\t\t\t<\/div>\n\t\t\t\t<\/div>\n\t\t\t\t\t<\/div>\n\t\t<\/div>\n\t\t\t\t\t<\/div>\n\t\t<\/section>\n\t\t\t\t<\/div>\n\t\t","protected":false},"excerpt":{"rendered":"<p>Double &#8211; 1 Lit Au milieu des vall\u00e9es et des volcans, chaleur, simplicit\u00e9 et tranquillit\u00e9 se r\u00e9unissent dans 5 chambres confortables entour\u00e9es de paysages magnifiques avec des paysages naturels incroyables et son architecture qui \u00e9voque la pr\u00e9servation d\u2019une v\u00e9ritable culture ancestrale. R\u00e9server maintenant Double Twin &#8211; 2 Lits Au milieu des vall\u00e9es et des volcans, [&hellip;]<\/p>\n","protected":false},"author":1,"featured_media":0,"parent":0,"menu_order":0,"comment_status":"closed","ping_status":"closed","template":"template-no-sidebar.php","meta":{"_joinchat":[],"footnotes":""},"class_list":["post-2899","page","type-page","status-publish","hentry"],"yoast_head":"<!-- This site is optimized with the Yoast SEO plugin v26.9 - https:\/\/yoast.com\/product\/yoast-seo-wordpress\/ -->\n<title>Hotel | Putre, Chili | Terrace Lodge<\/title>\n<meta name=\"description\" content=\"In the middle of valleys and volcanoes, we offer 5 cozy rooms with beautiful mountain view and a quiet surrounding.\" \/>\n<meta name=\"robots\" content=\"index, follow, max-snippet:-1, max-image-preview:large, max-video-preview:-1\" \/>\n<link rel=\"canonical\" href=\"https:\/\/terracelodge.com\/fr\/hotel-putre-chili\/\" \/>\n<meta property=\"og:locale\" content=\"fr_FR\" \/>\n<meta property=\"og:type\" content=\"article\" \/>\n<meta property=\"og:title\" content=\"Hotel | Putre, Chili | Terrace Lodge\" \/>\n<meta property=\"og:description\" content=\"In the middle of valleys and volcanoes, we offer 5 cozy rooms with beautiful mountain view and a quiet surrounding.\" \/>\n<meta property=\"og:url\" content=\"https:\/\/terracelodge.com\/fr\/hotel-putre-chili\/\" \/>\n<meta property=\"og:site_name\" content=\"Terrace Lodge\" \/>\n<meta property=\"article:publisher\" content=\"https:\/\/www.facebook.com\/terracelodgeputre\/\" \/>\n<meta property=\"article:modified_time\" content=\"2021-12-31T03:32:22+00:00\" \/>\n<meta property=\"og:image\" content=\"https:\/\/terracelodge.com\/wp-content\/uploads\/2021\/09\/Hab-Matrimonial.jpg\" \/>\n<meta name=\"twitter:card\" content=\"summary_large_image\" \/>\n<meta name=\"twitter:label1\" content=\"Dur\u00e9e de lecture estim\u00e9e\" \/>\n\t<meta name=\"twitter:data1\" content=\"1 minute\" \/>\n<script type=\"application\/ld+json\" class=\"yoast-schema-graph\">{\"@context\":\"https:\/\/schema.org\",\"@graph\":[{\"@type\":[\"WebPage\",\"AboutPage\"],\"@id\":\"https:\/\/terracelodge.com\/fr\/hotel-putre-chili\/\",\"url\":\"https:\/\/terracelodge.com\/fr\/hotel-putre-chili\/\",\"name\":\"Hotel | Putre, Chili | Terrace Lodge\",\"isPartOf\":{\"@id\":\"https:\/\/terracelodge.com\/fr\/#website\"},\"primaryImageOfPage\":{\"@id\":\"https:\/\/terracelodge.com\/fr\/hotel-putre-chili\/#primaryimage\"},\"image\":{\"@id\":\"https:\/\/terracelodge.com\/fr\/hotel-putre-chili\/#primaryimage\"},\"thumbnailUrl\":\"https:\/\/terracelodge.com\/wp-content\/uploads\/2021\/09\/Hab-Matrimonial.jpg\",\"datePublished\":\"2020-09-01T05:35:16+00:00\",\"dateModified\":\"2021-12-31T03:32:22+00:00\",\"description\":\"In the middle of valleys and volcanoes, we offer 5 cozy rooms with beautiful mountain view and a quiet surrounding.\",\"breadcrumb\":{\"@id\":\"https:\/\/terracelodge.com\/fr\/hotel-putre-chili\/#breadcrumb\"},\"inLanguage\":\"fr-FR\",\"potentialAction\":[{\"@type\":\"ReadAction\",\"target\":[\"https:\/\/terracelodge.com\/fr\/hotel-putre-chili\/\"]}]},{\"@type\":\"ImageObject\",\"inLanguage\":\"fr-FR\",\"@id\":\"https:\/\/terracelodge.com\/fr\/hotel-putre-chili\/#primaryimage\",\"url\":\"https:\/\/terracelodge.com\/wp-content\/uploads\/2021\/09\/Hab-Matrimonial.jpg\",\"contentUrl\":\"https:\/\/terracelodge.com\/wp-content\/uploads\/2021\/09\/Hab-Matrimonial.jpg\"},{\"@type\":\"BreadcrumbList\",\"@id\":\"https:\/\/terracelodge.com\/fr\/hotel-putre-chili\/#breadcrumb\",\"itemListElement\":[{\"@type\":\"ListItem\",\"position\":1,\"name\":\"Portada\",\"item\":\"https:\/\/terracelodge.com\/fr\/\"},{\"@type\":\"ListItem\",\"position\":2,\"name\":\"Hotel | Putre, Chili\"}]},{\"@type\":\"WebSite\",\"@id\":\"https:\/\/terracelodge.com\/fr\/#website\",\"url\":\"https:\/\/terracelodge.com\/fr\/\",\"name\":\"Terrace Lodge\",\"description\":\"Hotel Putre\",\"publisher\":{\"@id\":\"https:\/\/terracelodge.com\/fr\/#organization\"},\"potentialAction\":[{\"@type\":\"SearchAction\",\"target\":{\"@type\":\"EntryPoint\",\"urlTemplate\":\"https:\/\/terracelodge.com\/fr\/?s={search_term_string}\"},\"query-input\":{\"@type\":\"PropertyValueSpecification\",\"valueRequired\":true,\"valueName\":\"search_term_string\"}}],\"inLanguage\":\"fr-FR\"},{\"@type\":\"Organization\",\"@id\":\"https:\/\/terracelodge.com\/fr\/#organization\",\"name\":\"Terrace Lodge\",\"url\":\"https:\/\/terracelodge.com\/fr\/\",\"logo\":{\"@type\":\"ImageObject\",\"inLanguage\":\"fr-FR\",\"@id\":\"https:\/\/terracelodge.com\/fr\/#\/schema\/logo\/image\/\",\"url\":\"https:\/\/terracelodge.com\/wp-content\/uploads\/2020\/09\/cropped-logo-terrace-1.png\",\"contentUrl\":\"https:\/\/terracelodge.com\/wp-content\/uploads\/2020\/09\/cropped-logo-terrace-1.png\",\"width\":221,\"height\":50,\"caption\":\"Terrace Lodge\"},\"image\":{\"@id\":\"https:\/\/terracelodge.com\/fr\/#\/schema\/logo\/image\/\"},\"sameAs\":[\"https:\/\/www.facebook.com\/terracelodgeputre\/\",\"https:\/\/www.instagram.com\/terracelodgeputre\/\",\"https:\/\/www.youtube.com\/channel\/UC2B3fyd0obC0sPFAQIfJI_A\"]}]}<\/script>\n<!-- \/ Yoast SEO plugin. -->","yoast_head_json":{"title":"Hotel | Putre, Chili | Terrace Lodge","description":"In the middle of valleys and volcanoes, we offer 5 cozy rooms with beautiful mountain view and a quiet surrounding.","robots":{"index":"index","follow":"follow","max-snippet":"max-snippet:-1","max-image-preview":"max-image-preview:large","max-video-preview":"max-video-preview:-1"},"canonical":"https:\/\/terracelodge.com\/fr\/hotel-putre-chili\/","og_locale":"fr_FR","og_type":"article","og_title":"Hotel | Putre, Chili | Terrace Lodge","og_description":"In the middle of valleys and volcanoes, we offer 5 cozy rooms with beautiful mountain view and a quiet surrounding.","og_url":"https:\/\/terracelodge.com\/fr\/hotel-putre-chili\/","og_site_name":"Terrace Lodge","article_publisher":"https:\/\/www.facebook.com\/terracelodgeputre\/","article_modified_time":"2021-12-31T03:32:22+00:00","og_image":[{"url":"https:\/\/terracelodge.com\/wp-content\/uploads\/2021\/09\/Hab-Matrimonial.jpg","type":"","width":"","height":""}],"twitter_card":"summary_large_image","twitter_misc":{"Dur\u00e9e de lecture estim\u00e9e":"1 minute"},"schema":{"@context":"https:\/\/schema.org","@graph":[{"@type":["WebPage","AboutPage"],"@id":"https:\/\/terracelodge.com\/fr\/hotel-putre-chili\/","url":"https:\/\/terracelodge.com\/fr\/hotel-putre-chili\/","name":"Hotel | Putre, Chili | Terrace Lodge","isPartOf":{"@id":"https:\/\/terracelodge.com\/fr\/#website"},"primaryImageOfPage":{"@id":"https:\/\/terracelodge.com\/fr\/hotel-putre-chili\/#primaryimage"},"image":{"@id":"https:\/\/terracelodge.com\/fr\/hotel-putre-chili\/#primaryimage"},"thumbnailUrl":"https:\/\/terracelodge.com\/wp-content\/uploads\/2021\/09\/Hab-Matrimonial.jpg","datePublished":"2020-09-01T05:35:16+00:00","dateModified":"2021-12-31T03:32:22+00:00","description":"In the middle of valleys and volcanoes, we offer 5 cozy rooms with beautiful mountain view and a quiet surrounding.","breadcrumb":{"@id":"https:\/\/terracelodge.com\/fr\/hotel-putre-chili\/#breadcrumb"},"inLanguage":"fr-FR","potentialAction":[{"@type":"ReadAction","target":["https:\/\/terracelodge.com\/fr\/hotel-putre-chili\/"]}]},{"@type":"ImageObject","inLanguage":"fr-FR","@id":"https:\/\/terracelodge.com\/fr\/hotel-putre-chili\/#primaryimage","url":"https:\/\/terracelodge.com\/wp-content\/uploads\/2021\/09\/Hab-Matrimonial.jpg","contentUrl":"https:\/\/terracelodge.com\/wp-content\/uploads\/2021\/09\/Hab-Matrimonial.jpg"},{"@type":"BreadcrumbList","@id":"https:\/\/terracelodge.com\/fr\/hotel-putre-chili\/#breadcrumb","itemListElement":[{"@type":"ListItem","position":1,"name":"Portada","item":"https:\/\/terracelodge.com\/fr\/"},{"@type":"ListItem","position":2,"name":"Hotel | Putre, Chili"}]},{"@type":"WebSite","@id":"https:\/\/terracelodge.com\/fr\/#website","url":"https:\/\/terracelodge.com\/fr\/","name":"Terrace Lodge","description":"Hotel Putre","publisher":{"@id":"https:\/\/terracelodge.com\/fr\/#organization"},"potentialAction":[{"@type":"SearchAction","target":{"@type":"EntryPoint","urlTemplate":"https:\/\/terracelodge.com\/fr\/?s={search_term_string}"},"query-input":{"@type":"PropertyValueSpecification","valueRequired":true,"valueName":"search_term_string"}}],"inLanguage":"fr-FR"},{"@type":"Organization","@id":"https:\/\/terracelodge.com\/fr\/#organization","name":"Terrace Lodge","url":"https:\/\/terracelodge.com\/fr\/","logo":{"@type":"ImageObject","inLanguage":"fr-FR","@id":"https:\/\/terracelodge.com\/fr\/#\/schema\/logo\/image\/","url":"https:\/\/terracelodge.com\/wp-content\/uploads\/2020\/09\/cropped-logo-terrace-1.png","contentUrl":"https:\/\/terracelodge.com\/wp-content\/uploads\/2020\/09\/cropped-logo-terrace-1.png","width":221,"height":50,"caption":"Terrace Lodge"},"image":{"@id":"https:\/\/terracelodge.com\/fr\/#\/schema\/logo\/image\/"},"sameAs":["https:\/\/www.facebook.com\/terracelodgeputre\/","https:\/\/www.instagram.com\/terracelodgeputre\/","https:\/\/www.youtube.com\/channel\/UC2B3fyd0obC0sPFAQIfJI_A"]}]}},"_links":{"self":[{"href":"https:\/\/terracelodge.com\/fr\/wp-json\/wp\/v2\/pages\/2899","targetHints":{"allow":["GET"]}}],"collection":[{"href":"https:\/\/terracelodge.com\/fr\/wp-json\/wp\/v2\/pages"}],"about":[{"href":"https:\/\/terracelodge.com\/fr\/wp-json\/wp\/v2\/types\/page"}],"author":[{"embeddable":true,"href":"https:\/\/terracelodge.com\/fr\/wp-json\/wp\/v2\/users\/1"}],"replies":[{"embeddable":true,"href":"https:\/\/terracelodge.com\/fr\/wp-json\/wp\/v2\/comments?post=2899"}],"version-history":[{"count":5,"href":"https:\/\/terracelodge.com\/fr\/wp-json\/wp\/v2\/pages\/2899\/revisions"}],"predecessor-version":[{"id":5061,"href":"https:\/\/terracelodge.com\/fr\/wp-json\/wp\/v2\/pages\/2899\/revisions\/5061"}],"wp:attachment":[{"href":"https:\/\/terracelodge.com\/fr\/wp-json\/wp\/v2\/media?parent=2899"}],"curies":[{"name":"wp","href":"https:\/\/api.w.org\/{rel}","templated":true}]}}