{"id":2564,"date":"2020-09-01T17:46:15","date_gmt":"2020-09-01T21:46:15","guid":{"rendered":"https:\/\/terracelodge.com\/covid-19-protocol\/"},"modified":"2020-10-12T18:02:09","modified_gmt":"2020-10-12T21:02:09","slug":"covid-19","status":"publish","type":"page","link":"https:\/\/terracelodge.com\/it\/covid-19\/","title":{"rendered":"COVID-19"},"content":{"rendered":"\t\t<div data-elementor-type=\"wp-page\" data-elementor-id=\"2564\" class=\"elementor elementor-2564 elementor-953\">\n\t\t\t\t\t\t<section class=\"elementor-section elementor-top-section elementor-element elementor-element-a5476c0 elementor-section-boxed elementor-section-height-default elementor-section-height-default\" data-id=\"a5476c0\" data-element_type=\"section\">\n\t\t\t\t\t\t<div class=\"elementor-container elementor-column-gap-default\">\n\t\t\t\t\t<div class=\"elementor-column elementor-col-100 elementor-top-column elementor-element elementor-element-4c0507a\" data-id=\"4c0507a\" data-element_type=\"column\">\n\t\t\t<div class=\"elementor-widget-wrap elementor-element-populated\">\n\t\t\t\t\t\t<div class=\"elementor-element elementor-element-4fde39f elementor-widget elementor-widget-heading\" data-id=\"4fde39f\" data-element_type=\"widget\" data-widget_type=\"heading.default\">\n\t\t\t\t<div class=\"elementor-widget-container\">\n\t\t\t\t\t<h2 class=\"elementor-heading-title elementor-size-default\">Ci prepariamo per assisterti, perch\u00e9 presto ci rincontreremo<\/h2>\t\t\t\t<\/div>\n\t\t\t\t<\/div>\n\t\t\t\t<div class=\"elementor-element elementor-element-2df9f18 elementor-widget elementor-widget-text-editor\" data-id=\"2df9f18\" data-element_type=\"widget\" data-widget_type=\"text-editor.default\">\n\t\t\t\t<div class=\"elementor-widget-container\">\n\t\t\t\t\t\t\t\t\t<p class=\"western\"><span lang=\"it-IT\" style=\"font-family: 'Source Sans Pro'; font-size: 12pt;\">Sicurezza e benessere dei nostri ospiti e collaboratori sono sempre stati la priorit\u00e0 di <strong>Terrace Lodge<\/strong>, e oggi pi\u00f9 che mai vogliamo che chi ci visita si senta felice, tranquillo e sicuro considerando che continueremo ad offrire un servizio con la qualit\u00e0 e la passione di sempre.<\/span><\/p><p class=\"western\"><span lang=\"it-IT\" style=\"font-family: 'Source Sans Pro'; font-size: 12pt;\">Nel contesto attuale, segnato dal COVID-19, Terrace Lodge garantisce il rispetto delle norme di sicurezza, igiene e distanziamento fisico. Abbiamo stabilito rigorosi protocolli e regole per la pulizia e la disinfezione, basati sulle raccomandazioni del <strong>Ministero della Salute cileno e la Organizzazione Mondiale della Salute<\/strong>.<br \/>In questa nuova \u201cnormalit\u00e0\u201d, ci compromettiamo a generare spazi di benessere e sicurezza per garantirvi soggiorni sicuri ed indimenticabili.<\/span><\/p><p><span style=\"font-size: 12pt; font-family: 'Source Sans Pro';\"><em>#Nosvolveremosaencontrar<\/em><\/span><\/p>\t\t\t\t\t\t\t\t<\/div>\n\t\t\t\t<\/div>\n\t\t\t\t\t<\/div>\n\t\t<\/div>\n\t\t\t\t\t<\/div>\n\t\t<\/section>\n\t\t\t\t<section class=\"elementor-section elementor-top-section elementor-element elementor-element-064bc9d elementor-section-boxed elementor-section-height-default elementor-section-height-default\" data-id=\"064bc9d\" data-element_type=\"section\">\n\t\t\t\t\t\t<div class=\"elementor-container elementor-column-gap-default\">\n\t\t\t\t\t<div class=\"elementor-column elementor-col-50 elementor-top-column elementor-element elementor-element-0dc67e2\" data-id=\"0dc67e2\" data-element_type=\"column\">\n\t\t\t<div class=\"elementor-widget-wrap elementor-element-populated\">\n\t\t\t\t\t\t<div class=\"elementor-element elementor-element-385ef6b elementor-widget elementor-widget-image\" data-id=\"385ef6b\" data-element_type=\"widget\" data-widget_type=\"image.default\">\n\t\t\t\t<div class=\"elementor-widget-container\">\n\t\t\t\t\t\t\t\t\t\t\t\t\t\t\t<img fetchpriority=\"high\" decoding=\"async\" width=\"1000\" height=\"563\" src=\"https:\/\/terracelodge.com\/wp-content\/uploads\/2020\/09\/PERSONAL-PROTEGIDO-Y-CAPACITADO-2.jpg\" class=\"attachment-full size-full wp-image-3362\" alt=\"\" srcset=\"https:\/\/terracelodge.com\/wp-content\/uploads\/2020\/09\/PERSONAL-PROTEGIDO-Y-CAPACITADO-2.jpg 1000w, https:\/\/terracelodge.com\/wp-content\/uploads\/2020\/09\/PERSONAL-PROTEGIDO-Y-CAPACITADO-2-300x169.jpg 300w, https:\/\/terracelodge.com\/wp-content\/uploads\/2020\/09\/PERSONAL-PROTEGIDO-Y-CAPACITADO-2-768x432.jpg 768w, https:\/\/terracelodge.com\/wp-content\/uploads\/2020\/09\/PERSONAL-PROTEGIDO-Y-CAPACITADO-2-405x228.jpg 405w\" sizes=\"(max-width: 1000px) 100vw, 1000px\" \/>\t\t\t\t\t\t\t\t\t\t\t\t\t\t\t<\/div>\n\t\t\t\t<\/div>\n\t\t\t\t<div class=\"elementor-element elementor-element-82177f1 elementor-widget elementor-widget-heading\" data-id=\"82177f1\" data-element_type=\"widget\" data-widget_type=\"heading.default\">\n\t\t\t\t<div class=\"elementor-widget-container\">\n\t\t\t\t\t<h2 class=\"elementor-heading-title elementor-size-default\">Formazione e Protezione del Personale<\/h2>\t\t\t\t<\/div>\n\t\t\t\t<\/div>\n\t\t\t\t<div class=\"elementor-element elementor-element-f8f3a2c elementor-widget elementor-widget-text-editor\" data-id=\"f8f3a2c\" data-element_type=\"widget\" data-widget_type=\"text-editor.default\">\n\t\t\t\t<div class=\"elementor-widget-container\">\n\t\t\t\t\t\t\t\t\t<ul><li><span style=\"font-family: 'Source Sans Pro';\">I nostri impiegati vengono formati e aggiornati sulle recenti norme di igiene, pulizia e disinfezione.<\/span><\/li><li><span style=\"font-family: 'Source Sans Pro';\">Forniscono il miglior servizio considerando sempre la sicurezza propria e quella degli ospiti.<\/span><\/li><\/ul>\t\t\t\t\t\t\t\t<\/div>\n\t\t\t\t<\/div>\n\t\t\t\t\t<\/div>\n\t\t<\/div>\n\t\t\t\t<div class=\"elementor-column elementor-col-50 elementor-top-column elementor-element elementor-element-34cfef2\" data-id=\"34cfef2\" data-element_type=\"column\">\n\t\t\t<div class=\"elementor-widget-wrap elementor-element-populated\">\n\t\t\t\t\t\t<div class=\"elementor-element elementor-element-38dc29b elementor-widget elementor-widget-image\" data-id=\"38dc29b\" data-element_type=\"widget\" data-widget_type=\"image.default\">\n\t\t\t\t<div class=\"elementor-widget-container\">\n\t\t\t\t\t\t\t\t\t\t\t\t\t\t\t<img decoding=\"async\" width=\"1000\" height=\"563\" src=\"https:\/\/terracelodge.com\/wp-content\/uploads\/2020\/09\/ENTORNO-SEGURO-2.jpg\" class=\"attachment-full size-full wp-image-3360\" alt=\"\" srcset=\"https:\/\/terracelodge.com\/wp-content\/uploads\/2020\/09\/ENTORNO-SEGURO-2.jpg 1000w, https:\/\/terracelodge.com\/wp-content\/uploads\/2020\/09\/ENTORNO-SEGURO-2-300x169.jpg 300w, https:\/\/terracelodge.com\/wp-content\/uploads\/2020\/09\/ENTORNO-SEGURO-2-768x432.jpg 768w, https:\/\/terracelodge.com\/wp-content\/uploads\/2020\/09\/ENTORNO-SEGURO-2-405x228.jpg 405w\" sizes=\"(max-width: 1000px) 100vw, 1000px\" \/>\t\t\t\t\t\t\t\t\t\t\t\t\t\t\t<\/div>\n\t\t\t\t<\/div>\n\t\t\t\t<div class=\"elementor-element elementor-element-2704488 elementor-widget elementor-widget-heading\" data-id=\"2704488\" data-element_type=\"widget\" data-widget_type=\"heading.default\">\n\t\t\t\t<div class=\"elementor-widget-container\">\n\t\t\t\t\t<h2 class=\"elementor-heading-title elementor-size-default\">Ambiente Sicuro<\/h2>\t\t\t\t<\/div>\n\t\t\t\t<\/div>\n\t\t\t\t<div class=\"elementor-element elementor-element-13f1458 elementor-widget elementor-widget-text-editor\" data-id=\"13f1458\" data-element_type=\"widget\" data-widget_type=\"text-editor.default\">\n\t\t\t\t<div class=\"elementor-widget-container\">\n\t\t\t\t\t\t\t\t\t<ul><li><span style=\"font-family: 'Source Sans Pro';\">Siamo immersi nella Natura e contiamo con ampi spazi all\u2019aria libera.<\/span><\/li><li><span style=\"font-family: 'Source Sans Pro';\">Abbiamo disposto punti di igienizzazione per prenderci cura della salute dei visitatori.<\/span><\/li><\/ul>\t\t\t\t\t\t\t\t<\/div>\n\t\t\t\t<\/div>\n\t\t\t\t\t<\/div>\n\t\t<\/div>\n\t\t\t\t\t<\/div>\n\t\t<\/section>\n\t\t\t\t<section class=\"elementor-section elementor-top-section elementor-element elementor-element-a8c784a elementor-section-boxed elementor-section-height-default elementor-section-height-default\" data-id=\"a8c784a\" data-element_type=\"section\">\n\t\t\t\t\t\t<div class=\"elementor-container elementor-column-gap-default\">\n\t\t\t\t\t<div class=\"elementor-column elementor-col-50 elementor-top-column elementor-element elementor-element-c9c80dc\" data-id=\"c9c80dc\" data-element_type=\"column\">\n\t\t\t<div class=\"elementor-widget-wrap elementor-element-populated\">\n\t\t\t\t\t\t<div class=\"elementor-element elementor-element-52627af elementor-widget elementor-widget-image\" data-id=\"52627af\" data-element_type=\"widget\" data-widget_type=\"image.default\">\n\t\t\t\t<div class=\"elementor-widget-container\">\n\t\t\t\t\t\t\t\t\t\t\t\t\t\t\t<img decoding=\"async\" width=\"1000\" height=\"563\" src=\"https:\/\/terracelodge.com\/wp-content\/uploads\/2020\/09\/ALTOS-ESTANDARES-DE-HIGIENE-2.jpg\" class=\"attachment-full size-full wp-image-3363\" alt=\"\" srcset=\"https:\/\/terracelodge.com\/wp-content\/uploads\/2020\/09\/ALTOS-ESTANDARES-DE-HIGIENE-2.jpg 1000w, https:\/\/terracelodge.com\/wp-content\/uploads\/2020\/09\/ALTOS-ESTANDARES-DE-HIGIENE-2-300x169.jpg 300w, https:\/\/terracelodge.com\/wp-content\/uploads\/2020\/09\/ALTOS-ESTANDARES-DE-HIGIENE-2-768x432.jpg 768w, https:\/\/terracelodge.com\/wp-content\/uploads\/2020\/09\/ALTOS-ESTANDARES-DE-HIGIENE-2-405x228.jpg 405w\" sizes=\"(max-width: 1000px) 100vw, 1000px\" \/>\t\t\t\t\t\t\t\t\t\t\t\t\t\t\t<\/div>\n\t\t\t\t<\/div>\n\t\t\t\t<div class=\"elementor-element elementor-element-80b88a8 elementor-widget elementor-widget-heading\" data-id=\"80b88a8\" data-element_type=\"widget\" data-widget_type=\"heading.default\">\n\t\t\t\t<div class=\"elementor-widget-container\">\n\t\t\t\t\t<h2 class=\"elementor-heading-title elementor-size-default\">Alti Standard di igiene<\/h2>\t\t\t\t<\/div>\n\t\t\t\t<\/div>\n\t\t\t\t<div class=\"elementor-element elementor-element-d0387ad elementor-widget elementor-widget-text-editor\" data-id=\"d0387ad\" data-element_type=\"widget\" data-widget_type=\"text-editor.default\">\n\t\t\t\t<div class=\"elementor-widget-container\">\n\t\t\t\t\t\t\t\t\t<ul><li><span style=\"font-family: 'Source Sans Pro';\">In tutti i nostri spazi rispettiamo protocolli di pulizia per favorire la prevenzione dal COVID-19.<\/span><\/li><li><span style=\"font-family: 'Source Sans Pro';\">I nostri punti di incontro e le zone comuni vengono igienizzati costantemente.<\/span><\/li><\/ul>\t\t\t\t\t\t\t\t<\/div>\n\t\t\t\t<\/div>\n\t\t\t\t\t<\/div>\n\t\t<\/div>\n\t\t\t\t<div class=\"elementor-column elementor-col-50 elementor-top-column elementor-element elementor-element-78ffd9b\" data-id=\"78ffd9b\" data-element_type=\"column\">\n\t\t\t<div class=\"elementor-widget-wrap elementor-element-populated\">\n\t\t\t\t\t\t<div class=\"elementor-element elementor-element-dcbd4e9 elementor-widget elementor-widget-image\" data-id=\"dcbd4e9\" data-element_type=\"widget\" data-widget_type=\"image.default\">\n\t\t\t\t<div class=\"elementor-widget-container\">\n\t\t\t\t\t\t\t\t\t\t\t\t\t\t\t<img loading=\"lazy\" decoding=\"async\" width=\"1000\" height=\"563\" src=\"https:\/\/terracelodge.com\/wp-content\/uploads\/2020\/09\/EXPERIENCIAS-PRIVADAS-Y-PERSONALIZADAS-2.jpg\" class=\"attachment-full size-full wp-image-3361\" alt=\"\" srcset=\"https:\/\/terracelodge.com\/wp-content\/uploads\/2020\/09\/EXPERIENCIAS-PRIVADAS-Y-PERSONALIZADAS-2.jpg 1000w, https:\/\/terracelodge.com\/wp-content\/uploads\/2020\/09\/EXPERIENCIAS-PRIVADAS-Y-PERSONALIZADAS-2-300x169.jpg 300w, https:\/\/terracelodge.com\/wp-content\/uploads\/2020\/09\/EXPERIENCIAS-PRIVADAS-Y-PERSONALIZADAS-2-768x432.jpg 768w, https:\/\/terracelodge.com\/wp-content\/uploads\/2020\/09\/EXPERIENCIAS-PRIVADAS-Y-PERSONALIZADAS-2-405x228.jpg 405w\" sizes=\"(max-width: 1000px) 100vw, 1000px\" \/>\t\t\t\t\t\t\t\t\t\t\t\t\t\t\t<\/div>\n\t\t\t\t<\/div>\n\t\t\t\t<div class=\"elementor-element elementor-element-3bd012b elementor-widget elementor-widget-heading\" data-id=\"3bd012b\" data-element_type=\"widget\" data-widget_type=\"heading.default\">\n\t\t\t\t<div class=\"elementor-widget-container\">\n\t\t\t\t\t<h2 class=\"elementor-heading-title elementor-size-default\">Esperienze Private e Personalizzate<\/h2>\t\t\t\t<\/div>\n\t\t\t\t<\/div>\n\t\t\t\t<div class=\"elementor-element elementor-element-7bb5812 elementor-widget elementor-widget-text-editor\" data-id=\"7bb5812\" data-element_type=\"widget\" data-widget_type=\"text-editor.default\">\n\t\t\t\t<div class=\"elementor-widget-container\">\n\t\t\t\t\t\t\t\t\t<div class=\"elementor-element elementor-element-2a19b4f elementor-widget elementor-widget-text-editor\" data-id=\"2a19b4f\" data-element_type=\"widget\" data-widget_type=\"text-editor.default\"><div class=\"elementor-widget-container\"><div class=\"elementor-text-editor elementor-clearfix\"><ul><li><span style=\"font-family: 'Source Sans Pro';\">Manteniamo una comunicazione costante con i nostri passeggeri e ospiti.<\/span><\/li><li><span style=\"font-family: 'Source Sans Pro';\">Abbiamo personalizzato ancor di pi\u00f9 l\u2019offerta dei nostri servizi al fine di aumentare la sicurezza.<\/span><\/li><li><span style=\"font-family: 'Source Sans Pro';\">Offriamo escursioni private.<\/span><\/li><\/ul><\/div><\/div><\/div>\t\t\t\t\t\t\t\t<\/div>\n\t\t\t\t<\/div>\n\t\t\t\t\t<\/div>\n\t\t<\/div>\n\t\t\t\t\t<\/div>\n\t\t<\/section>\n\t\t\t\t<section class=\"elementor-section elementor-top-section elementor-element elementor-element-eccad61 elementor-section-boxed elementor-section-height-default elementor-section-height-default\" data-id=\"eccad61\" data-element_type=\"section\">\n\t\t\t\t\t\t<div class=\"elementor-container elementor-column-gap-default\">\n\t\t\t\t\t<div class=\"elementor-column elementor-col-50 elementor-top-column elementor-element elementor-element-fb214cf\" data-id=\"fb214cf\" data-element_type=\"column\">\n\t\t\t<div class=\"elementor-widget-wrap elementor-element-populated\">\n\t\t\t\t\t\t<div class=\"elementor-element elementor-element-aa2d89e elementor-widget elementor-widget-image\" data-id=\"aa2d89e\" data-element_type=\"widget\" data-widget_type=\"image.default\">\n\t\t\t\t<div class=\"elementor-widget-container\">\n\t\t\t\t\t\t\t\t\t\t\t\t\t\t\t<img decoding=\"async\" src=\"https:\/\/terracelodge.com\/wp-content\/uploads\/elementor\/thumbs\/sello-confianza-e1602824962668-ppxetzi93xmspaw4to41bm7qqzk32ry32qrhck3ye6.png\" title=\"Compromiso COVID-19 Hotel Terrace Lodge Putre Chile\" alt=\"Compromiso COVID-19 Hotel Terrace Lodge Putre Chile\" loading=\"lazy\" \/>\t\t\t\t\t\t\t\t\t\t\t\t\t\t\t<\/div>\n\t\t\t\t<\/div>\n\t\t\t\t<div class=\"elementor-element elementor-element-b183ecf elementor-align-center elementor-widget elementor-widget-button\" data-id=\"b183ecf\" data-element_type=\"widget\" data-widget_type=\"button.default\">\n\t\t\t\t<div class=\"elementor-widget-container\">\n\t\t\t\t\t\t\t\t\t<div class=\"elementor-button-wrapper\">\n\t\t\t\t\t<a class=\"elementor-button elementor-button-link elementor-size-sm\" href=\"https:\/\/terracelodge.com\/wp-content\/uploads\/2020\/09\/PROTOCOLO-TERRACE-LODGE-Version-descargable.pdf\" target=\"_blank\">\n\t\t\t\t\t\t<span class=\"elementor-button-content-wrapper\">\n\t\t\t\t\t\t\t\t\t<span class=\"elementor-button-text\">Gu\u00eda de Seguridad Terrace Lodge<\/span>\n\t\t\t\t\t<\/span>\n\t\t\t\t\t<\/a>\n\t\t\t\t<\/div>\n\t\t\t\t\t\t\t\t<\/div>\n\t\t\t\t<\/div>\n\t\t\t\t\t<\/div>\n\t\t<\/div>\n\t\t\t\t<div class=\"elementor-column elementor-col-50 elementor-top-column elementor-element elementor-element-f9146f5\" data-id=\"f9146f5\" data-element_type=\"column\">\n\t\t\t<div class=\"elementor-widget-wrap elementor-element-populated\">\n\t\t\t\t\t\t<div class=\"elementor-element elementor-element-d8b3b30 elementor-widget elementor-widget-image\" data-id=\"d8b3b30\" data-element_type=\"widget\" data-widget_type=\"image.default\">\n\t\t\t\t<div class=\"elementor-widget-container\">\n\t\t\t\t\t\t\t\t\t\t\t\t\t\t\t<img decoding=\"async\" src=\"https:\/\/terracelodge.com\/wp-content\/uploads\/elementor\/thumbs\/Sello-Sernatur-e1602824741420-ppxex4avw1x7eicaj0v9mtr21844qgdvi91qxrgpni.png\" title=\"Terrace Lodge Putre Chile Servicio Tur\u00edstico Registrado &#8211; SERNATUR\" alt=\"Terrace Lodge Putre Chile Servicio Tur\u00edstico Registrado - SERNATUR\" loading=\"lazy\" \/>\t\t\t\t\t\t\t\t\t\t\t\t\t\t\t<\/div>\n\t\t\t\t<\/div>\n\t\t\t\t<div class=\"elementor-element elementor-element-79be931 elementor-align-center elementor-widget elementor-widget-button\" data-id=\"79be931\" data-element_type=\"widget\" data-widget_type=\"button.default\">\n\t\t\t\t<div class=\"elementor-widget-container\">\n\t\t\t\t\t\t\t\t\t<div class=\"elementor-button-wrapper\">\n\t\t\t\t\t<a class=\"elementor-button elementor-button-link elementor-size-sm\" href=\"https:\/\/terracelodge.com\/wp-content\/uploads\/2020\/09\/Protocolo-SERNATUR.pdf\" target=\"_blank\">\n\t\t\t\t\t\t<span class=\"elementor-button-content-wrapper\">\n\t\t\t\t\t\t\t\t\t<span class=\"elementor-button-text\">Protocolo Alojamientos SERNATUR<\/span>\n\t\t\t\t\t<\/span>\n\t\t\t\t\t<\/a>\n\t\t\t\t<\/div>\n\t\t\t\t\t\t\t\t<\/div>\n\t\t\t\t<\/div>\n\t\t\t\t\t<\/div>\n\t\t<\/div>\n\t\t\t\t\t<\/div>\n\t\t<\/section>\n\t\t\t\t<\/div>\n\t\t","protected":false},"excerpt":{"rendered":"<p>Ci prepariamo per assisterti, perch\u00e9 presto ci rincontreremo Sicurezza e benessere dei nostri ospiti e collaboratori sono sempre stati la priorit\u00e0 di Terrace Lodge, e oggi pi\u00f9 che mai vogliamo che chi ci visita si senta felice, tranquillo e sicuro considerando che continueremo ad offrire un servizio con la qualit\u00e0 e la passione di sempre. [&hellip;]<\/p>\n","protected":false},"author":1,"featured_media":0,"parent":0,"menu_order":0,"comment_status":"closed","ping_status":"closed","template":"elementor_header_footer","meta":{"_joinchat":[],"footnotes":""},"class_list":["post-2564","page","type-page","status-publish","hentry"],"yoast_head":"<!-- This site is optimized with the Yoast SEO plugin v26.9 - https:\/\/yoast.com\/product\/yoast-seo-wordpress\/ -->\n<title>COVID-19 | Terrace Lodge<\/title>\n<meta name=\"robots\" content=\"index, follow, max-snippet:-1, max-image-preview:large, max-video-preview:-1\" \/>\n<link rel=\"canonical\" href=\"https:\/\/terracelodge.com\/it\/covid-19\/\" \/>\n<meta property=\"og:locale\" content=\"it_IT\" \/>\n<meta property=\"og:type\" content=\"article\" \/>\n<meta property=\"og:title\" content=\"COVID-19 | Terrace Lodge\" \/>\n<meta property=\"og:description\" content=\"Ci prepariamo per assisterti, perch\u00e9 presto ci rincontreremo Sicurezza e benessere dei nostri ospiti e collaboratori sono sempre stati la priorit\u00e0 di Terrace Lodge, e oggi pi\u00f9 che mai vogliamo che chi ci visita si senta felice, tranquillo e sicuro considerando che continueremo ad offrire un servizio con la qualit\u00e0 e la passione di sempre. [&hellip;]\" \/>\n<meta property=\"og:url\" content=\"https:\/\/terracelodge.com\/it\/covid-19\/\" \/>\n<meta property=\"og:site_name\" content=\"Terrace Lodge\" \/>\n<meta property=\"article:publisher\" content=\"https:\/\/www.facebook.com\/terracelodgeputre\/\" \/>\n<meta property=\"article:modified_time\" content=\"2020-10-12T21:02:09+00:00\" \/>\n<meta property=\"og:image\" content=\"https:\/\/terracelodge.com\/wp-content\/uploads\/2020\/09\/PERSONAL-PROTEGIDO-Y-CAPACITADO-2.jpg\" \/>\n<meta name=\"twitter:card\" content=\"summary_large_image\" \/>\n<meta name=\"twitter:label1\" content=\"Tempo di lettura stimato\" \/>\n\t<meta name=\"twitter:data1\" content=\"1 minuto\" \/>\n<script type=\"application\/ld+json\" class=\"yoast-schema-graph\">{\"@context\":\"https:\/\/schema.org\",\"@graph\":[{\"@type\":\"WebPage\",\"@id\":\"https:\/\/terracelodge.com\/it\/covid-19\/\",\"url\":\"https:\/\/terracelodge.com\/it\/covid-19\/\",\"name\":\"COVID-19 | Terrace Lodge\",\"isPartOf\":{\"@id\":\"https:\/\/terracelodge.com\/it\/#website\"},\"primaryImageOfPage\":{\"@id\":\"https:\/\/terracelodge.com\/it\/covid-19\/#primaryimage\"},\"image\":{\"@id\":\"https:\/\/terracelodge.com\/it\/covid-19\/#primaryimage\"},\"thumbnailUrl\":\"https:\/\/terracelodge.com\/wp-content\/uploads\/2020\/09\/PERSONAL-PROTEGIDO-Y-CAPACITADO-2.jpg\",\"datePublished\":\"2020-09-01T21:46:15+00:00\",\"dateModified\":\"2020-10-12T21:02:09+00:00\",\"breadcrumb\":{\"@id\":\"https:\/\/terracelodge.com\/it\/covid-19\/#breadcrumb\"},\"inLanguage\":\"it-IT\",\"potentialAction\":[{\"@type\":\"ReadAction\",\"target\":[\"https:\/\/terracelodge.com\/it\/covid-19\/\"]}]},{\"@type\":\"ImageObject\",\"inLanguage\":\"it-IT\",\"@id\":\"https:\/\/terracelodge.com\/it\/covid-19\/#primaryimage\",\"url\":\"https:\/\/terracelodge.com\/wp-content\/uploads\/2020\/09\/PERSONAL-PROTEGIDO-Y-CAPACITADO-2.jpg\",\"contentUrl\":\"https:\/\/terracelodge.com\/wp-content\/uploads\/2020\/09\/PERSONAL-PROTEGIDO-Y-CAPACITADO-2.jpg\"},{\"@type\":\"BreadcrumbList\",\"@id\":\"https:\/\/terracelodge.com\/it\/covid-19\/#breadcrumb\",\"itemListElement\":[{\"@type\":\"ListItem\",\"position\":1,\"name\":\"Portada\",\"item\":\"https:\/\/terracelodge.com\/it\/\"},{\"@type\":\"ListItem\",\"position\":2,\"name\":\"COVID-19\"}]},{\"@type\":\"WebSite\",\"@id\":\"https:\/\/terracelodge.com\/it\/#website\",\"url\":\"https:\/\/terracelodge.com\/it\/\",\"name\":\"Terrace Lodge\",\"description\":\"Hotel Putre\",\"publisher\":{\"@id\":\"https:\/\/terracelodge.com\/it\/#organization\"},\"potentialAction\":[{\"@type\":\"SearchAction\",\"target\":{\"@type\":\"EntryPoint\",\"urlTemplate\":\"https:\/\/terracelodge.com\/it\/?s={search_term_string}\"},\"query-input\":{\"@type\":\"PropertyValueSpecification\",\"valueRequired\":true,\"valueName\":\"search_term_string\"}}],\"inLanguage\":\"it-IT\"},{\"@type\":\"Organization\",\"@id\":\"https:\/\/terracelodge.com\/it\/#organization\",\"name\":\"Terrace Lodge\",\"url\":\"https:\/\/terracelodge.com\/it\/\",\"logo\":{\"@type\":\"ImageObject\",\"inLanguage\":\"it-IT\",\"@id\":\"https:\/\/terracelodge.com\/it\/#\/schema\/logo\/image\/\",\"url\":\"https:\/\/terracelodge.com\/wp-content\/uploads\/2020\/09\/cropped-logo-terrace-1.png\",\"contentUrl\":\"https:\/\/terracelodge.com\/wp-content\/uploads\/2020\/09\/cropped-logo-terrace-1.png\",\"width\":221,\"height\":50,\"caption\":\"Terrace Lodge\"},\"image\":{\"@id\":\"https:\/\/terracelodge.com\/it\/#\/schema\/logo\/image\/\"},\"sameAs\":[\"https:\/\/www.facebook.com\/terracelodgeputre\/\",\"https:\/\/www.instagram.com\/terracelodgeputre\/\",\"https:\/\/www.youtube.com\/channel\/UC2B3fyd0obC0sPFAQIfJI_A\"]}]}<\/script>\n<!-- \/ Yoast SEO plugin. -->","yoast_head_json":{"title":"COVID-19 | Terrace Lodge","robots":{"index":"index","follow":"follow","max-snippet":"max-snippet:-1","max-image-preview":"max-image-preview:large","max-video-preview":"max-video-preview:-1"},"canonical":"https:\/\/terracelodge.com\/it\/covid-19\/","og_locale":"it_IT","og_type":"article","og_title":"COVID-19 | Terrace Lodge","og_description":"Ci prepariamo per assisterti, perch\u00e9 presto ci rincontreremo Sicurezza e benessere dei nostri ospiti e collaboratori sono sempre stati la priorit\u00e0 di Terrace Lodge, e oggi pi\u00f9 che mai vogliamo che chi ci visita si senta felice, tranquillo e sicuro considerando che continueremo ad offrire un servizio con la qualit\u00e0 e la passione di sempre. [&hellip;]","og_url":"https:\/\/terracelodge.com\/it\/covid-19\/","og_site_name":"Terrace Lodge","article_publisher":"https:\/\/www.facebook.com\/terracelodgeputre\/","article_modified_time":"2020-10-12T21:02:09+00:00","og_image":[{"url":"https:\/\/terracelodge.com\/wp-content\/uploads\/2020\/09\/PERSONAL-PROTEGIDO-Y-CAPACITADO-2.jpg","type":"","width":"","height":""}],"twitter_card":"summary_large_image","twitter_misc":{"Tempo di lettura stimato":"1 minuto"},"schema":{"@context":"https:\/\/schema.org","@graph":[{"@type":"WebPage","@id":"https:\/\/terracelodge.com\/it\/covid-19\/","url":"https:\/\/terracelodge.com\/it\/covid-19\/","name":"COVID-19 | Terrace Lodge","isPartOf":{"@id":"https:\/\/terracelodge.com\/it\/#website"},"primaryImageOfPage":{"@id":"https:\/\/terracelodge.com\/it\/covid-19\/#primaryimage"},"image":{"@id":"https:\/\/terracelodge.com\/it\/covid-19\/#primaryimage"},"thumbnailUrl":"https:\/\/terracelodge.com\/wp-content\/uploads\/2020\/09\/PERSONAL-PROTEGIDO-Y-CAPACITADO-2.jpg","datePublished":"2020-09-01T21:46:15+00:00","dateModified":"2020-10-12T21:02:09+00:00","breadcrumb":{"@id":"https:\/\/terracelodge.com\/it\/covid-19\/#breadcrumb"},"inLanguage":"it-IT","potentialAction":[{"@type":"ReadAction","target":["https:\/\/terracelodge.com\/it\/covid-19\/"]}]},{"@type":"ImageObject","inLanguage":"it-IT","@id":"https:\/\/terracelodge.com\/it\/covid-19\/#primaryimage","url":"https:\/\/terracelodge.com\/wp-content\/uploads\/2020\/09\/PERSONAL-PROTEGIDO-Y-CAPACITADO-2.jpg","contentUrl":"https:\/\/terracelodge.com\/wp-content\/uploads\/2020\/09\/PERSONAL-PROTEGIDO-Y-CAPACITADO-2.jpg"},{"@type":"BreadcrumbList","@id":"https:\/\/terracelodge.com\/it\/covid-19\/#breadcrumb","itemListElement":[{"@type":"ListItem","position":1,"name":"Portada","item":"https:\/\/terracelodge.com\/it\/"},{"@type":"ListItem","position":2,"name":"COVID-19"}]},{"@type":"WebSite","@id":"https:\/\/terracelodge.com\/it\/#website","url":"https:\/\/terracelodge.com\/it\/","name":"Terrace Lodge","description":"Hotel Putre","publisher":{"@id":"https:\/\/terracelodge.com\/it\/#organization"},"potentialAction":[{"@type":"SearchAction","target":{"@type":"EntryPoint","urlTemplate":"https:\/\/terracelodge.com\/it\/?s={search_term_string}"},"query-input":{"@type":"PropertyValueSpecification","valueRequired":true,"valueName":"search_term_string"}}],"inLanguage":"it-IT"},{"@type":"Organization","@id":"https:\/\/terracelodge.com\/it\/#organization","name":"Terrace Lodge","url":"https:\/\/terracelodge.com\/it\/","logo":{"@type":"ImageObject","inLanguage":"it-IT","@id":"https:\/\/terracelodge.com\/it\/#\/schema\/logo\/image\/","url":"https:\/\/terracelodge.com\/wp-content\/uploads\/2020\/09\/cropped-logo-terrace-1.png","contentUrl":"https:\/\/terracelodge.com\/wp-content\/uploads\/2020\/09\/cropped-logo-terrace-1.png","width":221,"height":50,"caption":"Terrace Lodge"},"image":{"@id":"https:\/\/terracelodge.com\/it\/#\/schema\/logo\/image\/"},"sameAs":["https:\/\/www.facebook.com\/terracelodgeputre\/","https:\/\/www.instagram.com\/terracelodgeputre\/","https:\/\/www.youtube.com\/channel\/UC2B3fyd0obC0sPFAQIfJI_A"]}]}},"_links":{"self":[{"href":"https:\/\/terracelodge.com\/it\/wp-json\/wp\/v2\/pages\/2564","targetHints":{"allow":["GET"]}}],"collection":[{"href":"https:\/\/terracelodge.com\/it\/wp-json\/wp\/v2\/pages"}],"about":[{"href":"https:\/\/terracelodge.com\/it\/wp-json\/wp\/v2\/types\/page"}],"author":[{"embeddable":true,"href":"https:\/\/terracelodge.com\/it\/wp-json\/wp\/v2\/users\/1"}],"replies":[{"embeddable":true,"href":"https:\/\/terracelodge.com\/it\/wp-json\/wp\/v2\/comments?post=2564"}],"version-history":[{"count":7,"href":"https:\/\/terracelodge.com\/it\/wp-json\/wp\/v2\/pages\/2564\/revisions"}],"predecessor-version":[{"id":3389,"href":"https:\/\/terracelodge.com\/it\/wp-json\/wp\/v2\/pages\/2564\/revisions\/3389"}],"wp:attachment":[{"href":"https:\/\/terracelodge.com\/it\/wp-json\/wp\/v2\/media?parent=2564"}],"curies":[{"name":"wp","href":"https:\/\/api.w.org\/{rel}","templated":true}]}}