{"id":2897,"date":"2020-09-17T20:41:31","date_gmt":"2020-09-17T20:41:31","guid":{"rendered":"https:\/\/terracelodge.com\/how-to-get-there\/"},"modified":"2021-12-29T20:29:30","modified_gmt":"2021-12-29T23:29:30","slug":"come-raggiungerci","status":"publish","type":"page","link":"https:\/\/terracelodge.com\/it\/come-raggiungerci\/","title":{"rendered":"Come Raggiungerci"},"content":{"rendered":"\t\t<div data-elementor-type=\"wp-page\" data-elementor-id=\"2897\" class=\"elementor elementor-2897 elementor-1813\">\n\t\t\t\t\t\t<section class=\"elementor-section elementor-top-section elementor-element elementor-element-336a7f2 elementor-section-boxed elementor-section-height-default elementor-section-height-default\" data-id=\"336a7f2\" data-element_type=\"section\">\n\t\t\t\t\t\t<div class=\"elementor-container elementor-column-gap-default\">\n\t\t\t\t\t<div class=\"elementor-column elementor-col-100 elementor-top-column elementor-element elementor-element-4d1f882\" data-id=\"4d1f882\" data-element_type=\"column\">\n\t\t\t<div class=\"elementor-widget-wrap elementor-element-populated\">\n\t\t\t\t\t\t<div class=\"elementor-element elementor-element-67cda99 elementor-widget elementor-widget-heading\" data-id=\"67cda99\" data-element_type=\"widget\" data-widget_type=\"heading.default\">\n\t\t\t\t<div class=\"elementor-widget-container\">\n\t\t\t\t\t<h4 class=\"elementor-heading-title elementor-size-default\">In Auto (Arica \u2013 Putre)<\/h4>\t\t\t\t<\/div>\n\t\t\t\t<\/div>\n\t\t\t\t<div class=\"elementor-element elementor-element-442d551 elementor-widget elementor-widget-text-editor\" data-id=\"442d551\" data-element_type=\"widget\" data-widget_type=\"text-editor.default\">\n\t\t\t\t<div class=\"elementor-widget-container\">\n\t\t\t\t\t\t\t\t\t<p class=\"western\" lang=\"es-CL\"><span lang=\"it-IT\">I circa 130 km da Arica si percorrono in due ore circa.<\/span><\/p>\t\t\t\t\t\t\t\t<\/div>\n\t\t\t\t<\/div>\n\t\t\t\t<div class=\"elementor-element elementor-element-a1a34fd elementor-widget elementor-widget-heading\" data-id=\"a1a34fd\" data-element_type=\"widget\" data-widget_type=\"heading.default\">\n\t\t\t\t<div class=\"elementor-widget-container\">\n\t\t\t\t\t<h4 class=\"elementor-heading-title elementor-size-default\">In Bus (Arica \u2013 Putre)<\/h4>\t\t\t\t<\/div>\n\t\t\t\t<\/div>\n\t\t\t\t<div class=\"elementor-element elementor-element-ce24f0a elementor-widget elementor-widget-text-editor\" data-id=\"ce24f0a\" data-element_type=\"widget\" data-widget_type=\"text-editor.default\">\n\t\t\t\t<div class=\"elementor-widget-container\">\n\t\t\t\t\t\t\t\t\t<p class=\"western\" lang=\"es-CL\"><span lang=\"it-IT\">Due compagnie operano tra Arica e Putre: \u201cTransportes La Paloma\u201d, parte ogni giorno alle 7 a.m. ed arriva a Putre alle 10 a.m. <br \/>\u201cTransportes Gutierrez\u201d, parte alle ore 06:30 ogni luned\u00ec, mercoled\u00ec e venerd\u00ec.<br \/>I bus diretti a La Paz si fermano ad \u201cAlto Putre\u201d (bivio a 5 km da Putre e Terrace Lodge). Possiamo organizzare un servizio taxi, a pagamento, solo se se siamo disponibili e veniamo avvisati in tempo. Questo servizio deve essere prenotato alcuni giorni prima. <\/span><\/p>\t\t\t\t\t\t\t\t<\/div>\n\t\t\t\t<\/div>\n\t\t\t\t<div class=\"elementor-element elementor-element-1f98516 elementor-widget elementor-widget-heading\" data-id=\"1f98516\" data-element_type=\"widget\" data-widget_type=\"heading.default\">\n\t\t\t\t<div class=\"elementor-widget-container\">\n\t\t\t\t\t<h4 class=\"elementor-heading-title elementor-size-default\">Con Terrace Lodge<\/h4>\t\t\t\t<\/div>\n\t\t\t\t<\/div>\n\t\t\t\t<div class=\"elementor-element elementor-element-0130350 elementor-widget elementor-widget-text-editor\" data-id=\"0130350\" data-element_type=\"widget\" data-widget_type=\"text-editor.default\">\n\t\t\t\t<div class=\"elementor-widget-container\">\n\t\t\t\t\t\t\t\t\t<p class=\"western\" lang=\"es-CL\"><span lang=\"it-IT\">Organizziamo trasferimenti personalizzabili tra Arica e Putre (e viceversa).<\/span><\/p>\t\t\t\t\t\t\t\t<\/div>\n\t\t\t\t<\/div>\n\t\t\t\t<div class=\"elementor-element elementor-element-2b2b535 elementor-widget elementor-widget-image\" data-id=\"2b2b535\" data-element_type=\"widget\" data-widget_type=\"image.default\">\n\t\t\t\t<div class=\"elementor-widget-container\">\n\t\t\t\t\t\t\t\t\t\t\t\t\t\t\t<img fetchpriority=\"high\" decoding=\"async\" width=\"768\" height=\"397\" src=\"https:\/\/terracelodge.com\/wp-content\/uploads\/2021\/12\/6.-Putre-1024x529.jpg\" class=\"attachment-large size-large wp-image-4695\" alt=\"How to get to the Putre Hotel Terrace Lodge | Terrace Lodge &amp; Tours, Putre, Arica y Parinacota, Chile\" srcset=\"https:\/\/terracelodge.com\/wp-content\/uploads\/2021\/12\/6.-Putre-1024x529.jpg 1024w, https:\/\/terracelodge.com\/wp-content\/uploads\/2021\/12\/6.-Putre-300x155.jpg 300w, https:\/\/terracelodge.com\/wp-content\/uploads\/2021\/12\/6.-Putre-768x397.jpg 768w, https:\/\/terracelodge.com\/wp-content\/uploads\/2021\/12\/6.-Putre.jpg 1440w\" sizes=\"(max-width: 768px) 100vw, 768px\" \/>\t\t\t\t\t\t\t\t\t\t\t\t\t\t\t<\/div>\n\t\t\t\t<\/div>\n\t\t\t\t\t<\/div>\n\t\t<\/div>\n\t\t\t\t\t<\/div>\n\t\t<\/section>\n\t\t\t\t<\/div>\n\t\t","protected":false},"excerpt":{"rendered":"<p>In Auto (Arica \u2013 Putre) I circa 130 km da Arica si percorrono in due ore circa. In Bus (Arica \u2013 Putre) Due compagnie operano tra Arica e Putre: \u201cTransportes La Paloma\u201d, parte ogni giorno alle 7 a.m. ed arriva a Putre alle 10 a.m. \u201cTransportes Gutierrez\u201d, parte alle ore 06:30 ogni luned\u00ec, mercoled\u00ec e [&hellip;]<\/p>\n","protected":false},"author":1,"featured_media":0,"parent":0,"menu_order":0,"comment_status":"closed","ping_status":"closed","template":"","meta":{"_joinchat":[],"footnotes":""},"class_list":["post-2897","page","type-page","status-publish","hentry"],"yoast_head":"<!-- This site is optimized with the Yoast SEO plugin v26.9 - https:\/\/yoast.com\/product\/yoast-seo-wordpress\/ -->\n<title>Come Raggiungerci | Terrace Lodge<\/title>\n<meta name=\"description\" content=\"Organizziamo trasferimenti personalizzabili tra Arica e Putre (e viceversa).\" \/>\n<meta name=\"robots\" content=\"index, follow, max-snippet:-1, max-image-preview:large, max-video-preview:-1\" \/>\n<link rel=\"canonical\" href=\"https:\/\/terracelodge.com\/it\/come-raggiungerci\/\" \/>\n<meta property=\"og:locale\" content=\"it_IT\" \/>\n<meta property=\"og:type\" content=\"article\" \/>\n<meta property=\"og:title\" content=\"Come Raggiungerci | Terrace Lodge\" \/>\n<meta property=\"og:description\" content=\"Organizziamo trasferimenti personalizzabili tra Arica e Putre (e viceversa).\" \/>\n<meta property=\"og:url\" content=\"https:\/\/terracelodge.com\/it\/come-raggiungerci\/\" \/>\n<meta property=\"og:site_name\" content=\"Terrace Lodge\" \/>\n<meta property=\"article:publisher\" content=\"https:\/\/www.facebook.com\/terracelodgeputre\/\" \/>\n<meta property=\"article:modified_time\" content=\"2021-12-29T23:29:30+00:00\" \/>\n<meta property=\"og:image\" content=\"https:\/\/terracelodge.com\/wp-content\/uploads\/2021\/12\/6.-Putre-1024x529.jpg\" \/>\n<meta name=\"twitter:card\" content=\"summary_large_image\" \/>\n<meta name=\"twitter:label1\" content=\"Tempo di lettura stimato\" \/>\n\t<meta name=\"twitter:data1\" content=\"1 minuto\" \/>\n<script type=\"application\/ld+json\" class=\"yoast-schema-graph\">{\"@context\":\"https:\/\/schema.org\",\"@graph\":[{\"@type\":\"WebPage\",\"@id\":\"https:\/\/terracelodge.com\/it\/come-raggiungerci\/\",\"url\":\"https:\/\/terracelodge.com\/it\/come-raggiungerci\/\",\"name\":\"Come Raggiungerci | Terrace Lodge\",\"isPartOf\":{\"@id\":\"https:\/\/terracelodge.com\/it\/#website\"},\"primaryImageOfPage\":{\"@id\":\"https:\/\/terracelodge.com\/it\/come-raggiungerci\/#primaryimage\"},\"image\":{\"@id\":\"https:\/\/terracelodge.com\/it\/come-raggiungerci\/#primaryimage\"},\"thumbnailUrl\":\"https:\/\/terracelodge.com\/wp-content\/uploads\/2021\/12\/6.-Putre-1024x529.jpg\",\"datePublished\":\"2020-09-17T20:41:31+00:00\",\"dateModified\":\"2021-12-29T23:29:30+00:00\",\"description\":\"Organizziamo trasferimenti personalizzabili tra Arica e Putre (e viceversa).\",\"breadcrumb\":{\"@id\":\"https:\/\/terracelodge.com\/it\/come-raggiungerci\/#breadcrumb\"},\"inLanguage\":\"it-IT\",\"potentialAction\":[{\"@type\":\"ReadAction\",\"target\":[\"https:\/\/terracelodge.com\/it\/come-raggiungerci\/\"]}]},{\"@type\":\"ImageObject\",\"inLanguage\":\"it-IT\",\"@id\":\"https:\/\/terracelodge.com\/it\/come-raggiungerci\/#primaryimage\",\"url\":\"https:\/\/terracelodge.com\/wp-content\/uploads\/2021\/12\/6.-Putre-1024x529.jpg\",\"contentUrl\":\"https:\/\/terracelodge.com\/wp-content\/uploads\/2021\/12\/6.-Putre-1024x529.jpg\"},{\"@type\":\"BreadcrumbList\",\"@id\":\"https:\/\/terracelodge.com\/it\/come-raggiungerci\/#breadcrumb\",\"itemListElement\":[{\"@type\":\"ListItem\",\"position\":1,\"name\":\"Portada\",\"item\":\"https:\/\/terracelodge.com\/it\/\"},{\"@type\":\"ListItem\",\"position\":2,\"name\":\"Come Raggiungerci\"}]},{\"@type\":\"WebSite\",\"@id\":\"https:\/\/terracelodge.com\/it\/#website\",\"url\":\"https:\/\/terracelodge.com\/it\/\",\"name\":\"Terrace Lodge\",\"description\":\"Hotel Putre\",\"publisher\":{\"@id\":\"https:\/\/terracelodge.com\/it\/#organization\"},\"potentialAction\":[{\"@type\":\"SearchAction\",\"target\":{\"@type\":\"EntryPoint\",\"urlTemplate\":\"https:\/\/terracelodge.com\/it\/?s={search_term_string}\"},\"query-input\":{\"@type\":\"PropertyValueSpecification\",\"valueRequired\":true,\"valueName\":\"search_term_string\"}}],\"inLanguage\":\"it-IT\"},{\"@type\":\"Organization\",\"@id\":\"https:\/\/terracelodge.com\/it\/#organization\",\"name\":\"Terrace Lodge\",\"url\":\"https:\/\/terracelodge.com\/it\/\",\"logo\":{\"@type\":\"ImageObject\",\"inLanguage\":\"it-IT\",\"@id\":\"https:\/\/terracelodge.com\/it\/#\/schema\/logo\/image\/\",\"url\":\"https:\/\/terracelodge.com\/wp-content\/uploads\/2020\/09\/cropped-logo-terrace-1.png\",\"contentUrl\":\"https:\/\/terracelodge.com\/wp-content\/uploads\/2020\/09\/cropped-logo-terrace-1.png\",\"width\":221,\"height\":50,\"caption\":\"Terrace Lodge\"},\"image\":{\"@id\":\"https:\/\/terracelodge.com\/it\/#\/schema\/logo\/image\/\"},\"sameAs\":[\"https:\/\/www.facebook.com\/terracelodgeputre\/\",\"https:\/\/www.instagram.com\/terracelodgeputre\/\",\"https:\/\/www.youtube.com\/channel\/UC2B3fyd0obC0sPFAQIfJI_A\"]}]}<\/script>\n<!-- \/ Yoast SEO plugin. -->","yoast_head_json":{"title":"Come Raggiungerci | Terrace Lodge","description":"Organizziamo trasferimenti personalizzabili tra Arica e Putre (e viceversa).","robots":{"index":"index","follow":"follow","max-snippet":"max-snippet:-1","max-image-preview":"max-image-preview:large","max-video-preview":"max-video-preview:-1"},"canonical":"https:\/\/terracelodge.com\/it\/come-raggiungerci\/","og_locale":"it_IT","og_type":"article","og_title":"Come Raggiungerci | Terrace Lodge","og_description":"Organizziamo trasferimenti personalizzabili tra Arica e Putre (e viceversa).","og_url":"https:\/\/terracelodge.com\/it\/come-raggiungerci\/","og_site_name":"Terrace Lodge","article_publisher":"https:\/\/www.facebook.com\/terracelodgeputre\/","article_modified_time":"2021-12-29T23:29:30+00:00","og_image":[{"url":"https:\/\/terracelodge.com\/wp-content\/uploads\/2021\/12\/6.-Putre-1024x529.jpg","type":"","width":"","height":""}],"twitter_card":"summary_large_image","twitter_misc":{"Tempo di lettura stimato":"1 minuto"},"schema":{"@context":"https:\/\/schema.org","@graph":[{"@type":"WebPage","@id":"https:\/\/terracelodge.com\/it\/come-raggiungerci\/","url":"https:\/\/terracelodge.com\/it\/come-raggiungerci\/","name":"Come Raggiungerci | Terrace Lodge","isPartOf":{"@id":"https:\/\/terracelodge.com\/it\/#website"},"primaryImageOfPage":{"@id":"https:\/\/terracelodge.com\/it\/come-raggiungerci\/#primaryimage"},"image":{"@id":"https:\/\/terracelodge.com\/it\/come-raggiungerci\/#primaryimage"},"thumbnailUrl":"https:\/\/terracelodge.com\/wp-content\/uploads\/2021\/12\/6.-Putre-1024x529.jpg","datePublished":"2020-09-17T20:41:31+00:00","dateModified":"2021-12-29T23:29:30+00:00","description":"Organizziamo trasferimenti personalizzabili tra Arica e Putre (e viceversa).","breadcrumb":{"@id":"https:\/\/terracelodge.com\/it\/come-raggiungerci\/#breadcrumb"},"inLanguage":"it-IT","potentialAction":[{"@type":"ReadAction","target":["https:\/\/terracelodge.com\/it\/come-raggiungerci\/"]}]},{"@type":"ImageObject","inLanguage":"it-IT","@id":"https:\/\/terracelodge.com\/it\/come-raggiungerci\/#primaryimage","url":"https:\/\/terracelodge.com\/wp-content\/uploads\/2021\/12\/6.-Putre-1024x529.jpg","contentUrl":"https:\/\/terracelodge.com\/wp-content\/uploads\/2021\/12\/6.-Putre-1024x529.jpg"},{"@type":"BreadcrumbList","@id":"https:\/\/terracelodge.com\/it\/come-raggiungerci\/#breadcrumb","itemListElement":[{"@type":"ListItem","position":1,"name":"Portada","item":"https:\/\/terracelodge.com\/it\/"},{"@type":"ListItem","position":2,"name":"Come Raggiungerci"}]},{"@type":"WebSite","@id":"https:\/\/terracelodge.com\/it\/#website","url":"https:\/\/terracelodge.com\/it\/","name":"Terrace Lodge","description":"Hotel Putre","publisher":{"@id":"https:\/\/terracelodge.com\/it\/#organization"},"potentialAction":[{"@type":"SearchAction","target":{"@type":"EntryPoint","urlTemplate":"https:\/\/terracelodge.com\/it\/?s={search_term_string}"},"query-input":{"@type":"PropertyValueSpecification","valueRequired":true,"valueName":"search_term_string"}}],"inLanguage":"it-IT"},{"@type":"Organization","@id":"https:\/\/terracelodge.com\/it\/#organization","name":"Terrace Lodge","url":"https:\/\/terracelodge.com\/it\/","logo":{"@type":"ImageObject","inLanguage":"it-IT","@id":"https:\/\/terracelodge.com\/it\/#\/schema\/logo\/image\/","url":"https:\/\/terracelodge.com\/wp-content\/uploads\/2020\/09\/cropped-logo-terrace-1.png","contentUrl":"https:\/\/terracelodge.com\/wp-content\/uploads\/2020\/09\/cropped-logo-terrace-1.png","width":221,"height":50,"caption":"Terrace Lodge"},"image":{"@id":"https:\/\/terracelodge.com\/it\/#\/schema\/logo\/image\/"},"sameAs":["https:\/\/www.facebook.com\/terracelodgeputre\/","https:\/\/www.instagram.com\/terracelodgeputre\/","https:\/\/www.youtube.com\/channel\/UC2B3fyd0obC0sPFAQIfJI_A"]}]}},"_links":{"self":[{"href":"https:\/\/terracelodge.com\/it\/wp-json\/wp\/v2\/pages\/2897","targetHints":{"allow":["GET"]}}],"collection":[{"href":"https:\/\/terracelodge.com\/it\/wp-json\/wp\/v2\/pages"}],"about":[{"href":"https:\/\/terracelodge.com\/it\/wp-json\/wp\/v2\/types\/page"}],"author":[{"embeddable":true,"href":"https:\/\/terracelodge.com\/it\/wp-json\/wp\/v2\/users\/1"}],"replies":[{"embeddable":true,"href":"https:\/\/terracelodge.com\/it\/wp-json\/wp\/v2\/comments?post=2897"}],"version-history":[{"count":5,"href":"https:\/\/terracelodge.com\/it\/wp-json\/wp\/v2\/pages\/2897\/revisions"}],"predecessor-version":[{"id":4844,"href":"https:\/\/terracelodge.com\/it\/wp-json\/wp\/v2\/pages\/2897\/revisions\/4844"}],"wp:attachment":[{"href":"https:\/\/terracelodge.com\/it\/wp-json\/wp\/v2\/media?parent=2897"}],"curies":[{"name":"wp","href":"https:\/\/api.w.org\/{rel}","templated":true}]}}